{"id":784,"date":"2015-07-25T14:10:25","date_gmt":"2015-07-25T11:10:25","guid":{"rendered":"http:\/\/www.kamu-bib.org.tr\/kamubib-17\/?page_id=784"},"modified":"2015-07-27T19:47:47","modified_gmt":"2015-07-27T16:47:47","slug":"tbd-kamu-bib-hakkinda","status":"publish","type":"page","link":"http:\/\/www.kamu-bib.org.tr\/kamubib-17\/tbd-kamu-bib-hakkinda\/","title":{"rendered":"TBD Kamu-B\u0130B Hakk\u0131nda"},"content":{"rendered":"<p>Bili\u015fim teknik bilimini ulusal kalk\u0131nma arac\u0131 olarak \u00f6ng\u00f6r\u00fcp 44 y\u0131ld\u0131r kamu yarar\u0131na \u00e7al\u0131\u015fmalar yapmakta olan T\u00fcrkiye Bili\u015fim Derne\u011fi (TBD), kurulu\u015fundan bug\u00fcne kadar kamu kurum ve kurulu\u015flar\u0131nda \u00e7al\u0131\u015fmakta olan bili\u015fimcilerin gerek bireysel, gerekse kurumsal ve toplumsal sorunlar\u0131 ele almak i\u00e7in bulu\u015ftuklar\u0131; \u00fcr\u00fcn ve hizmet sa\u011flay\u0131c\u0131 firmalar ile bu sorunlar\u0131 payla\u015ft\u0131klar\u0131, akademisyenlerin de katk\u0131lar\u0131n\u0131 sunabildi\u011fi, \u00e7\u00f6z\u00fcm odakl\u0131 karma bir platform olmu\u015ftur.<\/p>\n<p>\u00dcye say\u0131s\u0131n\u0131n bir elin parmaklar\u0131n\u0131 ge\u00e7medi\u011fi d\u00f6nemlerde bile \u00e7e\u015fitli adlarla kurulan komisyon ve \u00e7al\u0131\u015fma gruplar\u0131nda bili\u015fimcilerin mesleki sorunlar\u0131na kal\u0131c\u0131 \u00e7\u00f6z\u00fcmler aranm\u0131\u015ft\u0131r. Bu aray\u0131\u015flar\u0131n daha organize, daha kal\u0131c\u0131 ve daha somut \u00e7\u00f6z\u00fcmlerle ses getirmesi i\u00e7in 1996 y\u0131l\u0131nda TBD Kamu Bili\u015fim Merkezleri Y\u00f6neticileri Birli\u011fi (TBD Kamu-B\u0130B) olarak yeniden yap\u0131lanan \u00e7al\u0131\u015fma grubumuz, 1999 y\u0131l\u0131ndan beri \u201cVerimlilik Toplant\u0131lar\u0131\/Kamu Bili\u015fim Platformu\u201d d\u00fczenleyerek, d\u00fcnyada bir \u00f6rne\u011fi olmayan, g\u00f6n\u00fcll\u00fclerinin \u00e7al\u0131\u015fma d\u00f6nemi boyunca katk\u0131 ve kat\u0131l\u0131mlar\u0131yla haz\u0131rlamakta oldu\u011fu raporlar\u0131 kamuoyu ile payla\u015fmaktad\u0131r<\/p>\n<p>Bu y\u0131lki TBD Kamu-B\u0130B Kamu Bili\u015fim Platformu etkinli\u011fimiz KKTC\u2019de ger\u00e7ekle\u015ftirilecektir. 17. Kamu Bili\u015fim Platformu\u2019nu KKTC\u2019de d\u00fczenlemekteki amac\u0131m\u0131z, bili\u015fim toplumu olma yolunda \u00dclkemizin elde etti\u011fi bilgi ve deneyimi e-d\u00f6n\u00fc\u015f\u00fcm \u00e7al\u0131\u015fmalar\u0131na ba\u015flayan KKTC\u2019ye aktarabilmek, konu ile ilgili karar al\u0131c\u0131 ve uzmanlar\u0131n \u00e7al\u0131\u015fmalar\u0131na enerji ve destek verebilmektir.<\/p>\n<p>\u00dclkemizde, yapt\u0131\u011f\u0131 faaliyetlerle bir marka haline gelmi\u015f olan TBD Kamu-B\u0130B, bu y\u0131l 4 ana konu belirledi ve TBD Say\u0131sal G\u00fcndem 2020 uzmanlar\u0131n\u0131n da kat\u0131l\u0131m\u0131yla \u00e7al\u0131\u015fma gruplar\u0131n\u0131 olu\u015fturdu. Sadece \u00dclkemizin de\u011fil t\u00fcm d\u00fcnya \u00fclkelerinin de g\u00fcndeminde olan bu konular,<\/p>\n<ul>\n<li>Bili\u015fim toplumu,<\/li>\n<li>e-Ticaret,<\/li>\n<li>Siber g\u00fcvenlik ve<\/li>\n<li>e-Devlet hizmetleridir.<\/li>\n<\/ul>\n<p>&nbsp;<\/p>\n<p>15-18 Ekim 2015 g\u00fcnleri aras\u0131nda yapaca\u011f\u0131m\u0131z TBD Kamu-B\u0130B Kamu Bili\u015fim Platformu-17\u2019de raporlar\u0131m\u0131z\u0131 ve siz sponsorlar\u0131n bilgi ve deneyimlerini KKTC\u2019de kat\u0131l\u0131mc\u0131larla payla\u015fmay\u0131 hedefliyoruz.<\/p>\n<p>TBD, kamu kurum ve kurulu\u015flar\u0131nda g\u00f6rev yapan bilgi i\u015flem birimi y\u00f6neticilerinin oldu\u011fu kadar, kamudaki bili\u015fim \u00e7al\u0131\u015fanlar\u0131n\u0131n da yan\u0131nda yer almakta olup TBD Kamu-B\u0130B platformlar\u0131nda sa\u011flanan tan\u0131\u015fma ve payla\u015fma ortamlar\u0131 sonucunda ger\u00e7ekle\u015fen i\u015fbirli\u011fi ve sinerji ile projeler ve \u00e7\u00f6z\u00fcmler ya\u015fama ge\u00e7irilmektedir.<\/p>\n<p>TBD Kamu-B\u0130B Kamu Bili\u015fim Platformu-17 sponsorluk ko\u015fullar\u0131yla ilgili detaylar\u0131 sponsorluk dosyam\u0131zda de\u011ferlendirmelerinize sunulmu\u015ftur. Etkinli\u011fe katk\u0131n\u0131z ve kat\u0131l\u0131m\u0131n\u0131z\u0131n \u00f6nemli oldu\u011funu d\u00fc\u015f\u00fcn\u00fcyoruz.<\/p>\n<p>Sayg\u0131lar\u0131m\u0131zla,<\/p>\n<p>T\u00fcrkiye Bili\u015fim Derne\u011fi<\/p>\n","protected":false},"excerpt":{"rendered":"<p>Bili\u015fim teknik bilimini ulusal kalk\u0131nma arac\u0131 olarak \u00f6ng\u00f6r\u00fcp 44 y\u0131ld\u0131r kamu yarar\u0131na \u00e7al\u0131\u015fmalar yapmakta olan T\u00fcrkiye Bili\u015fim Derne\u011fi (TBD), kurulu\u015fundan bug\u00fcne kadar kamu kurum ve kurulu\u015flar\u0131nda \u00e7al\u0131\u015fmakta olan bili\u015fimcilerin gerek bireysel, gerekse kurumsal ve toplumsal sorunlar\u0131 ele almak i\u00e7in bulu\u015ftuklar\u0131; \u00fcr\u00fcn ve<\/p>\n","protected":false},"author":3,"featured_media":0,"parent":0,"menu_order":0,"comment_status":"open","ping_status":"closed","template":"fullwidth.php","meta":{"footnotes":""},"_links":{"self":[{"href":"http:\/\/www.kamu-bib.org.tr\/kamubib-17\/wp-json\/wp\/v2\/pages\/784"}],"collection":[{"href":"http:\/\/www.kamu-bib.org.tr\/kamubib-17\/wp-json\/wp\/v2\/pages"}],"about":[{"href":"http:\/\/www.kamu-bib.org.tr\/kamubib-17\/wp-json\/wp\/v2\/types\/page"}],"author":[{"embeddable":true,"href":"http:\/\/www.kamu-bib.org.tr\/kamubib-17\/wp-json\/wp\/v2\/users\/3"}],"replies":[{"embeddable":true,"href":"http:\/\/www.kamu-bib.org.tr\/kamubib-17\/wp-json\/wp\/v2\/comments?post=784"}],"version-history":[{"count":3,"href":"http:\/\/www.kamu-bib.org.tr\/kamubib-17\/wp-json\/wp\/v2\/pages\/784\/revisions"}],"predecessor-version":[{"id":822,"href":"http:\/\/www.kamu-bib.org.tr\/kamubib-17\/wp-json\/wp\/v2\/pages\/784\/revisions\/822"}],"wp:attachment":[{"href":"http:\/\/www.kamu-bib.org.tr\/kamubib-17\/wp-json\/wp\/v2\/media?parent=784"}],"curies":[{"name":"wp","href":"https:\/\/api.w.org\/{rel}","templated":true}]}}