{"id":809,"date":"2015-07-27T12:58:56","date_gmt":"2015-07-27T09:58:56","guid":{"rendered":"http:\/\/www.kamu-bib.org.tr\/kamubib-17\/?page_id=809"},"modified":"2015-09-15T16:14:58","modified_gmt":"2015-09-15T13:14:58","slug":"kurullar","status":"publish","type":"page","link":"http:\/\/www.kamu-bib.org.tr\/kamubib-17\/kurullar\/","title":{"rendered":"KURULLAR"},"content":{"rendered":"<p><strong>TBD Y\u00f6netim Kurulu<\/strong><\/p>\n<ul>\n<li>\u0130. \u0130lker Tabak (Ba\u015fkan)<\/li>\n<li>Koray \u00d6zer (2. Ba\u015fkan)<\/li>\n<li>Vural R\u0131za \u0130bri\u015fim (Sayman)<\/li>\n<li>Ahmet Pekel<\/li>\n<li>Erhan Yal\u00e7\u0131n<\/li>\n<li>Ersin Ta\u015f\u00e7\u0131<\/li>\n<li>Ertan Barut<\/li>\n<li>\u0130lteri\u015f \u015eule<\/li>\n<li>Levent Karada\u011f<\/li>\n<li>Salih \u00d6z\u00e7if\u00e7i<\/li>\n<li>\u00dcveyiz \u00dcnal Zaim<\/li>\n<\/ul>\n<p>&nbsp;<\/p>\n<p><strong>TBD Kamu-B\u0130B Y\u00fcr\u00fctme Kurulu <\/strong><\/p>\n<ul>\n<li>Sel\u00e7uk Kavaso\u011flu (YK B\u015fk.) TBD Ankara \u015eubesi B\u015fk. &#8211; T.C.Kalk\u0131nma Bakanl\u0131\u011f\u0131<\/li>\n<li>Adnan Y\u0131lmaz Ankara Sosyal Bilimler \u00dcniversitesi<\/li>\n<li>Ercan Kaptano\u011flu T.C. Orman ve Su \u0130\u015fleri Bakanl\u0131\u011f\u0131<\/li>\n<li>Furkan Civelek T.C. Kalk\u0131nma Bakanl\u0131\u011f\u0131<\/li>\n<li>Mariye Umay Akkaya T\u00fcrk Standardlar\u0131 Enstit\u00fcs\u00fc<\/li>\n<li>Mesut K\u00fc\u00e7\u00fckiba T\u00fcrkiye Cumhuriyeti Devlet Demiryollar\u0131<\/li>\n<li>Mustafa Y\u0131lmaz T.C. Avrupa Birli\u011fi Bakanl\u0131\u011f\u0131<\/li>\n<li>Rag\u0131p G\u00fclp\u0131nar Toplu Konut \u0130daresi Ba\u015fkanl\u0131\u011f\u0131<\/li>\n<li>Semih I\u015f\u0131ksal T\u00fcrkiye \u0130statistik Kurumu<\/li>\n<\/ul>\n<p>&nbsp;<\/p>\n<p><strong>TBD Kamu-B\u0130B Y\u00fcr\u00fctme Kurulu Dan\u0131\u015fmanlar\u0131 <\/strong><\/p>\n<ul>\n<li>Aykut Dalyan Turkcell<\/li>\n<li>Dr. Kemal Karako\u00e7ak Ankara \u00dcniversitesi Siyasal Bilgiler Fak\u00fcltesi<\/li>\n<li>Hi\u015fam Advan \u0130ntel<\/li>\n<li>Kenan Alt\u0131nsaat JForce Bili\u015fim Teknolojileri<\/li>\n<li>Tuncay Marmara HP<\/li>\n<\/ul>\n<p>&nbsp;<\/p>\n<p><strong>TBD Y\u00f6netim Kurulu Temsilcisi <\/strong><\/p>\n<p>Ahmet Pekel T\u00fcrkiye Cumhuriyet Merkez Bankas\u0131<\/p>\n<p>&nbsp;<\/p>\n<p><strong>TBD Kamu-B\u0130B Kamu Bili\u015fim Platformu 17 Etkinlik Y\u00fcr\u00fctme Kurulu<\/strong><\/p>\n<ul>\n<li>Ahmet Pekel<\/li>\n<li>Ertan Barut<\/li>\n<li>L\u00fctfi \u00d6zbilen<\/li>\n<li>Mehmet Y\u0131lmazer<\/li>\n<li>Nihan Tuna<\/li>\n<li>Sel\u00e7uk Kavaso\u011flu<\/li>\n<\/ul>\n<p>&nbsp;<\/p>\n","protected":false},"excerpt":{"rendered":"<p>TBD Y\u00f6netim Kurulu \u0130. \u0130lker Tabak (Ba\u015fkan) Koray \u00d6zer (2. Ba\u015fkan) Vural R\u0131za \u0130bri\u015fim (Sayman) Ahmet Pekel Erhan Yal\u00e7\u0131n Ersin Ta\u015f\u00e7\u0131 Ertan Barut \u0130lteri\u015f \u015eule Levent Karada\u011f Salih \u00d6z\u00e7if\u00e7i \u00dcveyiz \u00dcnal Zaim &nbsp; TBD Kamu-B\u0130B Y\u00fcr\u00fctme Kurulu Sel\u00e7uk Kavaso\u011flu (YK B\u015fk.) TBD<\/p>\n","protected":false},"author":3,"featured_media":0,"parent":0,"menu_order":0,"comment_status":"closed","ping_status":"closed","template":"fullwidth.php","meta":{"footnotes":""},"_links":{"self":[{"href":"http:\/\/www.kamu-bib.org.tr\/kamubib-17\/wp-json\/wp\/v2\/pages\/809"}],"collection":[{"href":"http:\/\/www.kamu-bib.org.tr\/kamubib-17\/wp-json\/wp\/v2\/pages"}],"about":[{"href":"http:\/\/www.kamu-bib.org.tr\/kamubib-17\/wp-json\/wp\/v2\/types\/page"}],"author":[{"embeddable":true,"href":"http:\/\/www.kamu-bib.org.tr\/kamubib-17\/wp-json\/wp\/v2\/users\/3"}],"replies":[{"embeddable":true,"href":"http:\/\/www.kamu-bib.org.tr\/kamubib-17\/wp-json\/wp\/v2\/comments?post=809"}],"version-history":[{"count":21,"href":"http:\/\/www.kamu-bib.org.tr\/kamubib-17\/wp-json\/wp\/v2\/pages\/809\/revisions"}],"predecessor-version":[{"id":1548,"href":"http:\/\/www.kamu-bib.org.tr\/kamubib-17\/wp-json\/wp\/v2\/pages\/809\/revisions\/1548"}],"wp:attachment":[{"href":"http:\/\/www.kamu-bib.org.tr\/kamubib-17\/wp-json\/wp\/v2\/media?parent=809"}],"curies":[{"name":"wp","href":"https:\/\/api.w.org\/{rel}","templated":true}]}}