{"id":885,"date":"2015-07-28T12:25:27","date_gmt":"2015-07-28T09:25:27","guid":{"rendered":"http:\/\/www.kamu-bib.org.tr\/kamubib-17\/?page_id=885"},"modified":"2015-07-28T12:27:36","modified_gmt":"2015-07-28T09:27:36","slug":"kamu-bib-gorselleri","status":"publish","type":"page","link":"http:\/\/www.kamu-bib.org.tr\/kamubib-17\/kamu-bib-gorselleri\/","title":{"rendered":"Kamu-B\u0130B G\u00f6rselleri"},"content":{"rendered":"<p><!-- TBD KAMU-B\u0130B 17 G\u00f6rselleri i\u00e7in ..devam\u0131 .. t\u0131klay\u0131n\u0131z --><\/p>\n<p><a href=\"http:\/\/www.kamu-bib.org.tr\/kamubib-17\/wp-content\/uploads\/2014\/10\/sitebg.jpg\"><img loading=\"lazy\" decoding=\"async\" class=\"alignnone size-medium wp-image-840\" src=\"http:\/\/www.kamu-bib.org.tr\/kamubib-17\/wp-content\/uploads\/2014\/10\/sitebg-244x300.jpg\" alt=\"sitebg\" width=\"244\" height=\"300\" srcset=\"http:\/\/www.kamu-bib.org.tr\/kamubib-17\/wp-content\/uploads\/2014\/10\/sitebg-244x300.jpg 244w, http:\/\/www.kamu-bib.org.tr\/kamubib-17\/wp-content\/uploads\/2014\/10\/sitebg-832x1024.jpg 832w, http:\/\/www.kamu-bib.org.tr\/kamubib-17\/wp-content\/uploads\/2014\/10\/sitebg.jpg 1800w\" sizes=\"(max-width: 244px) 100vw, 244px\" \/><\/a> <a href=\"http:\/\/www.kamu-bib.org.tr\/kamubib-17\/wp-content\/uploads\/2014\/10\/500x500.jpg\"><img loading=\"lazy\" decoding=\"async\" class=\"alignnone size-medium wp-image-834\" src=\"http:\/\/www.kamu-bib.org.tr\/kamubib-17\/wp-content\/uploads\/2014\/10\/500x500-300x300.jpg\" alt=\"500x500\" width=\"300\" height=\"300\" srcset=\"http:\/\/www.kamu-bib.org.tr\/kamubib-17\/wp-content\/uploads\/2014\/10\/500x500-300x300.jpg 300w, http:\/\/www.kamu-bib.org.tr\/kamubib-17\/wp-content\/uploads\/2014\/10\/500x500-150x150.jpg 150w, http:\/\/www.kamu-bib.org.tr\/kamubib-17\/wp-content\/uploads\/2014\/10\/500x500.jpg 500w\" sizes=\"(max-width: 300px) 100vw, 300px\" \/><\/a><a href=\"http:\/\/www.kamu-bib.org.tr\/kamubib-17\/wp-content\/uploads\/2014\/10\/500x250.jpg\"><img loading=\"lazy\" decoding=\"async\" class=\"alignnone size-medium wp-image-827\" src=\"http:\/\/www.kamu-bib.org.tr\/kamubib-17\/wp-content\/uploads\/2014\/10\/500x250-300x150.jpg\" alt=\"500x250\" width=\"300\" height=\"150\" srcset=\"http:\/\/www.kamu-bib.org.tr\/kamubib-17\/wp-content\/uploads\/2014\/10\/500x250-300x150.jpg 300w, http:\/\/www.kamu-bib.org.tr\/kamubib-17\/wp-content\/uploads\/2014\/10\/500x250.jpg 500w\" sizes=\"(max-width: 300px) 100vw, 300px\" \/><\/a><a href=\"http:\/\/www.kamu-bib.org.tr\/kamubib-17\/wp-content\/uploads\/2014\/10\/1150x400.jpg\"><img loading=\"lazy\" decoding=\"async\" class=\"alignnone size-medium wp-image-838\" src=\"http:\/\/www.kamu-bib.org.tr\/kamubib-17\/wp-content\/uploads\/2014\/10\/1150x400-300x104.jpg\" alt=\"1150x400\" width=\"300\" height=\"104\" srcset=\"http:\/\/www.kamu-bib.org.tr\/kamubib-17\/wp-content\/uploads\/2014\/10\/1150x400-300x104.jpg 300w, http:\/\/www.kamu-bib.org.tr\/kamubib-17\/wp-content\/uploads\/2014\/10\/1150x400-1024x356.jpg 1024w, http:\/\/www.kamu-bib.org.tr\/kamubib-17\/wp-content\/uploads\/2014\/10\/1150x400.jpg 1150w\" sizes=\"(max-width: 300px) 100vw, 300px\" \/><\/a><a href=\"http:\/\/www.kamu-bib.org.tr\/kamubib-17\/wp-content\/uploads\/2014\/10\/785x250.jpg\"><img loading=\"lazy\" decoding=\"async\" class=\"alignnone size-medium wp-image-835\" src=\"http:\/\/www.kamu-bib.org.tr\/kamubib-17\/wp-content\/uploads\/2014\/10\/785x250-300x96.jpg\" alt=\"785x250\" width=\"300\" height=\"96\" srcset=\"http:\/\/www.kamu-bib.org.tr\/kamubib-17\/wp-content\/uploads\/2014\/10\/785x250-300x96.jpg 300w, http:\/\/www.kamu-bib.org.tr\/kamubib-17\/wp-content\/uploads\/2014\/10\/785x250.jpg 785w\" sizes=\"(max-width: 300px) 100vw, 300px\" \/><\/a><a href=\"http:\/\/www.kamu-bib.org.tr\/kamubib-17\/wp-content\/uploads\/2014\/10\/1550x420.jpg\"><img loading=\"lazy\" decoding=\"async\" class=\"alignnone size-medium wp-image-839\" src=\"http:\/\/www.kamu-bib.org.tr\/kamubib-17\/wp-content\/uploads\/2014\/10\/1550x420-300x81.jpg\" alt=\"1550x420\" width=\"300\" height=\"81\" srcset=\"http:\/\/www.kamu-bib.org.tr\/kamubib-17\/wp-content\/uploads\/2014\/10\/1550x420-300x81.jpg 300w, http:\/\/www.kamu-bib.org.tr\/kamubib-17\/wp-content\/uploads\/2014\/10\/1550x420-1024x277.jpg 1024w, http:\/\/www.kamu-bib.org.tr\/kamubib-17\/wp-content\/uploads\/2014\/10\/1550x420.jpg 1550w\" sizes=\"(max-width: 300px) 100vw, 300px\" \/><\/a>\u00a0 <a href=\"http:\/\/www.kamu-bib.org.tr\/kamubib-17\/wp-content\/uploads\/2014\/10\/1150x300.jpg\"><img loading=\"lazy\" decoding=\"async\" class=\"alignnone size-medium wp-image-837\" src=\"http:\/\/www.kamu-bib.org.tr\/kamubib-17\/wp-content\/uploads\/2014\/10\/1150x300-300x78.jpg\" alt=\"1150x300\" width=\"300\" height=\"78\" srcset=\"http:\/\/www.kamu-bib.org.tr\/kamubib-17\/wp-content\/uploads\/2014\/10\/1150x300-300x78.jpg 300w, http:\/\/www.kamu-bib.org.tr\/kamubib-17\/wp-content\/uploads\/2014\/10\/1150x300-1024x267.jpg 1024w, http:\/\/www.kamu-bib.org.tr\/kamubib-17\/wp-content\/uploads\/2014\/10\/1150x300.jpg 1150w\" sizes=\"(max-width: 300px) 100vw, 300px\" \/><\/a> <a href=\"http:\/\/www.kamu-bib.org.tr\/kamubib-17\/wp-content\/uploads\/2014\/10\/900x180.jpg\"><img loading=\"lazy\" decoding=\"async\" class=\"alignnone size-medium wp-image-836\" src=\"http:\/\/www.kamu-bib.org.tr\/kamubib-17\/wp-content\/uploads\/2014\/10\/900x180-300x60.jpg\" alt=\"900x180\" width=\"300\" height=\"60\" srcset=\"http:\/\/www.kamu-bib.org.tr\/kamubib-17\/wp-content\/uploads\/2014\/10\/900x180-300x60.jpg 300w, http:\/\/www.kamu-bib.org.tr\/kamubib-17\/wp-content\/uploads\/2014\/10\/900x180.jpg 900w\" sizes=\"(max-width: 300px) 100vw, 300px\" \/><\/a>\u00a0\u00a0\u00a0 <a href=\"http:\/\/www.kamu-bib.org.tr\/kamubib-17\/wp-content\/uploads\/2015\/07\/sitebg11.jpg\"><img loading=\"lazy\" decoding=\"async\" class=\"alignnone size-medium wp-image-797\" src=\"http:\/\/www.kamu-bib.org.tr\/kamubib-17\/wp-content\/uploads\/2015\/07\/sitebg11-300x195.jpg\" alt=\"sitebg11\" width=\"300\" height=\"195\" srcset=\"http:\/\/www.kamu-bib.org.tr\/kamubib-17\/wp-content\/uploads\/2015\/07\/sitebg11-300x195.jpg 300w, http:\/\/www.kamu-bib.org.tr\/kamubib-17\/wp-content\/uploads\/2015\/07\/sitebg11-1024x667.jpg 1024w, http:\/\/www.kamu-bib.org.tr\/kamubib-17\/wp-content\/uploads\/2015\/07\/sitebg11.jpg 1498w\" sizes=\"(max-width: 300px) 100vw, 300px\" \/><\/a> <a href=\"http:\/\/www.kamu-bib.org.tr\/kamubib-17\/wp-content\/uploads\/2015\/07\/logo_110_yeni.png\"><img loading=\"lazy\" decoding=\"async\" class=\"alignnone size-full wp-image-694\" src=\"http:\/\/www.kamu-bib.org.tr\/kamubib-17\/wp-content\/uploads\/2015\/07\/logo_110_yeni.png\" alt=\"logo_110_yeni\" width=\"110\" height=\"110\" \/><\/a><\/p>\n","protected":false},"excerpt":{"rendered":"<p>\u00a0 \u00a0\u00a0\u00a0<\/p>\n","protected":false},"author":3,"featured_media":0,"parent":0,"menu_order":0,"comment_status":"closed","ping_status":"closed","template":"fullwidth.php","meta":{"footnotes":""},"_links":{"self":[{"href":"http:\/\/www.kamu-bib.org.tr\/kamubib-17\/wp-json\/wp\/v2\/pages\/885"}],"collection":[{"href":"http:\/\/www.kamu-bib.org.tr\/kamubib-17\/wp-json\/wp\/v2\/pages"}],"about":[{"href":"http:\/\/www.kamu-bib.org.tr\/kamubib-17\/wp-json\/wp\/v2\/types\/page"}],"author":[{"embeddable":true,"href":"http:\/\/www.kamu-bib.org.tr\/kamubib-17\/wp-json\/wp\/v2\/users\/3"}],"replies":[{"embeddable":true,"href":"http:\/\/www.kamu-bib.org.tr\/kamubib-17\/wp-json\/wp\/v2\/comments?post=885"}],"version-history":[{"count":2,"href":"http:\/\/www.kamu-bib.org.tr\/kamubib-17\/wp-json\/wp\/v2\/pages\/885\/revisions"}],"predecessor-version":[{"id":889,"href":"http:\/\/www.kamu-bib.org.tr\/kamubib-17\/wp-json\/wp\/v2\/pages\/885\/revisions\/889"}],"wp:attachment":[{"href":"http:\/\/www.kamu-bib.org.tr\/kamubib-17\/wp-json\/wp\/v2\/media?parent=885"}],"curies":[{"name":"wp","href":"https:\/\/api.w.org\/{rel}","templated":true}]}}