{"id":2539,"date":"2016-05-17T16:46:42","date_gmt":"2016-05-17T13:46:42","guid":{"rendered":"http:\/\/www.kamu-bib.org.tr\/kamubib-18\/?page_id=2539"},"modified":"2016-06-03T11:09:54","modified_gmt":"2016-06-03T08:09:54","slug":"katilim-saglayan-kurum-ve-kuruluslar","status":"publish","type":"page","link":"http:\/\/www.kamu-bib.org.tr\/kamubib-18\/katilim-saglayan-kurum-ve-kuruluslar\/","title":{"rendered":"KATILIM SA\u011eLAYAN KURUM VE KURULU\u015eLAR"},"content":{"rendered":"<div class=\"wpb-content-wrapper\"><p>[vc_row full_width=&#8221;&#8221; section_id=&#8221;&#8221; container=&#8221;1&#8243; parallax_bg=&#8221;0&#8243; stellar_background_ratio=&#8221;0.6&#8243;][vc_column width=&#8221;1\/1&#8243;][vc_empty_space height=&#8221;10px&#8221;][\/vc_column][\/vc_row][vc_row][vc_column][vc_column_text]<\/p>\n<table border=\"0\" cellspacing=\"2\" cellpadding=\"2\">\n<tbody>\n<tr>\n<td width=\"63\">\u00a0<a href=\"http:\/\/www.kamu-bib.org.tr\/kamubib-18\/wp-content\/uploads\/2016\/04\/aile_ve__sosyal_politikalar_bakanligi.png\" rel=\"attachment wp-att-2079\"><img loading=\"lazy\" decoding=\"async\" class=\"alignnone size-full wp-image-2079\" src=\"http:\/\/www.kamu-bib.org.tr\/kamubib-18\/wp-content\/uploads\/2016\/04\/aile_ve__sosyal_politikalar_bakanligi.png\" alt=\"aile_ve__sosyal_politikalar_bakanligi\" width=\"48\" height=\"59\" \/><\/a><\/td>\n<td width=\"421\">A\u0130LE VE SOSYAL POL\u0130T\u0130KALAR BAKANLI\u011eI<\/td>\n<td width=\"69\">\u00a0<a href=\"http:\/\/www.kamu-bib.org.tr\/kamubib-18\/wp-content\/uploads\/2016\/04\/izmir-buyuksehir-belediyesi-logo1.png\"><img loading=\"lazy\" decoding=\"async\" class=\"alignnone size-full wp-image-2278\" src=\"http:\/\/www.kamu-bib.org.tr\/kamubib-18\/wp-content\/uploads\/2016\/04\/izmir-buyuksehir-belediyesi-logo1.png\" alt=\"izmir-buyuksehir-belediyesi-logo1\" width=\"48\" height=\"52\" \/><\/a><\/td>\n<td>\u0130ZM\u0130R B\u00dcY\u00dcK\u015eEH\u0130R BELED\u0130YES\u0130<\/td>\n<\/tr>\n<tr>\n<td>\u00a0<a href=\"http:\/\/www.kamu-bib.org.tr\/kamubib-18\/wp-content\/uploads\/2016\/05\/altindag-belediyesi.jpg\" rel=\"attachment wp-att-2670\"><img loading=\"lazy\" decoding=\"async\" class=\"alignnone size-full wp-image-2670\" src=\"http:\/\/www.kamu-bib.org.tr\/kamubib-18\/wp-content\/uploads\/2016\/05\/altindag-belediyesi.jpg\" alt=\"altindag-belediyesi\" width=\"48\" height=\"48\" \/><\/a><\/td>\n<td width=\"421\">ALTINDA\u011e BELED\u0130YES\u0130<\/td>\n<td>\u00a0<a href=\"http:\/\/www.kamu-bib.org.tr\/kamubib-18\/wp-content\/uploads\/2016\/04\/Kalkinma_Bakanligi_logo.png\" rel=\"attachment wp-att-2157\"><img loading=\"lazy\" decoding=\"async\" class=\"alignnone size-full wp-image-2157\" src=\"http:\/\/www.kamu-bib.org.tr\/kamubib-18\/wp-content\/uploads\/2016\/04\/Kalkinma_Bakanligi_logo.png\" alt=\"Kalkinma_Bakanligi_logo\" width=\"48\" height=\"48\" \/><\/a><\/td>\n<td>KALKINMA BAKANLI\u011eI<\/td>\n<\/tr>\n<tr>\n<td>\u00a0<a href=\"http:\/\/www.kamu-bib.org.tr\/kamubib-18\/wp-content\/uploads\/2016\/04\/Ankara_universitesi_logosu.png\" rel=\"attachment wp-att-2084\"><img loading=\"lazy\" decoding=\"async\" class=\"alignnone size-full wp-image-2084\" src=\"http:\/\/www.kamu-bib.org.tr\/kamubib-18\/wp-content\/uploads\/2016\/04\/Ankara_universitesi_logosu.png\" alt=\"Ankara_universitesi_logosu\" width=\"48\" height=\"48\" \/><\/a><\/td>\n<td width=\"421\">ANKARA \u00dcN\u0130VERS\u0130TES\u0130<\/td>\n<td>\u00a0<a href=\"http:\/\/www.kamu-bib.org.tr\/kamubib-18\/wp-content\/uploads\/2016\/04\/kgm_logo.png\" rel=\"attachment wp-att-2153\"><img loading=\"lazy\" decoding=\"async\" class=\"alignnone size-full wp-image-2153\" src=\"http:\/\/www.kamu-bib.org.tr\/kamubib-18\/wp-content\/uploads\/2016\/04\/kgm_logo.png\" alt=\"kgm_logo\" width=\"50\" height=\"49\" \/><\/a><\/td>\n<td>KARAYOLLARI GENEL M\u00dcD\u00dcRL\u00dc\u011e\u00dc<\/td>\n<\/tr>\n<tr>\n<td>\u00a0<a href=\"http:\/\/www.kamu-bib.org.tr\/kamubib-18\/wp-content\/uploads\/2016\/05\/antalya-valiligi.jpg\" rel=\"attachment wp-att-2671\"><img loading=\"lazy\" decoding=\"async\" class=\"alignnone size-full wp-image-2671\" src=\"http:\/\/www.kamu-bib.org.tr\/kamubib-18\/wp-content\/uploads\/2016\/05\/antalya-valiligi.jpg\" alt=\"antalya-valiligi\" width=\"48\" height=\"48\" \/><\/a><\/td>\n<td width=\"421\">ANTALYA VAL\u0130L\u0130\u011e\u0130<\/td>\n<td>\u00a0<a href=\"http:\/\/www.kamu-bib.org.tr\/kamubib-18\/wp-content\/uploads\/2016\/05\/konya-buyuksehir.jpg\" rel=\"attachment wp-att-2678\"><img loading=\"lazy\" decoding=\"async\" class=\"alignnone size-full wp-image-2678\" src=\"http:\/\/www.kamu-bib.org.tr\/kamubib-18\/wp-content\/uploads\/2016\/05\/konya-buyuksehir.jpg\" alt=\"konya-buyuksehir\" width=\"48\" height=\"48\" \/><\/a><\/td>\n<td width=\"480\">KONYA B\u00dcY\u00dcK\u015eEH\u0130R BELED\u0130YES\u0130<\/td>\n<\/tr>\n<tr>\n<td>\u00a0<a href=\"http:\/\/www.kamu-bib.org.tr\/kamubib-18\/wp-content\/uploads\/2016\/05\/aselsan.jpg\" rel=\"attachment wp-att-2672\"><img loading=\"lazy\" decoding=\"async\" class=\"alignnone size-full wp-image-2672\" src=\"http:\/\/www.kamu-bib.org.tr\/kamubib-18\/wp-content\/uploads\/2016\/05\/aselsan.jpg\" alt=\"aselsan\" width=\"48\" height=\"48\" \/><\/a><\/td>\n<td width=\"421\">ASELSAN<\/td>\n<td>\u00a0<a href=\"http:\/\/www.kamu-bib.org.tr\/kamubib-18\/wp-content\/uploads\/2016\/04\/egitim-bakanligi.png\" rel=\"attachment wp-att-2146\"><img loading=\"lazy\" decoding=\"async\" class=\"alignnone size-full wp-image-2146\" src=\"http:\/\/www.kamu-bib.org.tr\/kamubib-18\/wp-content\/uploads\/2016\/04\/egitim-bakanligi.png\" alt=\"egitim-bakanligi\" width=\"48\" height=\"48\" \/><\/a><\/td>\n<td>M\u0130LL\u0130 E\u011e\u0130T\u0130M BAKANLI\u011eI<\/td>\n<\/tr>\n<tr>\n<td>\u00a0<a href=\"http:\/\/www.kamu-bib.org.tr\/kamubib-18\/wp-content\/uploads\/2016\/04\/at\u0131l\u0131m\u00fcni.png\" rel=\"attachment wp-att-2088\"><img loading=\"lazy\" decoding=\"async\" class=\"alignnone size-full wp-image-2088\" src=\"http:\/\/www.kamu-bib.org.tr\/kamubib-18\/wp-content\/uploads\/2016\/04\/at\u0131l\u0131m\u00fcni.png\" alt=\"at\u0131l\u0131m\u00fcni\" width=\"33\" height=\"48\" \/><\/a><\/td>\n<td>ATILIM \u00dcN\u0130VERS\u0130TES\u0130<\/td>\n<td>\u00a0<a href=\"http:\/\/www.kamu-bib.org.tr\/kamubib-18\/wp-content\/uploads\/2016\/04\/milli_savunma_bakanligi-logo.png\" rel=\"attachment wp-att-2140\"><img loading=\"lazy\" decoding=\"async\" class=\"alignnone size-full wp-image-2140\" src=\"http:\/\/www.kamu-bib.org.tr\/kamubib-18\/wp-content\/uploads\/2016\/04\/milli_savunma_bakanligi-logo.png\" alt=\"milli_savunma_bakanligi-logo\" width=\"48\" height=\"60\" \/><\/a><\/td>\n<td>M\u0130LL\u0130 SAVUNMA BAKANLI\u011eI<\/td>\n<\/tr>\n<tr>\n<td>\u00a0<a href=\"http:\/\/www.kamu-bib.org.tr\/kamubib-18\/wp-content\/uploads\/2016\/04\/avrupa-birligi-bakanligi-logo.png\" rel=\"attachment wp-att-2089\"><img loading=\"lazy\" decoding=\"async\" class=\"alignnone size-full wp-image-2089\" src=\"http:\/\/www.kamu-bib.org.tr\/kamubib-18\/wp-content\/uploads\/2016\/04\/avrupa-birligi-bakanligi-logo.png\" alt=\"avrupa-birligi-bakanligi-logo\" width=\"48\" height=\"42\" \/><\/a><\/td>\n<td>AVRUPA B\u0130RL\u0130\u011e\u0130 BAKANLI\u011eI<\/td>\n<td>\u00a0<a href=\"http:\/\/www.kamu-bib.org.tr\/kamubib-18\/wp-content\/uploads\/2016\/05\/orman-genel-mudurlugu.jpg\" rel=\"attachment wp-att-2679\"><img loading=\"lazy\" decoding=\"async\" class=\"alignnone size-full wp-image-2679\" src=\"http:\/\/www.kamu-bib.org.tr\/kamubib-18\/wp-content\/uploads\/2016\/05\/orman-genel-mudurlugu.jpg\" alt=\"orman-genel-mudurlugu\" width=\"48\" height=\"48\" \/><\/a><\/td>\n<td width=\"480\">ORMAN GENEL M\u00dcD\u00dcRL\u00dc\u011e\u00dc<\/td>\n<\/tr>\n<tr>\n<td>\u00a0<a href=\"http:\/\/www.kamu-bib.org.tr\/kamubib-18\/wp-content\/uploads\/2016\/05\/bahcesehir-uni.jpg\" rel=\"attachment wp-att-2673\"><img loading=\"lazy\" decoding=\"async\" class=\"alignnone size-full wp-image-2673\" src=\"http:\/\/www.kamu-bib.org.tr\/kamubib-18\/wp-content\/uploads\/2016\/05\/bahcesehir-uni.jpg\" alt=\"bahcesehir-uni\" width=\"48\" height=\"48\" \/><\/a><\/td>\n<td width=\"421\">BAH\u00c7E\u015eEH\u0130R \u00dcN\u0130VERS\u0130TES\u0130<\/td>\n<td>\u00a0<a href=\"http:\/\/www.kamu-bib.org.tr\/kamubib-18\/wp-content\/uploads\/2016\/04\/pigm.jpg\" rel=\"attachment wp-att-2136\"><img loading=\"lazy\" decoding=\"async\" class=\"alignnone size-full wp-image-2136\" src=\"http:\/\/www.kamu-bib.org.tr\/kamubib-18\/wp-content\/uploads\/2016\/04\/pigm.jpg\" alt=\"pigm\" width=\"55\" height=\"25\" \/><\/a><\/td>\n<td>PETROL \u0130\u015eLER\u0130 GENEL M\u00dcD\u00dcRL\u00dc\u011e\u00dc<\/td>\n<\/tr>\n<tr>\n<td>\u00a0<a href=\"http:\/\/www.kamu-bib.org.tr\/kamubib-18\/wp-content\/uploads\/2016\/04\/baskent_amblem02.gif\" rel=\"attachment wp-att-2195\"><img loading=\"lazy\" decoding=\"async\" class=\"alignnone size-full wp-image-2195\" src=\"http:\/\/www.kamu-bib.org.tr\/kamubib-18\/wp-content\/uploads\/2016\/04\/baskent_amblem02.gif\" alt=\"baskent_amblem02\" width=\"50\" height=\"40\" \/><\/a><\/td>\n<td>BA\u015eKENT \u00dcN\u0130VERS\u0130TES\u0130<\/td>\n<td>\u00a0<a href=\"http:\/\/www.kamu-bib.org.tr\/kamubib-18\/wp-content\/uploads\/2016\/04\/rtuk.png\" rel=\"attachment wp-att-2134\"><img loading=\"lazy\" decoding=\"async\" class=\"alignnone size-full wp-image-2134\" src=\"http:\/\/www.kamu-bib.org.tr\/kamubib-18\/wp-content\/uploads\/2016\/04\/rtuk.png\" alt=\"rtuk\" width=\"48\" height=\"19\" \/><\/a><\/td>\n<td>RADYO TELEV\u0130ZYON \u00dcST KURULU<\/td>\n<\/tr>\n<tr>\n<td>\u00a0<a href=\"http:\/\/www.kamu-bib.org.tr\/kamubib-18\/wp-content\/uploads\/2016\/04\/bilim-ve-sanayii-logo.png\" rel=\"attachment wp-att-2193\"><img loading=\"lazy\" decoding=\"async\" class=\"alignnone size-full wp-image-2193\" src=\"http:\/\/www.kamu-bib.org.tr\/kamubib-18\/wp-content\/uploads\/2016\/04\/bilim-ve-sanayii-logo.png\" alt=\"bilim-ve-sanayii-logo\" width=\"48\" height=\"48\" \/><\/a><\/td>\n<td>B\u0130L\u0130M, SANAY\u0130 VE TEKNOLOJ\u0130 BAKANLI\u011eI<\/td>\n<td>\u00a0<a href=\"http:\/\/www.kamu-bib.org.tr\/kamubib-18\/wp-content\/uploads\/2016\/04\/saglik-bakanligi.png\" rel=\"attachment wp-att-2132\"><img loading=\"lazy\" decoding=\"async\" class=\"alignnone size-full wp-image-2132\" src=\"http:\/\/www.kamu-bib.org.tr\/kamubib-18\/wp-content\/uploads\/2016\/04\/saglik-bakanligi.png\" alt=\"saglik-bakanligi\" width=\"48\" height=\"48\" \/><\/a><\/td>\n<td>SA\u011eLIK BAKANLI\u011eI<\/td>\n<\/tr>\n<tr>\n<td>\u00a0<a href=\"http:\/\/www.kamu-bib.org.tr\/kamubib-18\/wp-content\/uploads\/2016\/05\/cankaya-belediyesi.jpg\" rel=\"attachment wp-att-2674\"><img loading=\"lazy\" decoding=\"async\" class=\"alignnone size-full wp-image-2674\" src=\"http:\/\/www.kamu-bib.org.tr\/kamubib-18\/wp-content\/uploads\/2016\/05\/cankaya-belediyesi.jpg\" alt=\"cankaya-belediyesi\" width=\"48\" height=\"48\" \/><\/a><\/td>\n<td width=\"421\">\u00c7ANKAYA BELED\u0130YES\u0130<\/td>\n<td><a href=\"http:\/\/www.kamu-bib.org.tr\/kamubib-18\/wp-content\/uploads\/2016\/04\/TOBB_ET\u00dc_logo-1.png\" rel=\"attachment wp-att-2124\"><img loading=\"lazy\" decoding=\"async\" class=\"alignnone size-full wp-image-2124\" src=\"http:\/\/www.kamu-bib.org.tr\/kamubib-18\/wp-content\/uploads\/2016\/04\/TOBB_ET\u00dc_logo-1.png\" alt=\"TOBB_ET\u00dc_logo\" width=\"63\" height=\"48\" \/><\/a><\/td>\n<td>TOBB EKONOM\u0130 VE TEKNOLOJ\u0130 \u00dcN\u0130VERS\u0130TES\u0130 REKT\u00d6RL\u00dc\u011e\u00dc<\/td>\n<\/tr>\n<tr>\n<td>\u00a0<a href=\"http:\/\/www.kamu-bib.org.tr\/kamubib-18\/wp-content\/uploads\/2016\/04\/cankayauni.png\" rel=\"attachment wp-att-2187\"><img loading=\"lazy\" decoding=\"async\" class=\"alignnone size-full wp-image-2187\" src=\"http:\/\/www.kamu-bib.org.tr\/kamubib-18\/wp-content\/uploads\/2016\/04\/cankayauni.png\" alt=\"cankayauni\" width=\"50\" height=\"49\" \/><\/a><\/td>\n<td>\u00c7ANKAYA \u00dcN\u0130VERS\u0130TES\u0130<\/td>\n<td>\u00a0<a href=\"http:\/\/www.kamu-bib.org.tr\/kamubib-18\/wp-content\/uploads\/2016\/04\/todaie.png\" rel=\"attachment wp-att-2101\"><img loading=\"lazy\" decoding=\"async\" class=\"alignnone size-full wp-image-2101\" src=\"http:\/\/www.kamu-bib.org.tr\/kamubib-18\/wp-content\/uploads\/2016\/04\/todaie.png\" alt=\"todaie\" width=\"40\" height=\"48\" \/><\/a><\/td>\n<td width=\"480\">TODA\u0130E<\/td>\n<\/tr>\n<tr>\n<td>\u00a0<a href=\"http:\/\/www.kamu-bib.org.tr\/kamubib-18\/wp-content\/uploads\/2016\/04\/cevre-ve-sehircilik.png\" rel=\"attachment wp-att-2186\"><img loading=\"lazy\" decoding=\"async\" class=\"alignnone size-full wp-image-2186\" src=\"http:\/\/www.kamu-bib.org.tr\/kamubib-18\/wp-content\/uploads\/2016\/04\/cevre-ve-sehircilik.png\" alt=\"cevre-ve-sehircilik\" width=\"48\" height=\"25\" \/><\/a><\/td>\n<td>\u00c7EVRE VE \u015eEH\u0130RC\u0130L\u0130K BAKANLI\u011eI<\/td>\n<td>\u00a0<a href=\"http:\/\/www.kamu-bib.org.tr\/kamubib-18\/wp-content\/uploads\/2016\/04\/tse1.png\" rel=\"attachment wp-att-2113\"><img loading=\"lazy\" decoding=\"async\" class=\"alignnone size-full wp-image-2113\" src=\"http:\/\/www.kamu-bib.org.tr\/kamubib-18\/wp-content\/uploads\/2016\/04\/tse1.png\" alt=\"tse1\" width=\"48\" height=\"28\" \/><\/a><\/td>\n<td>T\u00dcRK STANDARDLARI ENST\u0130T\u00dcS\u00dc<\/td>\n<\/tr>\n<tr>\n<td>\u00a0<a href=\"http:\/\/www.kamu-bib.org.tr\/kamubib-18\/wp-content\/uploads\/2016\/05\/dogu-akdeniz-uni.jpg\" rel=\"attachment wp-att-2675\"><img loading=\"lazy\" decoding=\"async\" class=\"alignnone size-full wp-image-2675\" src=\"http:\/\/www.kamu-bib.org.tr\/kamubib-18\/wp-content\/uploads\/2016\/05\/dogu-akdeniz-uni.jpg\" alt=\"dogu-akdeniz-uni\" width=\"48\" height=\"48\" \/><\/a><\/td>\n<td width=\"421\">DO\u011eU AKDEN\u0130Z \u00dcN\u0130VERS\u0130TES\u0130<\/td>\n<td>\u00a0<a href=\"http:\/\/www.kamu-bib.org.tr\/kamubib-18\/wp-content\/uploads\/2016\/04\/tubitak_logo.png\" rel=\"attachment wp-att-2119\"><img loading=\"lazy\" decoding=\"async\" class=\"alignnone size-full wp-image-2119\" src=\"http:\/\/www.kamu-bib.org.tr\/kamubib-18\/wp-content\/uploads\/2016\/04\/tubitak_logo.png\" alt=\"tubitak_logo\" width=\"48\" height=\"64\" \/><\/a><\/td>\n<td>T\u00dcB\u0130TAK &#8211; B\u0130LGEM<\/td>\n<\/tr>\n<tr>\n<td>\u00a0<a href=\"http:\/\/www.kamu-bib.org.tr\/kamubib-18\/wp-content\/uploads\/2016\/04\/ekonomi_bakanligi.png\" rel=\"attachment wp-att-2174\"><img loading=\"lazy\" decoding=\"async\" class=\"alignnone size-full wp-image-2174\" src=\"http:\/\/www.kamu-bib.org.tr\/kamubib-18\/wp-content\/uploads\/2016\/04\/ekonomi_bakanligi.png\" alt=\"ekonomi_bakanligi\" width=\"48\" height=\"48\" \/><\/a><\/td>\n<td>EKONOM\u0130 BAKANLI\u011eI<\/td>\n<td>\u00a0<a href=\"http:\/\/www.kamu-bib.org.tr\/kamubib-18\/wp-content\/uploads\/2016\/05\/tudemsas.jpg\" rel=\"attachment wp-att-2680\"><img loading=\"lazy\" decoding=\"async\" class=\"alignnone size-full wp-image-2680\" src=\"http:\/\/www.kamu-bib.org.tr\/kamubib-18\/wp-content\/uploads\/2016\/05\/tudemsas.jpg\" alt=\"tudemsas\" width=\"48\" height=\"48\" \/><\/a><\/td>\n<td width=\"480\">T\u00dcDEMSA\u015e<\/td>\n<\/tr>\n<tr>\n<td>\u00a0<a href=\"http:\/\/www.kamu-bib.org.tr\/kamubib-18\/wp-content\/uploads\/2016\/04\/enerji_piyasasi_kurumu1.png\" rel=\"attachment wp-att-2172\"><img loading=\"lazy\" decoding=\"async\" class=\"alignnone wp-image-2233 size-full\" src=\"http:\/\/www.kamu-bib.org.tr\/kamubib-18\/wp-content\/uploads\/2016\/04\/enerji_piyasasi_kurumu1.png\" alt=\"\" width=\"48\" height=\"29\" \/><\/a><\/td>\n<td>ENERJ\u0130 P\u0130YASASI D\u00dcZENLEME KURUMU<\/td>\n<td>\u00a0<a href=\"http:\/\/www.kamu-bib.org.tr\/kamubib-18\/wp-content\/uploads\/2016\/05\/tuik.jpg\" rel=\"attachment wp-att-2108\"><img loading=\"lazy\" decoding=\"async\" class=\"alignnone wp-image-2691 size-full\" src=\"http:\/\/www.kamu-bib.org.tr\/kamubib-18\/wp-content\/uploads\/2016\/05\/tuik.jpg\" alt=\"\" width=\"48\" height=\"32\" \/><\/a><\/td>\n<td>T\u00dc\u0130K<\/td>\n<\/tr>\n<tr>\n<td>\u00a0<a href=\"http:\/\/www.kamu-bib.org.tr\/kamubib-18\/wp-content\/uploads\/2016\/05\/etvesut.jpg\" rel=\"attachment wp-att-2676\"><img loading=\"lazy\" decoding=\"async\" class=\"alignnone size-full wp-image-2676\" src=\"http:\/\/www.kamu-bib.org.tr\/kamubib-18\/wp-content\/uploads\/2016\/05\/etvesut.jpg\" alt=\"etvesut\" width=\"48\" height=\"48\" \/><\/a><\/td>\n<td width=\"421\">ET VE S\u00dcT KURUMU<\/td>\n<td>\u00a0<a href=\"http:\/\/www.kamu-bib.org.tr\/kamubib-18\/wp-content\/uploads\/2016\/04\/tcmb_logo.png\" rel=\"attachment wp-att-2109\"><img loading=\"lazy\" decoding=\"async\" class=\"alignnone size-full wp-image-2109\" src=\"http:\/\/www.kamu-bib.org.tr\/kamubib-18\/wp-content\/uploads\/2016\/04\/tcmb_logo.png\" alt=\"tcmb_logo\" width=\"48\" height=\"48\" \/><\/a><\/td>\n<td>T\u00dcRK\u0130YE CUMHUR\u0130YET MERKEZ BANKASI<\/td>\n<\/tr>\n<tr>\n<td>\u00a0<a href=\"http:\/\/www.kamu-bib.org.tr\/kamubib-18\/wp-content\/uploads\/2016\/04\/Gazi_universitesi_logo.png\" rel=\"attachment wp-att-2170\"><img loading=\"lazy\" decoding=\"async\" class=\"alignnone size-full wp-image-2170\" src=\"http:\/\/www.kamu-bib.org.tr\/kamubib-18\/wp-content\/uploads\/2016\/04\/Gazi_universitesi_logo.png\" alt=\"Gazi_universitesi_logo\" width=\"48\" height=\"48\" \/><\/a><\/td>\n<td>GAZ\u0130 \u00dcN\u0130VERS\u0130TES\u0130<\/td>\n<td>\u00a0<a href=\"http:\/\/www.kamu-bib.org.tr\/kamubib-18\/wp-content\/uploads\/2016\/04\/Tcdd_logo1.png\" rel=\"attachment wp-att-2183\"><img loading=\"lazy\" decoding=\"async\" src=\"http:\/\/www.kamu-bib.org.tr\/kamubib-18\/wp-content\/uploads\/2016\/04\/Tcdd_logo1.png\" alt=\"Tcdd_logo1\" width=\"48\" height=\"44\" \/><\/a><\/td>\n<td width=\"480\">T\u00dcRK\u0130YE CUMHUR\u0130YET\u0130 DEVLET DEM\u0130RYOLLARI<\/td>\n<\/tr>\n<tr>\n<td>\u00a0<a href=\"http:\/\/www.kamu-bib.org.tr\/kamubib-18\/wp-content\/uploads\/2016\/04\/gumruk-ve-ticaret.png\" rel=\"attachment wp-att-2164\"><img loading=\"lazy\" decoding=\"async\" class=\"alignnone size-full wp-image-2164\" src=\"http:\/\/www.kamu-bib.org.tr\/kamubib-18\/wp-content\/uploads\/2016\/04\/gumruk-ve-ticaret.png\" alt=\"gumruk-ve-ticaret\" width=\"48\" height=\"48\" \/><\/a><\/td>\n<td>G\u00dcMR\u00dcK VE T\u0130CARET BAKANLI\u011eI<\/td>\n<td>\u00a0<a href=\"http:\/\/www.kamu-bib.org.tr\/kamubib-18\/wp-content\/uploads\/2016\/05\/tedas.jpg\" rel=\"attachment wp-att-2682\"><img loading=\"lazy\" decoding=\"async\" class=\"alignnone size-full wp-image-2682\" src=\"http:\/\/www.kamu-bib.org.tr\/kamubib-18\/wp-content\/uploads\/2016\/05\/tedas.jpg\" alt=\"tedas\" width=\"48\" height=\"48\" \/><\/a><\/td>\n<td width=\"480\">T\u00dcRK\u0130YE ELEKTR\u0130K DA\u011eITIM A.\u015e<\/td>\n<\/tr>\n<tr>\n<td>\u00a0<a href=\"http:\/\/www.kamu-bib.org.tr\/kamubib-18\/wp-content\/uploads\/2016\/05\/guney-ege.jpg\" rel=\"attachment wp-att-2677\"><img loading=\"lazy\" decoding=\"async\" class=\"alignnone size-full wp-image-2677\" src=\"http:\/\/www.kamu-bib.org.tr\/kamubib-18\/wp-content\/uploads\/2016\/05\/guney-ege.jpg\" alt=\"guney-ege\" width=\"48\" height=\"48\" \/><\/a><\/td>\n<td width=\"421\">G\u00dcNEY EGE KALKINMA AJANSI<\/td>\n<td>\u00a0<a href=\"http:\/\/www.kamu-bib.org.tr\/kamubib-18\/wp-content\/uploads\/2016\/04\/turkiyekomurisletmeleri1.png\" rel=\"attachment wp-att-2105\"><img loading=\"lazy\" decoding=\"async\" class=\"alignnone size-full wp-image-2105\" src=\"http:\/\/www.kamu-bib.org.tr\/kamubib-18\/wp-content\/uploads\/2016\/04\/turkiyekomurisletmeleri1.png\" alt=\"turkiyekomurisletmeleri1\" width=\"48\" height=\"48\" \/><\/a><\/td>\n<td>T\u00dcRK\u0130YE K\u00d6M\u00dcR \u0130\u015eLETMELER\u0130<\/td>\n<\/tr>\n<tr>\n<td>\u00a0<a href=\"http:\/\/www.kamu-bib.org.tr\/kamubib-18\/wp-content\/uploads\/2016\/04\/hacettepe_universitesi_logo.png\" rel=\"attachment wp-att-2163\"><img loading=\"lazy\" decoding=\"async\" class=\"alignnone size-full wp-image-2163\" src=\"http:\/\/www.kamu-bib.org.tr\/kamubib-18\/wp-content\/uploads\/2016\/04\/hacettepe_universitesi_logo.png\" alt=\"hacettepe_universitesi_logo\" width=\"48\" height=\"60\" \/><\/a><\/td>\n<td>HACETTEPE \u00dcN\u0130VERS\u0130TES\u0130<\/td>\n<td>\u00a0<a href=\"http:\/\/www.kamu-bib.org.tr\/kamubib-18\/wp-content\/uploads\/2016\/05\/TNB.jpg\" rel=\"attachment wp-att-2104\"><img loading=\"lazy\" decoding=\"async\" class=\"alignnone wp-image-2689 size-full\" src=\"http:\/\/www.kamu-bib.org.tr\/kamubib-18\/wp-content\/uploads\/2016\/05\/TNB.jpg\" alt=\"\" width=\"48\" height=\"48\" \/><\/a><\/td>\n<td>T\u00dcRK\u0130YE NOTERLER B\u0130RL\u0130\u011e\u0130<\/td>\n<\/tr>\n<tr>\n<td>\u00a0<a href=\"http:\/\/www.kamu-bib.org.tr\/kamubib-18\/wp-content\/uploads\/2016\/04\/TC_\u0130\u00e7i\u015fleri_Bakanl\u0131\u011f\u0131_logo.png\" rel=\"attachment wp-att-2160\"><img loading=\"lazy\" decoding=\"async\" class=\"alignnone size-full wp-image-2160\" src=\"http:\/\/www.kamu-bib.org.tr\/kamubib-18\/wp-content\/uploads\/2016\/04\/TC_\u0130\u00e7i\u015fleri_Bakanl\u0131\u011f\u0131_logo.png\" alt=\"TC_\u0130\u00e7i\u015fleri_Bakanl\u0131\u011f\u0131_logo\" width=\"50\" height=\"50\" \/><\/a><\/td>\n<td>\u0130\u00c7\u0130\u015eLER\u0130 BAKANLI\u011eI<\/td>\n<td>\u00a0<a href=\"http:\/\/www.kamu-bib.org.tr\/kamubib-18\/wp-content\/uploads\/2016\/04\/turkiye_tas_komur_kurumu1.png\"><img loading=\"lazy\" decoding=\"async\" class=\"alignnone size-full wp-image-2281\" src=\"http:\/\/www.kamu-bib.org.tr\/kamubib-18\/wp-content\/uploads\/2016\/04\/turkiye_tas_komur_kurumu1.png\" alt=\"turkiye_tas_komur_kurumu1\" width=\"48\" height=\"46\" \/><\/a><\/td>\n<td>T\u00dcRK\u0130YE TA\u015eK\u00d6M\u00dcR\u00dc KURUMU<\/td>\n<\/tr>\n<tr>\n<td>\u00a0<a href=\"http:\/\/www.kamu-bib.org.tr\/kamubib-18\/wp-content\/uploads\/2016\/04\/iski.png\"><img loading=\"lazy\" decoding=\"async\" class=\"alignnone size-full wp-image-2276\" src=\"http:\/\/www.kamu-bib.org.tr\/kamubib-18\/wp-content\/uploads\/2016\/04\/iski.png\" alt=\"iski\" width=\"50\" height=\"46\" \/><\/a><\/td>\n<td>\u0130SK\u0130 GENEL M\u00dcD\u00dcRL\u00dc\u011e\u00dc<\/td>\n<td><a href=\"http:\/\/www.kamu-bib.org.tr\/kamubib-18\/wp-content\/uploads\/2016\/04\/ulastirma-ve-denizcilik.png\" rel=\"attachment wp-att-2099\"><img loading=\"lazy\" decoding=\"async\" src=\"http:\/\/www.kamu-bib.org.tr\/kamubib-18\/wp-content\/uploads\/2016\/04\/ulastirma-ve-denizcilik.png\" alt=\"ulastirma-ve-denizcilik\" width=\"48\" height=\"38\" \/><\/a><\/td>\n<td width=\"480\">ULA\u015eTIRMA, DEN\u0130ZC\u0130L\u0130K VE HABERLE\u015eME BAKANLI\u011eI<\/td>\n<\/tr>\n<tr>\n<td>\u00a0<a href=\"http:\/\/www.kamu-bib.org.tr\/kamubib-18\/wp-content\/uploads\/2016\/04\/ibb1.png\"><img loading=\"lazy\" decoding=\"async\" class=\"alignnone size-full wp-image-2277\" src=\"http:\/\/www.kamu-bib.org.tr\/kamubib-18\/wp-content\/uploads\/2016\/04\/ibb1.png\" alt=\"ibb1\" width=\"48\" height=\"56\" \/><\/a><\/td>\n<td>\u0130STANBUL B\u00dcY\u00dcK\u015eEH\u0130R BELED\u0130YES\u0130<\/td>\n<td>\u00a0<a href=\"http:\/\/www.kamu-bib.org.tr\/kamubib-18\/wp-content\/uploads\/2016\/04\/yargitay.png\" rel=\"attachment wp-att-2098\"><img loading=\"lazy\" decoding=\"async\" class=\"alignnone size-full wp-image-2098\" src=\"http:\/\/www.kamu-bib.org.tr\/kamubib-18\/wp-content\/uploads\/2016\/04\/yargitay.png\" alt=\"yargitay\" width=\"48\" height=\"48\" \/><\/a><\/td>\n<td>YARGITAY BA\u015eKANLI\u011eI<\/td>\n<\/tr>\n<tr>\n<td>\u00a0<a href=\"http:\/\/www.kamu-bib.org.tr\/kamubib-18\/wp-content\/uploads\/2016\/04\/iskur-logo1.png\" rel=\"attachment wp-att-2107\"><img loading=\"lazy\" decoding=\"async\" class=\"alignnone size-full wp-image-2107\" src=\"http:\/\/www.kamu-bib.org.tr\/kamubib-18\/wp-content\/uploads\/2016\/04\/iskur-logo1.png\" alt=\"iskur-logo1\" width=\"48\" height=\"25\" \/><\/a><\/td>\n<td width=\"421\">\u0130\u015eKUR<\/td>\n<td>\u00a0<a href=\"http:\/\/www.kamu-bib.org.tr\/kamubib-18\/wp-content\/uploads\/2016\/04\/yuksek-secim-kurulu.png\" rel=\"attachment wp-att-2093\"><img loading=\"lazy\" decoding=\"async\" class=\"alignnone size-full wp-image-2093\" src=\"http:\/\/www.kamu-bib.org.tr\/kamubib-18\/wp-content\/uploads\/2016\/04\/yuksek-secim-kurulu.png\" alt=\"yuksek-secim-kurulu\" width=\"48\" height=\"48\" \/><\/a><\/td>\n<td>Y\u00dcKSEK SE\u00c7\u0130M KURULU BA\u015eKANLI\u011eI<\/td>\n<\/tr>\n<\/tbody>\n<\/table>\n<p>[\/vc_column_text][\/vc_column][\/vc_row]<\/p>\n<\/div><!-- AddThis Advanced Settings generic via filter on the_content --><!-- AddThis Share Buttons generic via filter on the_content -->","protected":false},"excerpt":{"rendered":"<p>[vc_row full_width=&#8221;&#8221; section_id=&#8221;&#8221; container=&#8221;1&#8243; parallax_bg=&#8221;0&#8243; stellar_background_ratio=&#8221;0.6&#8243;][vc_column width=&#8221;1\/1&#8243;][vc_empty_space height=&#8221;10px&#8221;][\/vc_column][\/vc_row][vc_row][vc_column][vc_column_text] \u00a0 A\u0130LE VE SOSYAL POL\u0130T\u0130KALAR BAKANLI\u011eI \u00a0 \u0130ZM\u0130R B\u00dcY\u00dcK\u015eEH\u0130R BELED\u0130YES\u0130 \u00a0 ALTINDA\u011e BELED\u0130YES\u0130 \u00a0 KALKINMA BAKANLI\u011eI \u00a0 ANKARA \u00dcN\u0130VERS\u0130TES\u0130 \u00a0 KARAYOLLARI GENEL M\u00dcD\u00dcRL\u00dc\u011e\u00dc \u00a0 ANTALYA VAL\u0130L\u0130\u011e\u0130 \u00a0 KONYA B\u00dcY\u00dcK\u015eEH\u0130R BELED\u0130YES\u0130 \u00a0 ASELSAN \u00a0 M\u0130LL\u0130<!-- AddThis Advanced Settings generic via filter on get_the_excerpt --><!-- AddThis Share Buttons generic via filter on get_the_excerpt --><\/p>\n","protected":false},"author":4,"featured_media":0,"parent":0,"menu_order":0,"comment_status":"closed","ping_status":"closed","template":"fullwidth.php","meta":{"footnotes":""},"class_list":["post-2539","page","type-page","status-publish","hentry"],"_links":{"self":[{"href":"http:\/\/www.kamu-bib.org.tr\/kamubib-18\/wp-json\/wp\/v2\/pages\/2539","targetHints":{"allow":["GET"]}}],"collection":[{"href":"http:\/\/www.kamu-bib.org.tr\/kamubib-18\/wp-json\/wp\/v2\/pages"}],"about":[{"href":"http:\/\/www.kamu-bib.org.tr\/kamubib-18\/wp-json\/wp\/v2\/types\/page"}],"author":[{"embeddable":true,"href":"http:\/\/www.kamu-bib.org.tr\/kamubib-18\/wp-json\/wp\/v2\/users\/4"}],"replies":[{"embeddable":true,"href":"http:\/\/www.kamu-bib.org.tr\/kamubib-18\/wp-json\/wp\/v2\/comments?post=2539"}],"version-history":[{"count":13,"href":"http:\/\/www.kamu-bib.org.tr\/kamubib-18\/wp-json\/wp\/v2\/pages\/2539\/revisions"}],"predecessor-version":[{"id":2692,"href":"http:\/\/www.kamu-bib.org.tr\/kamubib-18\/wp-json\/wp\/v2\/pages\/2539\/revisions\/2692"}],"wp:attachment":[{"href":"http:\/\/www.kamu-bib.org.tr\/kamubib-18\/wp-json\/wp\/v2\/media?parent=2539"}],"curies":[{"name":"wp","href":"https:\/\/api.w.org\/{rel}","templated":true}]}}