{"id":2666,"date":"2016-05-31T14:27:30","date_gmt":"2016-05-31T11:27:30","guid":{"rendered":"http:\/\/www.kamu-bib.org.tr\/kamubib-18\/?page_id=2666"},"modified":"2016-05-31T14:36:49","modified_gmt":"2016-05-31T11:36:49","slug":"etkinlik-degerlendirme-anketi","status":"publish","type":"page","link":"http:\/\/www.kamu-bib.org.tr\/kamubib-18\/etkinlik-degerlendirme-anketi\/","title":{"rendered":"Etkinlik De\u011ferlendirme Anketi"},"content":{"rendered":"<div class=\"wpb-content-wrapper\"><p>[vc_row full_width=&#8221;&#8221; section_id=&#8221;&#8221; container=&#8221;1&#8243; parallax_bg=&#8221;0&#8243; stellar_background_ratio=&#8221;0.6&#8243;][vc_column width=&#8221;1\/1&#8243;][vc_empty_space height=&#8221;10px&#8221;][\/vc_column][\/vc_row][vc_row full_width=&#8221;&#8221; section_id=&#8221;&#8221; container=&#8221;1&#8243; parallax_bg=&#8221;0&#8243; stellar_background_ratio=&#8221;0.6&#8243;][vc_column width=&#8221;1\/1&#8243;][vc_btn title=&#8221;Anketi g\u00f6r\u00fcnt\u00fclemek i\u00e7in t\u0131klay\u0131n\u0131z&#8221; style=&#8221;modern&#8221; shape=&#8221;rounded&#8221; color=&#8221;primary&#8221; size=&#8221;md&#8221; align=&#8221;inline&#8221; i_align=&#8221;left&#8221; i_type=&#8221;fontawesome&#8221; i_icon_fontawesome=&#8221;fa fa-adjust&#8221; i_icon_openiconic=&#8221;vc-oi vc-oi-dial&#8221; i_icon_typicons=&#8221;typcn typcn-adjust-brightness&#8221; i_icon_entypo=&#8221;entypo-icon entypo-icon-note&#8221; i_icon_linecons=&#8221;vc_li vc_li-heart&#8221; link=&#8221;url:http%3A%2F%2Fwww.kamu-bib.org.tr%2Fkamubib-18%2Fanket%2Fanket.pdf||target:%20_blank&#8221; button_block=&#8221;&#8221; add_icon=&#8221;&#8221; i_icon_pixelicons=&#8221;vc_pixel_icon vc_pixel_icon-alert&#8221;][\/vc_column][\/vc_row]<\/p>\n<\/div><!-- AddThis Advanced Settings generic via filter on the_content --><!-- AddThis Share Buttons generic via filter on the_content -->","protected":false},"excerpt":{"rendered":"<p>[vc_row full_width=&#8221;&#8221; section_id=&#8221;&#8221; container=&#8221;1&#8243; parallax_bg=&#8221;0&#8243; stellar_background_ratio=&#8221;0.6&#8243;][vc_column width=&#8221;1\/1&#8243;][vc_empty_space height=&#8221;10px&#8221;][\/vc_column][\/vc_row][vc_row full_width=&#8221;&#8221; section_id=&#8221;&#8221; container=&#8221;1&#8243; parallax_bg=&#8221;0&#8243; stellar_background_ratio=&#8221;0.6&#8243;][vc_column width=&#8221;1\/1&#8243;][vc_btn title=&#8221;Anketi g\u00f6r\u00fcnt\u00fclemek i\u00e7in t\u0131klay\u0131n\u0131z&#8221; style=&#8221;modern&#8221; shape=&#8221;rounded&#8221; color=&#8221;primary&#8221; size=&#8221;md&#8221; align=&#8221;inline&#8221; i_align=&#8221;left&#8221; i_type=&#8221;fontawesome&#8221; i_icon_fontawesome=&#8221;fa fa-adjust&#8221; i_icon_openiconic=&#8221;vc-oi vc-oi-dial&#8221; i_icon_typicons=&#8221;typcn typcn-adjust-brightness&#8221; i_icon_entypo=&#8221;entypo-icon entypo-icon-note&#8221; i_icon_linecons=&#8221;vc_li vc_li-heart&#8221; link=&#8221;url:http%3A%2F%2Fwww.kamu-bib.org.tr%2Fkamubib-18%2Fanket%2Fanket.pdf||target:%20_blank&#8221; button_block=&#8221;&#8221; add_icon=&#8221;&#8221; i_icon_pixelicons=&#8221;vc_pixel_icon vc_pixel_icon-alert&#8221;][\/vc_column][\/vc_row]<!-- AddThis Advanced Settings generic via filter on get_the_excerpt --><!-- AddThis Share Buttons generic via filter on get_the_excerpt --><\/p>\n","protected":false},"author":4,"featured_media":0,"parent":0,"menu_order":0,"comment_status":"closed","ping_status":"closed","template":"fullwidth.php","meta":{"footnotes":""},"class_list":["post-2666","page","type-page","status-publish","hentry"],"_links":{"self":[{"href":"http:\/\/www.kamu-bib.org.tr\/kamubib-18\/wp-json\/wp\/v2\/pages\/2666","targetHints":{"allow":["GET"]}}],"collection":[{"href":"http:\/\/www.kamu-bib.org.tr\/kamubib-18\/wp-json\/wp\/v2\/pages"}],"about":[{"href":"http:\/\/www.kamu-bib.org.tr\/kamubib-18\/wp-json\/wp\/v2\/types\/page"}],"author":[{"embeddable":true,"href":"http:\/\/www.kamu-bib.org.tr\/kamubib-18\/wp-json\/wp\/v2\/users\/4"}],"replies":[{"embeddable":true,"href":"http:\/\/www.kamu-bib.org.tr\/kamubib-18\/wp-json\/wp\/v2\/comments?post=2666"}],"version-history":[{"count":2,"href":"http:\/\/www.kamu-bib.org.tr\/kamubib-18\/wp-json\/wp\/v2\/pages\/2666\/revisions"}],"predecessor-version":[{"id":2669,"href":"http:\/\/www.kamu-bib.org.tr\/kamubib-18\/wp-json\/wp\/v2\/pages\/2666\/revisions\/2669"}],"wp:attachment":[{"href":"http:\/\/www.kamu-bib.org.tr\/kamubib-18\/wp-json\/wp\/v2\/media?parent=2666"}],"curies":[{"name":"wp","href":"https:\/\/api.w.org\/{rel}","templated":true}]}}