{"id":852,"date":"2015-07-28T10:56:20","date_gmt":"2015-07-28T07:56:20","guid":{"rendered":"http:\/\/www.kamu-bib.org.tr\/kamubib-18\/?page_id=852"},"modified":"2016-04-13T10:17:54","modified_gmt":"2016-04-13T07:17:54","slug":"gecmis-kamu-bib-etkinlikleri","status":"publish","type":"page","link":"http:\/\/www.kamu-bib.org.tr\/kamubib-18\/gecmis-kamu-bib-etkinlikleri\/","title":{"rendered":"Ge\u00e7mi\u015f Kamu-B\u0130B Etkinlikleri"},"content":{"rendered":"<div class=\"wpb-content-wrapper\"><p>[vc_row full_width=&#8221;&#8221; section_id=&#8221;&#8221; container=&#8221;1&#8243; parallax_bg=&#8221;0&#8243; stellar_background_ratio=&#8221;0.6&#8243;][vc_column width=&#8221;1\/1&#8243;][vc_gallery type=&#8221;flexslider_fade&#8221; interval=&#8221;3&#8243; images=&#8221;950,948,947,949,946,942,941,940&#8243; onclick=&#8221;link_image&#8221; custom_links_target=&#8221;_self&#8221; title=&#8221;Ge\u00e7mi\u015f Kamu-B\u0130B Etkinliklerinden Baz\u0131 G\u00f6r\u00fcnt\u00fcler&#8221; img_size=&#8221;1024&#215;768&#8243;][vc_column_text]<\/p>\n<p>Ge\u00e7mi\u015f Y\u0131llarda D\u00fczenlenmi\u015f Kamu-B\u0130B Etkinlikleri Web Sayfalar\u0131<\/p>\n<p>[\/vc_column_text][vc_row_inner][vc_column_inner el_class=&#8221;&#8221; width=&#8221;1\/6&#8243;][vc_btn title=&#8221;Kamu-B\u0130B 17&#8243; style=&#8221;modern&#8221; shape=&#8221;rounded&#8221; color=&#8221;grey&#8221; size=&#8221;md&#8221; align=&#8221;inline&#8221; i_align=&#8221;left&#8221; i_type=&#8221;fontawesome&#8221; i_icon_fontawesome=&#8221;fa fa-adjust&#8221; i_icon_openiconic=&#8221;vc-oi vc-oi-dial&#8221; i_icon_typicons=&#8221;typcn typcn-adjust-brightness&#8221; i_icon_entypo=&#8221;entypo-icon entypo-icon-note&#8221; i_icon_linecons=&#8221;vc_li vc_li-heart&#8221; link=&#8221;url:http%3A%2F%2Fwww.kamu-bib.org.tr%2Fkamubib-18%2Fkamubib-17||target:%20_blank&#8221; button_block=&#8221;&#8221; add_icon=&#8221;&#8221; i_icon_pixelicons=&#8221;vc_pixel_icon vc_pixel_icon-alert&#8221;][\/vc_column_inner][vc_column_inner el_class=&#8221;Ge\u00e7mi\u015f Y\u0131llarda D\u00fczenlenmi\u015f Kamu-B\u0130B Web Sayfalar\u0131&#8221; width=&#8221;1\/6&#8243;][vc_btn title=&#8221;Kamu-B\u0130B 16&#8243; style=&#8221;modern&#8221; shape=&#8221;rounded&#8221; color=&#8221;grey&#8221; size=&#8221;md&#8221; align=&#8221;inline&#8221; i_align=&#8221;left&#8221; i_type=&#8221;fontawesome&#8221; i_icon_fontawesome=&#8221;fa fa-adjust&#8221; i_icon_openiconic=&#8221;vc-oi vc-oi-dial&#8221; i_icon_typicons=&#8221;typcn typcn-adjust-brightness&#8221; i_icon_entypo=&#8221;entypo-icon entypo-icon-note&#8221; i_icon_linecons=&#8221;vc_li vc_li-heart&#8221; link=&#8221;url:http%3A%2F%2Fwww.kamu-bib.org.tr%2Fkamubib-18%2Fkamubib-16%2F|title:TBD%20Kamu-B%C4%B0B%2016|target:%20_blank&#8221; button_block=&#8221;&#8221; add_icon=&#8221;&#8221; i_icon_pixelicons=&#8221;vc_pixel_icon vc_pixel_icon-alert&#8221;][\/vc_column_inner][vc_column_inner el_class=&#8221;&#8221; width=&#8221;1\/6&#8243;][vc_btn title=&#8221;Kamu-B\u0130B 15&#8243; style=&#8221;modern&#8221; shape=&#8221;rounded&#8221; color=&#8221;grey&#8221; size=&#8221;md&#8221; align=&#8221;inline&#8221; i_align=&#8221;left&#8221; i_type=&#8221;fontawesome&#8221; i_icon_fontawesome=&#8221;fa fa-adjust&#8221; i_icon_openiconic=&#8221;vc-oi vc-oi-dial&#8221; i_icon_typicons=&#8221;typcn typcn-adjust-brightness&#8221; i_icon_entypo=&#8221;entypo-icon entypo-icon-note&#8221; i_icon_linecons=&#8221;vc_li vc_li-heart&#8221; link=&#8221;url:http%3A%2F%2Fwww.kamu-bib.org.tr%2Fkamubib-18%2Fkamubib-15%2F|title:TBD%20Kamu-B%C4%B0B%2015|target:%20_blank&#8221; button_block=&#8221;&#8221; add_icon=&#8221;&#8221; i_icon_pixelicons=&#8221;vc_pixel_icon vc_pixel_icon-alert&#8221;][\/vc_column_inner][vc_column_inner el_class=&#8221;&#8221; width=&#8221;1\/6&#8243;][vc_btn title=&#8221;Kamu-B\u0130B 14&#8243; style=&#8221;modern&#8221; shape=&#8221;rounded&#8221; color=&#8221;grey&#8221; size=&#8221;md&#8221; align=&#8221;inline&#8221; i_align=&#8221;left&#8221; i_type=&#8221;fontawesome&#8221; i_icon_fontawesome=&#8221;fa fa-adjust&#8221; i_icon_openiconic=&#8221;vc-oi vc-oi-dial&#8221; i_icon_typicons=&#8221;typcn typcn-adjust-brightness&#8221; i_icon_entypo=&#8221;entypo-icon entypo-icon-note&#8221; i_icon_linecons=&#8221;vc_li vc_li-heart&#8221; link=&#8221;url:http%3A%2F%2Fwww.kamu-bib.org.tr%2Fkamubib-18%2Fkamubib-14%2F|title:TBD%20Kamu-B%C4%B0B%2014|target:%20_blank&#8221; button_block=&#8221;&#8221; add_icon=&#8221;&#8221; i_icon_pixelicons=&#8221;vc_pixel_icon vc_pixel_icon-alert&#8221;][\/vc_column_inner][vc_column_inner el_class=&#8221;&#8221; width=&#8221;1\/6&#8243;][vc_btn title=&#8221;Kamu-B\u0130B 13&#8243; style=&#8221;modern&#8221; shape=&#8221;rounded&#8221; color=&#8221;grey&#8221; size=&#8221;md&#8221; align=&#8221;inline&#8221; i_align=&#8221;left&#8221; i_type=&#8221;fontawesome&#8221; i_icon_fontawesome=&#8221;fa fa-adjust&#8221; i_icon_openiconic=&#8221;vc-oi vc-oi-dial&#8221; i_icon_typicons=&#8221;typcn typcn-adjust-brightness&#8221; i_icon_entypo=&#8221;entypo-icon entypo-icon-note&#8221; i_icon_linecons=&#8221;vc_li vc_li-heart&#8221; link=&#8221;url:http%3A%2F%2Fwww.kamu-bib.org.tr%2Fkamubib-18%2Fkamubib-13%2F|title:TBD%20Kamu-B%C4%B0B%2013|target:%20_blank&#8221; button_block=&#8221;&#8221; add_icon=&#8221;&#8221; i_icon_pixelicons=&#8221;vc_pixel_icon vc_pixel_icon-alert&#8221;][\/vc_column_inner][vc_column_inner el_class=&#8221;&#8221; width=&#8221;1\/6&#8243;][vc_btn title=&#8221;Kamu-B\u0130B 12&#8243; style=&#8221;modern&#8221; shape=&#8221;rounded&#8221; color=&#8221;grey&#8221; size=&#8221;md&#8221; align=&#8221;inline&#8221; i_align=&#8221;left&#8221; i_type=&#8221;fontawesome&#8221; i_icon_fontawesome=&#8221;fa fa-adjust&#8221; i_icon_openiconic=&#8221;vc-oi vc-oi-dial&#8221; i_icon_typicons=&#8221;typcn typcn-adjust-brightness&#8221; i_icon_entypo=&#8221;entypo-icon entypo-icon-note&#8221; i_icon_linecons=&#8221;vc_li vc_li-heart&#8221; link=&#8221;url:http%3A%2F%2Fwww.kamu-bib.org.tr%2Fkamubib-18%2Fkamubib-12%2F|title:TBD%20Kamu-B%C4%B0B%2012|target:%20_blank&#8221; button_block=&#8221;&#8221; add_icon=&#8221;&#8221; i_icon_pixelicons=&#8221;vc_pixel_icon vc_pixel_icon-alert&#8221;][\/vc_column_inner][\/vc_row_inner][\/vc_column][\/vc_row][vc_row full_width=&#8221;&#8221; section_id=&#8221;&#8221; container=&#8221;1&#8243; parallax_bg=&#8221;0&#8243; stellar_background_ratio=&#8221;0.6&#8243;][vc_column width=&#8221;1\/1&#8243;][vc_column_text]<\/p>\n<p>Kamu Projelerinin Uluslararas\u0131 Alanda Tan\u0131t\u0131m\u0131 Web Sayfas\u0131<\/p>\n<p>[\/vc_column_text][vc_btn title=&#8221;Kamu Projeleri Tan\u0131t\u0131m\u0131 Web Sayfas\u0131&#8221; style=&#8221;modern&#8221; shape=&#8221;rounded&#8221; color=&#8221;grey&#8221; size=&#8221;md&#8221; align=&#8221;inline&#8221; i_align=&#8221;left&#8221; i_type=&#8221;fontawesome&#8221; i_icon_fontawesome=&#8221;fa fa-adjust&#8221; i_icon_openiconic=&#8221;vc-oi vc-oi-dial&#8221; i_icon_typicons=&#8221;typcn typcn-adjust-brightness&#8221; i_icon_entypo=&#8221;entypo-icon entypo-icon-note&#8221; i_icon_linecons=&#8221;vc_li vc_li-heart&#8221; link=&#8221;url:http%3A%2F%2Fwww.kamu-bib.org.tr%2Fkamubib-18%2Fkamutanitim%2F|title:Kamu%20Projeleri%20Uluslararas%C4%B1%20Alanda%20Tan%C4%B1t%C4%B1m%C4%B1|target:%20_blank&#8221; button_block=&#8221;&#8221; add_icon=&#8221;&#8221; i_icon_pixelicons=&#8221;vc_pixel_icon vc_pixel_icon-alert&#8221;][\/vc_column][\/vc_row]<\/p>\n<\/div><!-- AddThis Advanced Settings generic via filter on the_content --><!-- AddThis Share Buttons generic via filter on the_content -->","protected":false},"excerpt":{"rendered":"<p>[vc_row full_width=&#8221;&#8221; section_id=&#8221;&#8221; container=&#8221;1&#8243; parallax_bg=&#8221;0&#8243; stellar_background_ratio=&#8221;0.6&#8243;][vc_column width=&#8221;1\/1&#8243;][vc_gallery type=&#8221;flexslider_fade&#8221; interval=&#8221;3&#8243; images=&#8221;950,948,947,949,946,942,941,940&#8243; onclick=&#8221;link_image&#8221; custom_links_target=&#8221;_self&#8221; title=&#8221;Ge\u00e7mi\u015f Kamu-B\u0130B Etkinliklerinden Baz\u0131 G\u00f6r\u00fcnt\u00fcler&#8221; img_size=&#8221;1024&#215;768&#8243;][vc_column_text] Ge\u00e7mi\u015f Y\u0131llarda D\u00fczenlenmi\u015f Kamu-B\u0130B Etkinlikleri Web Sayfalar\u0131 [\/vc_column_text][vc_row_inner][vc_column_inner el_class=&#8221;&#8221; width=&#8221;1\/6&#8243;][vc_btn title=&#8221;Kamu-B\u0130B 17&#8243; style=&#8221;modern&#8221; shape=&#8221;rounded&#8221; color=&#8221;grey&#8221; size=&#8221;md&#8221; align=&#8221;inline&#8221; i_align=&#8221;left&#8221; i_type=&#8221;fontawesome&#8221; i_icon_fontawesome=&#8221;fa fa-adjust&#8221; i_icon_openiconic=&#8221;vc-oi vc-oi-dial&#8221; i_icon_typicons=&#8221;typcn<!-- AddThis Advanced Settings generic via filter on get_the_excerpt --><!-- AddThis Share Buttons generic via filter on get_the_excerpt --><\/p>\n","protected":false},"author":2,"featured_media":0,"parent":0,"menu_order":0,"comment_status":"closed","ping_status":"closed","template":"fullwidth.php","meta":{"footnotes":""},"class_list":["post-852","page","type-page","status-publish","hentry"],"_links":{"self":[{"href":"http:\/\/www.kamu-bib.org.tr\/kamubib-18\/wp-json\/wp\/v2\/pages\/852","targetHints":{"allow":["GET"]}}],"collection":[{"href":"http:\/\/www.kamu-bib.org.tr\/kamubib-18\/wp-json\/wp\/v2\/pages"}],"about":[{"href":"http:\/\/www.kamu-bib.org.tr\/kamubib-18\/wp-json\/wp\/v2\/types\/page"}],"author":[{"embeddable":true,"href":"http:\/\/www.kamu-bib.org.tr\/kamubib-18\/wp-json\/wp\/v2\/users\/2"}],"replies":[{"embeddable":true,"href":"http:\/\/www.kamu-bib.org.tr\/kamubib-18\/wp-json\/wp\/v2\/comments?post=852"}],"version-history":[{"count":13,"href":"http:\/\/www.kamu-bib.org.tr\/kamubib-18\/wp-json\/wp\/v2\/pages\/852\/revisions"}],"predecessor-version":[{"id":2056,"href":"http:\/\/www.kamu-bib.org.tr\/kamubib-18\/wp-json\/wp\/v2\/pages\/852\/revisions\/2056"}],"wp:attachment":[{"href":"http:\/\/www.kamu-bib.org.tr\/kamubib-18\/wp-json\/wp\/v2\/media?parent=852"}],"curies":[{"name":"wp","href":"https:\/\/api.w.org\/{rel}","templated":true}]}}