{"id":2,"date":"2017-09-22T11:15:18","date_gmt":"2017-09-22T08:15:18","guid":{"rendered":"http:\/\/www.kamu-bib.org.tr\/kamubib-19\/?page_id=2"},"modified":"2017-10-25T16:49:50","modified_gmt":"2017-10-25T13:49:50","slug":"anasayfa","status":"publish","type":"page","link":"http:\/\/www.kamu-bib.org.tr\/kamubib-19\/","title":{"rendered":"ANASAYFA"},"content":{"rendered":"<div class=\"wpb-content-wrapper\"><p>[vc_row full_width=&#8221;stretch_row&#8221; css=&#8221;.vc_custom_1506069618444{background-image: url(http:\/\/www.kamu-bib.org.tr\/kamubib-19\/wp-content\/uploads\/2017\/09\/slider-background-kamu-bib-19.jpg?id=7) !important;background-position: center !important;background-repeat: no-repeat !important;background-size: cover !important;}&#8221;][vc_column][rev_slider_vc alias=&#8221;anasayfa&#8221;][\/vc_column][\/vc_row][vc_row][vc_column width=&#8221;1\/4&#8243;]<div class=\"themeum-button \" style=\"display: inline; text-align:center;display:inline-block;\"><a data-hover-color=\"#26dbef\" data-hover-bg-color=\"#96157c\"  class=\"thm-color themeum_button_shortcode\" style=\"font-size:16px;line-height:16px;color:#ffffff;background:#30936f;border-radius:4px;font-weight:500;margin:0 20px 0 0;padding:15px 30px;display:inline-block\" href=\"http:\/\/www.kamu-bib.org.tr\/kamubib-19\/program\" target=\"_self\">PROGRAM<\/a><\/div>[\/vc_column][vc_column width=&#8221;1\/4&#8243;]<div class=\"themeum-button \" style=\"display: inline; text-align:center;display:inline-block;\"><a data-hover-color=\"#26dbef\" data-hover-bg-color=\"#96157c\"  class=\"thm-color themeum_button_shortcode\" style=\"font-size:16px;line-height:16px;color:#ffffff;background:#14b0e0;border-radius:4px;font-weight:500;margin:0 20px 0 0;padding:15px 30px;display:inline-block\" href=\"http:\/\/www.kamu-bib.org.tr\/kamubib-19\/sponsorluk\" target=\"_self\">SPONSORLUK<\/a><\/div>[\/vc_column][vc_column width=&#8221;1\/4&#8243;]<div class=\"themeum-button \" style=\"display: inline; text-align:center;display:inline-block;\"><a data-hover-color=\"#26dbef\" data-hover-bg-color=\"#96157c\"  class=\"thm-color themeum_button_shortcode\" style=\"font-size:16px;line-height:16px;color:#ffffff;background:#f75b33;border-radius:4px;font-weight:500;margin:0 20px 0 0;padding:15px 30px;display:inline-block\" href=\"http:\/\/www.kamu-bib.org.tr\/kamubib-19\/KAMUBIB19-TANITIM1.pdf\" target=\"_self\">TANITIM (PDF)<\/a><\/div>[\/vc_column][vc_column width=&#8221;1\/4&#8243;]<div class=\"themeum-button \" style=\"display: inline; text-align:center;display:inline-block;\"><a data-hover-color=\"#26dbef\" data-hover-bg-color=\"#96157c\"  class=\"thm-color themeum_button_shortcode\" style=\"font-size:16px;line-height:16px;color:#ffffff;background:#e8c83e;border-radius:4px;font-weight:500;margin:0 20px 0 0;padding:15px 30px;display:inline-block\" href=\"http:\/\/www.kamu-bib.org.tr\/kamubib-19\/transfer-saatleri\" target=\"_self\">TRANSFER SAATLER\u0130<\/a><\/div>[\/vc_column][\/vc_row][vc_row][vc_column width=&#8221;5\/6&#8243;]<div class=\"themeum-title  \" style=\"text-align:left;\"><h3 class=\"style-title\" style=\"font-weight:700;font-size:28px;line-height: normal;color:#00137b;\">TBD KAMU-B\u0130B&#039;19 ``KATILIM DAVET\u0130``<\/h3><\/div>[vc_column_text]TBD Kamu-B\u0130B&#8217;19 &#8220;<strong>26 &#8211; 29 <\/strong><strong>Ekim<\/strong><strong> 2017<\/strong>&#8221; Tarihlerinde<strong>\u00a0<\/strong><strong>Vogue<\/strong> <strong>Otel<\/strong> <strong>Bodrum<\/strong>&#8216;da ger\u00e7ekle\u015ftiriliyor.<\/p>\n<p style=\"text-align: justify;\">2017 Ana temas\u0131n\u0131 &#8220;<strong>Dijital<\/strong> <strong>Devlet<\/strong>&#8221; olarak belirledi\u011fimiz Kamu-B\u0130B\u201919 etkinli\u011fimizde, insan, s\u00fcre\u00e7 ve teknolojiyi unsurlar\u0131yla birlikte irdelenerek, \u201c<strong>e<\/strong><strong>&#8211;<\/strong><strong>devlet<\/strong>\u201d, \u201c<strong>KamuNet<\/strong>\u201d, \u201c<strong>Kamuda<\/strong> <strong>B\u00fcy\u00fck<\/strong> <strong>Veri<\/strong>\u201d, \u201c<strong>Kamuda<\/strong> <strong>Bulut<\/strong> <strong>Bili\u015fim<\/strong>\u201d, \u201c<strong>Kamuda<\/strong> <strong>Siber<\/strong> <strong>G\u00fcvenlik<\/strong>\u201d, \u201c<strong>e<\/strong><strong>&#8211;<\/strong><strong>Sa\u011fl\u0131k<\/strong>\u201d, \u201c<strong>Bili\u015fim<\/strong> <strong>ve<\/strong> <strong>Yaz\u0131l\u0131m<\/strong> <strong>Sanayi<\/strong>\u201d, \u201c<strong>e<\/strong><strong>&#8211; <\/strong><strong>T\u00fcrkiye<\/strong>\u201d \u201c<strong>Dijital<\/strong> <strong>D\u00f6n\u00fc\u015f\u00fcm<\/strong>\u201d gibi \u00e7\u0131\u011f\u0131r a\u00e7an uygulamalar\u0131, kamu, \u00fcniversiteler, \u00f6zel sekt\u00f6r ve sivil toplum kurulu\u015flar\u0131n temsilcileriyle tart\u0131\u015farak, yeni teknolojilerin, mevcut sisteme uyarlanmas\u0131 konusundaki m\u00fccadele alanlar\u0131 ve \u00e7\u00f6z\u00fcm \u00f6nerileri konusunda beyin f\u0131rt\u0131nas\u0131 yap\u0131lacak, ayr\u0131ca Bili\u015fim Sekt\u00f6r\u00fcn\u00fcn Gelece\u011fi t\u00fcm y\u00f6nleri ile g\u00f6r\u00fc\u015f\u00fclecek ve tart\u0131\u015f\u0131lacakt\u0131r.<\/p>\n<p style=\"text-align: justify;\">Etkinli\u011fimize her sene oldu\u011fu gibi bu sene de Kamu, \u00dcniversite, \u00d6zel Sekt\u00f6r, Sivil Toplum Kurulu\u015flar\u0131 ve Medya temsilcileri Bili\u015fim Merkezi Y\u00f6neticileri ve uzmanlar\u0131, akademisyenleri ile kamu kurumlar\u0131 \u00fcst d\u00fczey yetkilileri kat\u0131lacakt\u0131r.<\/p>\n<p style=\"text-align: justify;\">\u201c<strong><em>Gelin<\/em><\/strong><strong><em> \u2018<\/em><\/strong><strong><em>Dijital<\/em><\/strong> <strong><em>T\u00fcrkiye<\/em><\/strong><strong><em>&#8216; <\/em><\/strong><strong><em>i\u00e7in<\/em><\/strong> <strong><em>G\u00fc\u00e7lerimizi<\/em><\/strong> <strong><em>Birle\u015ftirelim<\/em><\/strong>\u201d slogan\u0131 ile yola \u00e7\u0131kan TBD, Kamu-B\u0130B toplant\u0131lar\u0131 ile y\u0131llard\u0131r kamuyu ve \u00f6zel sekt\u00f6r\u00fc bulu\u015fturarak, ortak bir sinerji olu\u015fturulmas\u0131na katk\u0131 sa\u011flamaktad\u0131r.<\/p>\n<p style=\"text-align: justify;\">H\u00fck\u00fcmetin eylem plan\u0131nda da var olan \u2018<strong>Dijital<\/strong> <strong>T\u00fcrkiye<\/strong>\u2019 hedefi i\u00e7in kamunun, \u00f6zel sekt\u00f6r\u00fcn ve akademik d\u00fcnyan\u0131n birlikte hareket etmesini TBD olarak \u00f6nemsemekteyiz.<\/p>\n<p style=\"text-align: justify;\">1976\u2019dan beri, 40 y\u0131ld\u0131r kamuoyunun bizlere verdi\u011fi destek ve g\u00fc\u00e7le \u00fclkemizin ve sekt\u00f6r\u00fcm\u00fcz\u00fcn geli\u015fmesi i\u00e7in ba\u015far\u0131yla ger\u00e7ekle\u015ftirdi\u011fimiz etkinliklerden biri olan, ayn\u0131 zamanda T\u00fcrkiye\u2019nin KAMU B\u0130L\u0130\u015e\u0130M\u0130 konusundaki en kapsaml\u0131 etkinli\u011fi \u00f6zelli\u011fini ta\u015f\u0131yan ve bu sene 19.sunu ger\u00e7ekle\u015ftirece\u011fimiz KAMU-B\u0130B\u201919 \u201cDijital Devlet\u201d temal\u0131 etkinli\u011fimize kat\u0131l\u0131mlar\u0131n\u0131z\u0131 bekleriz.<\/p>\n<p style=\"text-align: justify;\">Bilim, Sanayi ve Teknoloji Bakanl\u0131\u011f\u0131, Kalk\u0131nma Bakanl\u0131\u011f\u0131, Ula\u015ft\u0131rma, Denizcilik ve Haberle\u015fme Bakanl\u0131\u011f\u0131, Sa\u011fl\u0131k Bakanl\u0131\u011f\u0131, Bilgi Teknolojileri ve \u0130leti\u015fim Kurumu (BTK) ve Dijital T\u00fcrkiye Platformu deste\u011fi ile d\u00fczenlenecek olan \u201c19. TBD Kamu-B\u0130B\u201d toplant\u0131lar\u0131na kat\u0131lmak i\u00e7in gerekli bilgi ve a\u00e7\u0131klamaya www.kamu-bib.org.tr adresinden ula\u015fabilece\u011finiz gibi, ekte yer alan dosyam\u0131zdan bilgi edinebilir, ileti\u015fim adreslerinden bize do\u011frudan ula\u015fman\u0131z durumunda da, bilgilendirmekten memnuniyet duyaca\u011f\u0131m\u0131z\u0131 bilmenizi isteriz.<\/p>\n<p>Sayg\u0131lar\u0131m\u0131zla,<\/p>\n<p>T\u00dcRK\u0130YE B\u0130L\u0130\u015e\u0130M DERNE\u011e\u0130[\/vc_column_text][\/vc_column][vc_column width=&#8221;1\/6&#8243;][vc_column_text]<img decoding=\"async\" class=\"sponsor\" src=\"http:\/\/www.kamu-bib.org.tr\/kamubib-19\/wp-content\/uploads\/2017\/09\/ce-logo.jpg\" width=\"100%\" \/>[\/vc_column_text][vc_column_text]<img decoding=\"async\" class=\"sponsor\" src=\"http:\/\/www.kamu-bib.org.tr\/kamubib-19\/wp-content\/uploads\/2017\/09\/ECSM-5thAnniversary-logo.jpg\" width=\"100%\" \/>[\/vc_column_text][vc_column_text]<img decoding=\"async\" class=\"sponsor\" src=\"http:\/\/www.kamu-bib.org.tr\/kamubib-19\/wp-content\/uploads\/2017\/09\/enisa-logo.jpg\" width=\"100%\" \/>[\/vc_column_text][vc_column_text]<\/p>\n<p style=\"text-align: center;\"><strong>GE\u00c7M\u0130\u015e ETK\u0130NL\u0130KLER<\/strong><\/p>\n<p>[\/vc_column_text][vc_single_image source=&#8221;external_link&#8221; external_img_size=&#8221;150&#215;150&#8243; alignment=&#8221;center&#8221; external_style=&#8221;vc_box_rounded&#8221; onclick=&#8221;custom_link&#8221; img_link_target=&#8221;_blank&#8221; title=&#8221;KAMU-B\u0130B&#8217;18&#8221; custom_src=&#8221;http:\/\/www.kamu-bib.org.tr\/kamubib-18\/wp-content\/uploads\/2015\/09\/5-Kare-250&#215;250.jpg&#8221; link=&#8221;http:\/\/www.kamu-bib.org.tr\/kamubib-18\/&#8221;][vc_single_image source=&#8221;external_link&#8221; external_img_size=&#8221;150&#215;150&#8243; alignment=&#8221;center&#8221; external_style=&#8221;vc_box_rounded&#8221; onclick=&#8221;custom_link&#8221; img_link_target=&#8221;_blank&#8221; title=&#8221;KAMU-B\u0130B&#8217;17&#8221; custom_src=&#8221;http:\/\/www.kamu-bib.org.tr\/kamubib-17\/wp-content\/uploads\/banner\/gif\/tbd-kamubib-banner-125&#215;125-kare.gif&#8221; link=&#8221;http:\/\/www.kamu-bib.org.tr\/kamubib-17\/&#8221;][\/vc_column][\/vc_row][vc_row][vc_column]<div class=\"themeum-title  \" style=\"text-align:left;\"><h3 class=\"style-title\" style=\"font-weight:700;font-size:28px;line-height: normal;color:#00137b;\">\u0130LET\u0130\u015e\u0130M<\/h3><\/div>[vc_column_text]<\/p>\n<table>\n<thead>\n<tr>\n<th>KATILIM KAYIT ORGAN\u0130ZASYON, SPONSORLUK<\/th>\n<th>BASIN MEDYA \u0130LET\u0130\u015e\u0130M<\/th>\n<\/tr>\n<\/thead>\n<tbody>\n<tr>\n<td>Serap ALTAN<\/td>\n<td>Arzu KILI\u00c7<\/td>\n<\/tr>\n<tr>\n<td><a href=\"mailto:serap.altan@tbd.org.tr\">serap.altan@tbd.org.tr<\/a><\/td>\n<td><a href=\"mailto:arzu.kilic@tbd.org.tr\">arzu.kilic@tbd.org.tr<\/a><\/td>\n<\/tr>\n<\/tbody>\n<thead>\n<tr>\n<th>TBD GENEL MERKEZ \u0130LET\u0130\u015e\u0130M<\/th>\n<th>WEB S\u0130TELER\u0130<\/th>\n<\/tr>\n<\/thead>\n<tbody>\n<tr>\n<td><strong>TEL :<\/strong> +90 (312) 473 8215<\/td>\n<td><strong>KAMU-B\u0130B :<\/strong> <a href=\"www.kamu-bib.org.tr\">www.kamu-bib.org.tr<\/a><\/td>\n<\/tr>\n<tr>\n<td><strong>FAKS :<\/strong> +90 (312) 473 8216<\/td>\n<td><strong>TBD :<\/strong> <a href=\"www.tbd.org.tr\">www.tbd.org.tr<\/a><\/td>\n<\/tr>\n<tr>\n<td><strong>ADRES :<\/strong> Ceyhun Atuf Kansu Caddesi 1246. Sokak No:4\/17 Balgat \/ ANKARA<\/td>\n<\/tr>\n<\/tbody>\n<thead>\n<tr>\n<th>SOSYAL MEDYA<\/th>\n<th>SOSYAL MEDYA ET\u0130KETLER\u0130<\/th>\n<\/tr>\n<\/thead>\n<tbody>\n<tr>\n<td><strong>FACEBOOK :<\/strong> <a href=\"https:\/\/www.facebook.com\/kamubib\">\/kamubib<\/a><\/td>\n<td>#KAMUB\u0130B<\/td>\n<\/tr>\n<tr>\n<td><strong>TWITTER :<\/strong> <a href=\"https:\/\/www.twitter.com\/kamubib\">\/kamubib<\/a><\/td>\n<td>#KAMUB\u0130B19<\/td>\n<\/tr>\n<tr>\n<td><\/td>\n<td>#D\u0130J\u0130TALDEVLET<\/td>\n<\/tr>\n<\/tbody>\n<\/table>\n<p>[\/vc_column_text][vc_single_image image=&#8221;23&#8243; img_size=&#8221;full&#8221; alignment=&#8221;center&#8221; style=&#8221;vc_box_shadow_border&#8221; onclick=&#8221;img_link_large&#8221; img_link_target=&#8221;_blank&#8221;][\/vc_column][\/vc_row]<\/p>\n<\/div>","protected":false},"excerpt":{"rendered":"<p>[vc_row full_width=&#8221;stretch_row&#8221; css=&#8221;.vc_custom_1506069618444{background-image: url(http:\/\/www.kamu-bib.org.tr\/kamubib-19\/wp-content\/uploads\/2017\/09\/slider-background-kamu-bib-19.jpg?id=7) !important;background-position: center !important;background-repeat: no-repeat !important;background-size: cover !important;}&#8221;][vc_column][rev_slider_vc alias=&#8221;anasayfa&#8221;][\/vc_column][\/vc_row][vc_row][vc_column width=&#8221;1\/4&#8243;][\/vc_column][vc_column width=&#8221;1\/4&#8243;][\/vc_column][vc_column width=&#8221;1\/4&#8243;][\/vc_column][vc_column width=&#8221;1\/4&#8243;][\/vc_column][\/vc_row][vc_row][vc_column width=&#8221;5\/6&#8243;][vc_column_text]TBD Kamu-B\u0130B&#8217;19 &#8220;26 &#8211; 29 Ekim 2017&#8221; Tarihlerinde\u00a0Vogue Otel Bodrum&#8216;da ger\u00e7ekle\u015ftiriliyor. 2017 Ana temas\u0131n\u0131 &#8220;Dijital Devlet&#8221; olarak belirledi\u011fimiz Kamu-B\u0130B\u201919 etkinli\u011fimizde, insan, s\u00fcre\u00e7 ve teknolojiyi unsurlar\u0131yla birlikte irdelenerek, \u201ce&#8211;devlet\u201d, \u201cKamuNet\u201d, \u201cKamuda B\u00fcy\u00fck Veri\u201d, \u201cKamuda Bulut Bili\u015fim\u201d, \u201cKamuda Siber G\u00fcvenlik\u201d, \u201ce&#8211;Sa\u011fl\u0131k\u201d,&nbsp;<\/p>\n<p><a class=\"btn btn-style\" href=\"http:\/\/www.kamu-bib.org.tr\/kamubib-19\/\">Continue Reading<\/a><\/p>\n","protected":false},"author":3,"featured_media":0,"parent":0,"menu_order":0,"comment_status":"closed","ping_status":"closed","template":"homepage.php","meta":{"rs_blank_template":"","rs_page_bg_color":"","slide_template_v7":"","footnotes":""},"class_list":["post-2","page","type-page","status-publish","hentry"],"_links":{"self":[{"href":"http:\/\/www.kamu-bib.org.tr\/kamubib-19\/wp-json\/wp\/v2\/pages\/2","targetHints":{"allow":["GET"]}}],"collection":[{"href":"http:\/\/www.kamu-bib.org.tr\/kamubib-19\/wp-json\/wp\/v2\/pages"}],"about":[{"href":"http:\/\/www.kamu-bib.org.tr\/kamubib-19\/wp-json\/wp\/v2\/types\/page"}],"author":[{"embeddable":true,"href":"http:\/\/www.kamu-bib.org.tr\/kamubib-19\/wp-json\/wp\/v2\/users\/3"}],"replies":[{"embeddable":true,"href":"http:\/\/www.kamu-bib.org.tr\/kamubib-19\/wp-json\/wp\/v2\/comments?post=2"}],"version-history":[{"count":35,"href":"http:\/\/www.kamu-bib.org.tr\/kamubib-19\/wp-json\/wp\/v2\/pages\/2\/revisions"}],"predecessor-version":[{"id":457,"href":"http:\/\/www.kamu-bib.org.tr\/kamubib-19\/wp-json\/wp\/v2\/pages\/2\/revisions\/457"}],"wp:attachment":[{"href":"http:\/\/www.kamu-bib.org.tr\/kamubib-19\/wp-json\/wp\/v2\/media?parent=2"}],"curies":[{"name":"wp","href":"https:\/\/api.w.org\/{rel}","templated":true}]}}