{"id":279,"date":"2017-10-21T16:03:03","date_gmt":"2017-10-21T13:03:03","guid":{"rendered":"http:\/\/www.kamu-bib.org.tr\/kamubib-19\/?page_id=279"},"modified":"2017-10-25T16:55:54","modified_gmt":"2017-10-25T13:55:54","slug":"sponsorlar","status":"publish","type":"page","link":"http:\/\/www.kamu-bib.org.tr\/kamubib-19\/sponsorlar","title":{"rendered":"SPONSORLAR"},"content":{"rendered":"<div class=\"wpb-content-wrapper\"><p>[vc_row full_width=&#8221;stretch_row&#8221; css=&#8221;.vc_custom_1508591011291{background-image: url(http:\/\/www.kamu-bib.org.tr\/kamubib-19\/wp-content\/uploads\/2017\/09\/slider-background-kamu-bib-19.jpg?id=7) !important;background-position: center !important;background-repeat: no-repeat !important;background-size: cover !important;}&#8221;][vc_column][rev_slider_vc alias=&#8221;anasayfa&#8221;][\/vc_column][\/vc_row][vc_row][vc_column][vc_column_text]<\/p>\n<h3 style=\"text-align: center;\"><strong>PLAT\u0130N SPONSORLAR<\/strong><\/h3>\n<p>[\/vc_column_text][vc_row_inner][vc_column_inner width=&#8221;1\/2&#8243;][vc_column_text]<img loading=\"lazy\" decoding=\"async\" class=\"sponsor aligncenter\" src=\"http:\/\/www.kamu-bib.org.tr\/kamubib-19\/wp-content\/uploads\/2017\/10\/microsoft-logo.jpg\" width=\"200\" height=\"200\" \/>[\/vc_column_text][\/vc_column_inner][vc_column_inner width=&#8221;1\/2&#8243;][vc_column_text]<img loading=\"lazy\" decoding=\"async\" class=\"sponsor aligncenter\" src=\"http:\/\/www.kamu-bib.org.tr\/kamubib-19\/wp-content\/uploads\/2017\/10\/platin-logo.jpg\" width=\"200\" height=\"200\" \/>[\/vc_column_text][\/vc_column_inner][\/vc_row_inner][\/vc_column][\/vc_row][vc_row][vc_column][vc_column_text]<\/p>\n<h3 style=\"text-align: center;\"><strong>OTURUM SPONSORLARI<\/strong><\/h3>\n<p>[\/vc_column_text][vc_row_inner][vc_column_inner width=&#8221;1\/3&#8243;][vc_column_text]<img loading=\"lazy\" decoding=\"async\" class=\"sponsor aligncenter\" src=\"http:\/\/www.kamu-bib.org.tr\/kamubib-19\/wp-content\/uploads\/2017\/10\/aselsan-logo.jpg\" width=\"200\" height=\"200\" \/>[\/vc_column_text][\/vc_column_inner][vc_column_inner width=&#8221;1\/3&#8243;][vc_column_text]<img loading=\"lazy\" decoding=\"async\" class=\"sponsor aligncenter\" src=\"http:\/\/www.kamu-bib.org.tr\/kamubib-19\/wp-content\/uploads\/2017\/10\/cybersoft-logo.jpg\" width=\"200\" height=\"200\" \/>[\/vc_column_text][\/vc_column_inner][vc_column_inner width=&#8221;1\/3&#8243;][vc_column_text]<img loading=\"lazy\" decoding=\"async\" class=\"sponsor aligncenter\" src=\"http:\/\/www.kamu-bib.org.tr\/kamubib-19\/wp-content\/uploads\/2017\/10\/normshield-logo.jpg\" width=\"200\" height=\"200\" \/>[\/vc_column_text][\/vc_column_inner][\/vc_row_inner][\/vc_column][\/vc_row][vc_row][vc_column][vc_row_inner][vc_column_inner width=&#8221;1\/2&#8243;][vc_column_text]<\/p>\n<h3 style=\"text-align: center;\"><strong>YAKA KARTI SPONSORU<\/strong><\/h3>\n<p>[\/vc_column_text][vc_column_text]<img loading=\"lazy\" decoding=\"async\" class=\"sponsor aligncenter\" src=\"http:\/\/www.kamu-bib.org.tr\/kamubib-19\/wp-content\/uploads\/2017\/10\/denizbank-logo.jpg\" width=\"200\" height=\"200\" \/>[\/vc_column_text][\/vc_column_inner][vc_column_inner width=&#8221;1\/2&#8243;][vc_column_text]<\/p>\n<h3 style=\"text-align: center;\"><strong>BULU\u015eMA ETK\u0130NL\u0130K SPONSORU<\/strong><\/h3>\n<p>[\/vc_column_text][vc_column_text]<img loading=\"lazy\" decoding=\"async\" class=\"sponsor aligncenter\" src=\"http:\/\/www.kamu-bib.org.tr\/kamubib-19\/wp-content\/uploads\/2017\/10\/netas-logo.jpg\" width=\"200\" height=\"200\" \/>[\/vc_column_text][\/vc_column_inner][\/vc_row_inner][\/vc_column][\/vc_row][vc_row][vc_column][vc_column_text]<\/p>\n<h3 style=\"text-align: center;\"><strong>STAND SPONSORLARI<\/strong><\/h3>\n<p>[\/vc_column_text][vc_row_inner][vc_column_inner width=&#8221;1\/4&#8243;][vc_column_text]<img loading=\"lazy\" decoding=\"async\" class=\"sponsor aligncenter\" src=\"http:\/\/www.kamu-bib.org.tr\/kamubib-19\/wp-content\/uploads\/2017\/10\/innovera-logo.jpg\" width=\"200\" height=\"200\" \/>[\/vc_column_text][\/vc_column_inner][vc_column_inner width=&#8221;1\/4&#8243;][vc_column_text]<img loading=\"lazy\" decoding=\"async\" class=\"sponsor aligncenter\" src=\"http:\/\/www.kamu-bib.org.tr\/kamubib-19\/wp-content\/uploads\/2017\/10\/intermat-logo.jpg\" width=\"200\" height=\"200\" \/>[\/vc_column_text][\/vc_column_inner][vc_column_inner width=&#8221;1\/4&#8243;][vc_column_text]<img loading=\"lazy\" decoding=\"async\" class=\"sponsor aligncenter\" src=\"http:\/\/www.kamu-bib.org.tr\/kamubib-19\/wp-content\/uploads\/2017\/10\/uyumsoft-logo.jpg\" width=\"200\" height=\"200\" \/>[\/vc_column_text][\/vc_column_inner][vc_column_inner width=&#8221;1\/4&#8243;][vc_column_text]<img loading=\"lazy\" decoding=\"async\" class=\"sponsor aligncenter\" src=\"http:\/\/www.kamu-bib.org.tr\/kamubib-19\/wp-content\/uploads\/2017\/10\/veriteknik-logo.jpg\" width=\"200\" height=\"200\" \/>[\/vc_column_text][\/vc_column_inner][\/vc_row_inner][vc_row_inner][vc_column_inner width=&#8221;1\/4&#8243;][vc_column_text]<img loading=\"lazy\" decoding=\"async\" class=\"sponsor aligncenter\" src=\"http:\/\/www.kamu-bib.org.tr\/kamubib-19\/wp-content\/uploads\/2017\/10\/sistem-bk-logo.jpg\" width=\"200\" height=\"200\" \/>[\/vc_column_text][\/vc_column_inner][vc_column_inner width=&#8221;1\/4&#8243;][\/vc_column_inner][vc_column_inner width=&#8221;1\/4&#8243;][\/vc_column_inner][vc_column_inner width=&#8221;1\/4&#8243;][\/vc_column_inner][\/vc_row_inner][\/vc_column][\/vc_row][vc_row][vc_column][vc_column_text]<\/p>\n<h3 style=\"text-align: center;\"><strong>DESTEKLEYEN SPONSORLAR<\/strong><\/h3>\n<p>[\/vc_column_text][vc_row_inner][vc_column_inner width=&#8221;1\/4&#8243;][vc_column_text]<img loading=\"lazy\" decoding=\"async\" class=\"sponsor aligncenter\" src=\"http:\/\/www.kamu-bib.org.tr\/kamubib-19\/wp-content\/uploads\/2017\/10\/6a-bilisim-logo.jpg\" width=\"200\" height=\"200\" \/>[\/vc_column_text][\/vc_column_inner][vc_column_inner width=&#8221;1\/4&#8243;][vc_column_text]<img loading=\"lazy\" decoding=\"async\" class=\"sponsor aligncenter\" src=\"http:\/\/www.kamu-bib.org.tr\/kamubib-19\/wp-content\/uploads\/2017\/10\/bilgikent-logo.jpg\" width=\"200\" height=\"200\" \/>[\/vc_column_text][\/vc_column_inner][vc_column_inner width=&#8221;1\/4&#8243;][vc_column_text]<img loading=\"lazy\" decoding=\"async\" class=\"sponsor aligncenter\" src=\"http:\/\/www.kamu-bib.org.tr\/kamubib-19\/wp-content\/uploads\/2017\/10\/deloitte-logo.jpg\" width=\"200\" height=\"200\" \/>[\/vc_column_text][\/vc_column_inner][vc_column_inner width=&#8221;1\/4&#8243;][vc_column_text]<img loading=\"lazy\" decoding=\"async\" class=\"sponsor aligncenter\" src=\"http:\/\/www.kamu-bib.org.tr\/kamubib-19\/wp-content\/uploads\/2017\/10\/veeam-logo.jpg\" width=\"200\" height=\"200\" \/>[\/vc_column_text][\/vc_column_inner][\/vc_row_inner][vc_row_inner][vc_column_inner width=&#8221;1\/4&#8243;][vc_column_text]<img loading=\"lazy\" decoding=\"async\" class=\"sponsor aligncenter\" src=\"http:\/\/www.kamu-bib.org.tr\/kamubib-19\/wp-content\/uploads\/2017\/10\/kocsistem-logo.jpg\" width=\"200\" height=\"200\" \/>[\/vc_column_text][\/vc_column_inner][vc_column_inner width=&#8221;1\/4&#8243;][vc_column_text]<img loading=\"lazy\" decoding=\"async\" class=\"sponsor aligncenter\" src=\"http:\/\/www.kamu-bib.org.tr\/kamubib-19\/wp-content\/uploads\/2017\/10\/netcad-logo.jpg\" width=\"200\" height=\"200\" \/>[\/vc_column_text][\/vc_column_inner][vc_column_inner width=&#8221;1\/4&#8243;][vc_column_text]<img loading=\"lazy\" decoding=\"async\" class=\"sponsor aligncenter\" src=\"http:\/\/www.kamu-bib.org.tr\/kamubib-19\/wp-content\/uploads\/2017\/10\/turksat-logo.jpg\" width=\"200\" height=\"200\" \/>[\/vc_column_text][\/vc_column_inner][vc_column_inner width=&#8221;1\/4&#8243;][\/vc_column_inner][\/vc_row_inner][\/vc_column][\/vc_row][vc_row][vc_column width=&#8221;1\/4&#8243;][vc_column_text]<\/p>\n<h3 style=\"text-align: center;\"><strong>IoT SPONSORU<\/strong><\/h3>\n<p>[\/vc_column_text][vc_column_text]<img loading=\"lazy\" decoding=\"async\" class=\"sponsor aligncenter\" src=\"http:\/\/www.kamu-bib.org.tr\/kamubib-19\/wp-content\/uploads\/2017\/10\/ankaref-logo.jpg\" width=\"200\" height=\"200\" \/>[\/vc_column_text][\/vc_column][vc_column width=&#8221;1\/4&#8243;][vc_column_text]<\/p>\n<h3 style=\"text-align: center;\"><strong>KAHVE ARASI<\/strong><\/h3>\n<p>[\/vc_column_text][vc_column_text]<img loading=\"lazy\" decoding=\"async\" class=\"sponsor aligncenter\" src=\"http:\/\/www.kamu-bib.org.tr\/kamubib-19\/wp-content\/uploads\/2017\/10\/linkplus-logo.jpg\" width=\"200\" height=\"200\" \/>[\/vc_column_text][\/vc_column][vc_column width=&#8221;1\/4&#8243;][vc_column_text]<\/p>\n<h3 style=\"text-align: center;\"><strong>GEN\u00c7 G\u0130R\u0130\u015e\u0130MC\u0130<\/strong><\/h3>\n<p>[\/vc_column_text][vc_column_text]<img loading=\"lazy\" decoding=\"async\" class=\"sponsor aligncenter\" src=\"http:\/\/www.kamu-bib.org.tr\/kamubib-19\/wp-content\/uploads\/2017\/10\/atarlabs-logo.jpg\" width=\"200\" height=\"200\" \/>[\/vc_column_text][\/vc_column][\/vc_row][vc_row][vc_column][vc_column_text]<\/p>\n<h3 style=\"text-align: center;\"><strong>BASIN ve MEDYA SPONSORLARI<\/strong><\/h3>\n<p>[\/vc_column_text][vc_row_inner][vc_column_inner width=&#8221;1\/4&#8243;][vc_column_text]<\/p>\n<p style=\"text-align: center;\"><strong>Teknoloji Ana Medya Sponsoru<\/strong><\/p>\n<p>[\/vc_column_text][vc_column_text]<img loading=\"lazy\" decoding=\"async\" class=\"sponsor aligncenter\" src=\"http:\/\/www.kamu-bib.org.tr\/kamubib-19\/wp-content\/uploads\/2017\/10\/bt-haber-logo.jpg\" width=\"200\" height=\"200\" \/>[\/vc_column_text][\/vc_column_inner][vc_column_inner width=&#8221;1\/4&#8243;][vc_empty_space height=&#8221;45px&#8221;][vc_column_text]<img loading=\"lazy\" decoding=\"async\" class=\"sponsor aligncenter\" src=\"http:\/\/www.kamu-bib.org.tr\/kamubib-19\/wp-content\/uploads\/2017\/10\/bilisim-dergisi-logo.jpg\" width=\"200\" height=\"200\" \/>[\/vc_column_text][\/vc_column_inner][vc_column_inner width=&#8221;1\/4&#8243;][vc_empty_space height=&#8221;45px&#8221;][vc_column_text]<img loading=\"lazy\" decoding=\"async\" class=\"sponsor aligncenter\" src=\"http:\/\/www.kamu-bib.org.tr\/kamubib-19\/wp-content\/uploads\/2017\/10\/teknolog.jpg\" width=\"200\" height=\"200\" \/>[\/vc_column_text][\/vc_column_inner][vc_column_inner width=&#8221;1\/4&#8243;][vc_empty_space height=&#8221;45px&#8221;][vc_column_text]<img loading=\"lazy\" decoding=\"async\" class=\"sponsor aligncenter\" src=\"http:\/\/www.kamu-bib.org.tr\/kamubib-19\/wp-content\/uploads\/2017\/10\/ict-media-\u015fogo.jpg\" width=\"200\" height=\"200\" \/>[\/vc_column_text][\/vc_column_inner][\/vc_row_inner][\/vc_column][\/vc_row][vc_row][vc_column][vc_column_text]<\/p>\n<h3 style=\"text-align: center;\"><strong>\u00dcR\u00dcN ve H\u0130ZMET SPONSORLARI<\/strong><\/h3>\n<p>[\/vc_column_text][vc_row_inner][vc_column_inner width=&#8221;1\/4&#8243;][vc_column_text]<\/p>\n<h3 style=\"text-align: center;\"><strong>KARGO<\/strong><\/h3>\n<p>[\/vc_column_text][vc_column_text]<img loading=\"lazy\" decoding=\"async\" class=\"sponsor aligncenter\" src=\"http:\/\/www.kamu-bib.org.tr\/kamubib-19\/wp-content\/uploads\/2017\/10\/yurtici-kargo-logo.jpg\" width=\"200\" height=\"200\" \/>[\/vc_column_text][\/vc_column_inner][vc_column_inner width=&#8221;1\/4&#8243;][vc_column_text]<\/p>\n<h3 style=\"text-align: center;\"><strong>ULA\u015eIM<\/strong><\/h3>\n<p>[\/vc_column_text][vc_column_text]<img loading=\"lazy\" decoding=\"async\" class=\"sponsor aligncenter\" src=\"http:\/\/www.kamu-bib.org.tr\/kamubib-19\/wp-content\/uploads\/2017\/10\/ankara-lojistik-uss-logo.jpg\" width=\"200\" height=\"200\" \/>[\/vc_column_text][\/vc_column_inner][vc_column_inner width=&#8221;1\/4&#8243;][vc_column_text]<\/p>\n<h3 style=\"text-align: center;\"><strong>SANAL SUNUCU<\/strong><\/h3>\n<p>[\/vc_column_text][vc_column_text]<img loading=\"lazy\" decoding=\"async\" class=\"sponsor aligncenter\" src=\"http:\/\/www.kamu-bib.org.tr\/kamubib-19\/wp-content\/uploads\/2017\/10\/veriyum-logo.jpg\" width=\"200\" height=\"200\" \/>[\/vc_column_text][\/vc_column_inner][vc_column_inner width=&#8221;1\/4&#8243;][vc_column_text]<\/p>\n<h3 style=\"text-align: center;\"><strong>TEKN\u0130K DESTEK<\/strong><\/h3>\n<p>[\/vc_column_text][vc_column_text]<img loading=\"lazy\" decoding=\"async\" class=\"sponsor aligncenter\" src=\"http:\/\/www.kamu-bib.org.tr\/kamubib-19\/wp-content\/uploads\/2017\/10\/probilisim-logo.jpg\" width=\"200\" height=\"200\" \/>[\/vc_column_text][\/vc_column_inner][\/vc_row_inner][vc_row_inner][vc_column_inner width=&#8221;1\/4&#8243;][vc_column_text]<\/p>\n<h3 style=\"text-align: center;\"><strong>MEDYA TAK\u0130P<\/strong><\/h3>\n<p>[\/vc_column_text][vc_column_text]<img loading=\"lazy\" decoding=\"async\" class=\"sponsor aligncenter\" src=\"http:\/\/www.kamu-bib.org.tr\/kamubib-19\/wp-content\/uploads\/2017\/10\/mtm-logo.jpg\" width=\"200\" height=\"200\" \/>[\/vc_column_text][\/vc_column_inner][vc_column_inner width=&#8221;1\/4&#8243;][vc_column_text]<\/p>\n<h3 style=\"text-align: center;\"><strong>\u00dcR\u00dcN<\/strong><\/h3>\n<p>[\/vc_column_text][vc_column_text]<img loading=\"lazy\" decoding=\"async\" class=\"sponsor aligncenter\" src=\"http:\/\/www.kamu-bib.org.tr\/kamubib-19\/wp-content\/uploads\/2017\/10\/bitdefender-logo.jpg\" width=\"200\" height=\"200\" \/>[\/vc_column_text][\/vc_column_inner][vc_column_inner width=&#8221;1\/4&#8243;][vc_column_text]<\/p>\n<h3 style=\"text-align: center;\"><strong>\u00dcR\u00dcN<\/strong><\/h3>\n<p>[\/vc_column_text][vc_column_text]<img loading=\"lazy\" decoding=\"async\" class=\"sponsor aligncenter\" src=\"http:\/\/www.kamu-bib.org.tr\/kamubib-19\/wp-content\/uploads\/2017\/10\/turkkep-logo.jpg\" width=\"200\" height=\"200\" \/>[\/vc_column_text][\/vc_column_inner][vc_column_inner width=&#8221;1\/4&#8243;][\/vc_column_inner][\/vc_row_inner][\/vc_column][\/vc_row]<\/p>\n<\/div>","protected":false},"excerpt":{"rendered":"<p>[vc_row full_width=&#8221;stretch_row&#8221; css=&#8221;.vc_custom_1508591011291{background-image: url(http:\/\/www.kamu-bib.org.tr\/kamubib-19\/wp-content\/uploads\/2017\/09\/slider-background-kamu-bib-19.jpg?id=7) !important;background-position: center !important;background-repeat: no-repeat !important;background-size: cover !important;}&#8221;][vc_column][rev_slider_vc alias=&#8221;anasayfa&#8221;][\/vc_column][\/vc_row][vc_row][vc_column][vc_column_text] PLAT\u0130N SPONSORLAR [\/vc_column_text][vc_row_inner][vc_column_inner width=&#8221;1\/2&#8243;][vc_column_text][\/vc_column_text][\/vc_column_inner][vc_column_inner width=&#8221;1\/2&#8243;][vc_column_text][\/vc_column_text][\/vc_column_inner][\/vc_row_inner][\/vc_column][\/vc_row][vc_row][vc_column][vc_column_text] OTURUM SPONSORLARI [\/vc_column_text][vc_row_inner][vc_column_inner width=&#8221;1\/3&#8243;][vc_column_text][\/vc_column_text][\/vc_column_inner][vc_column_inner width=&#8221;1\/3&#8243;][vc_column_text][\/vc_column_text][\/vc_column_inner][vc_column_inner width=&#8221;1\/3&#8243;][vc_column_text][\/vc_column_text][\/vc_column_inner][\/vc_row_inner][\/vc_column][\/vc_row][vc_row][vc_column][vc_row_inner][vc_column_inner width=&#8221;1\/2&#8243;][vc_column_text] YAKA KARTI SPONSORU [\/vc_column_text][vc_column_text][\/vc_column_text][\/vc_column_inner][vc_column_inner width=&#8221;1\/2&#8243;][vc_column_text] BULU\u015eMA ETK\u0130NL\u0130K SPONSORU [\/vc_column_text][vc_column_text][\/vc_column_text][\/vc_column_inner][\/vc_row_inner][\/vc_column][\/vc_row][vc_row][vc_column][vc_column_text] STAND SPONSORLARI [\/vc_column_text][vc_row_inner][vc_column_inner width=&#8221;1\/4&#8243;][vc_column_text][\/vc_column_text][\/vc_column_inner][vc_column_inner width=&#8221;1\/4&#8243;][vc_column_text][\/vc_column_text][\/vc_column_inner][vc_column_inner width=&#8221;1\/4&#8243;][vc_column_text][\/vc_column_text][\/vc_column_inner][vc_column_inner width=&#8221;1\/4&#8243;][vc_column_text][\/vc_column_text][\/vc_column_inner][\/vc_row_inner][vc_row_inner][vc_column_inner width=&#8221;1\/4&#8243;][vc_column_text][\/vc_column_text][\/vc_column_inner][vc_column_inner width=&#8221;1\/4&#8243;][\/vc_column_inner][vc_column_inner width=&#8221;1\/4&#8243;][\/vc_column_inner][vc_column_inner width=&#8221;1\/4&#8243;][\/vc_column_inner][\/vc_row_inner][\/vc_column][\/vc_row][vc_row][vc_column][vc_column_text] DESTEKLEYEN SPONSORLAR [\/vc_column_text][vc_row_inner][vc_column_inner width=&#8221;1\/4&#8243;][vc_column_text][\/vc_column_text][\/vc_column_inner][vc_column_inner width=&#8221;1\/4&#8243;][vc_column_text][\/vc_column_text][\/vc_column_inner][vc_column_inner width=&#8221;1\/4&#8243;][vc_column_text][\/vc_column_text][\/vc_column_inner][vc_column_inner width=&#8221;1\/4&#8243;][vc_column_text][\/vc_column_text][\/vc_column_inner][\/vc_row_inner][vc_row_inner][vc_column_inner width=&#8221;1\/4&#8243;][vc_column_text][\/vc_column_text][\/vc_column_inner][vc_column_inner width=&#8221;1\/4&#8243;][vc_column_text][\/vc_column_text][\/vc_column_inner][vc_column_inner width=&#8221;1\/4&#8243;][vc_column_text][\/vc_column_text][\/vc_column_inner][vc_column_inner width=&#8221;1\/4&#8243;][\/vc_column_inner][\/vc_row_inner][\/vc_column][\/vc_row][vc_row][vc_column&nbsp;<\/p>\n<p><a class=\"btn btn-style\" href=\"http:\/\/www.kamu-bib.org.tr\/kamubib-19\/sponsorlar\">Continue Reading<\/a><\/p>\n","protected":false},"author":3,"featured_media":0,"parent":0,"menu_order":0,"comment_status":"closed","ping_status":"closed","template":"homepage.php","meta":{"footnotes":""},"class_list":["post-279","page","type-page","status-publish","hentry"],"_links":{"self":[{"href":"http:\/\/www.kamu-bib.org.tr\/kamubib-19\/wp-json\/wp\/v2\/pages\/279","targetHints":{"allow":["GET"]}}],"collection":[{"href":"http:\/\/www.kamu-bib.org.tr\/kamubib-19\/wp-json\/wp\/v2\/pages"}],"about":[{"href":"http:\/\/www.kamu-bib.org.tr\/kamubib-19\/wp-json\/wp\/v2\/types\/page"}],"author":[{"embeddable":true,"href":"http:\/\/www.kamu-bib.org.tr\/kamubib-19\/wp-json\/wp\/v2\/users\/3"}],"replies":[{"embeddable":true,"href":"http:\/\/www.kamu-bib.org.tr\/kamubib-19\/wp-json\/wp\/v2\/comments?post=279"}],"version-history":[{"count":69,"href":"http:\/\/www.kamu-bib.org.tr\/kamubib-19\/wp-json\/wp\/v2\/pages\/279\/revisions"}],"predecessor-version":[{"id":460,"href":"http:\/\/www.kamu-bib.org.tr\/kamubib-19\/wp-json\/wp\/v2\/pages\/279\/revisions\/460"}],"wp:attachment":[{"href":"http:\/\/www.kamu-bib.org.tr\/kamubib-19\/wp-json\/wp\/v2\/media?parent=279"}],"curies":[{"name":"wp","href":"https:\/\/api.w.org\/{rel}","templated":true}]}}