{"id":515,"date":"2017-11-15T21:28:52","date_gmt":"2017-11-15T18:28:52","guid":{"rendered":"http:\/\/www.kamu-bib.org.tr\/kamubib-19\/?page_id=515"},"modified":"2017-11-21T16:49:48","modified_gmt":"2017-11-21T13:49:48","slug":"etkinlik-sunumlari","status":"publish","type":"page","link":"http:\/\/www.kamu-bib.org.tr\/kamubib-19\/etkinlik-sunumlari","title":{"rendered":"Sunumlar"},"content":{"rendered":"<div class=\"wpb-content-wrapper\"><p>[vc_row full_width=&#8221;stretch_row&#8221; css=&#8221;.vc_custom_1510770841524{background-image: url(http:\/\/www.kamu-bib.org.tr\/kamubib-19\/wp-content\/uploads\/2017\/09\/slider-background-kamu-bib-19.jpg?id=7) !important;background-position: center !important;background-repeat: no-repeat !important;background-size: cover !important;}&#8221;][vc_column][rev_slider_vc alias=&#8221;anasayfa&#8221;][\/vc_column][\/vc_row][vc_row][vc_column width=&#8221;1\/4&#8243;][vc_single_image image=&#8221;167&#8243; img_size=&#8221;100&#215;100&#8243; alignment=&#8221;center&#8221; onclick=&#8221;custom_link&#8221; img_link_target=&#8221;_blank&#8221; link=&#8221;http:\/\/www.kamu-bib.org.tr\/kamubib-19\/sunumlar\/berke-capli-kamu-bib19.pdf&#8221;][vc_column_text]<\/p>\n<p style=\"text-align: center;\"><a href=\"http:\/\/www.kamu-bib.org.tr\/kamubib-19\/sunumlar\/berke-capli-kamu-bib19.pdf\" target=\"_blank\" rel=\"noopener\"><strong>Siber G\u00fcvenlik E\u011fitiminde Oyunla\u015ft\u0131rma<\/strong><\/a><\/p>\n<p>[\/vc_column_text][vc_column_text]<\/p>\n<p style=\"text-align: center;\"><a href=\"http:\/\/www.kamu-bib.org.tr\/kamubib-19\/sunumlar\/berke-capli-kamu-bib19.pdf\" target=\"_blank\" rel=\"noopener\"><strong>L. Berke \u00c7APLI<\/strong><\/a><\/p>\n<p>[\/vc_column_text][\/vc_column][vc_column width=&#8221;1\/4&#8243;][vc_single_image image=&#8221;167&#8243; img_size=&#8221;100&#215;100&#8243; alignment=&#8221;center&#8221; onclick=&#8221;custom_link&#8221; img_link_target=&#8221;_blank&#8221; link=&#8221;http:\/\/www.kamu-bib.org.tr\/kamubib-19\/sunumlar\/ozan-beyhan-kamu-bib19.pdf&#8221;][vc_column_text]<\/p>\n<p style=\"text-align: center;\"><a href=\"http:\/\/www.kamu-bib.org.tr\/kamubib-19\/sunumlar\/ozan-beyhan-kamu-bib19.pdf\" target=\"_blank\" rel=\"noopener\"><strong>B\u00fcy\u00fck Veri \u00c7al\u0131\u015fmalar\u0131<\/strong><\/a><\/p>\n<p>[\/vc_column_text][vc_empty_space height=&#8221;22px&#8221;][vc_column_text]<\/p>\n<p style=\"text-align: center;\"><a href=\"http:\/\/www.kamu-bib.org.tr\/kamubib-19\/sunumlar\/ozan-beyhan-kamu-bib19.pdf\" target=\"_blank\" rel=\"noopener\"><strong>Ozan BEYHAN<\/strong><\/a><\/p>\n<p>[\/vc_column_text][\/vc_column][vc_column width=&#8221;1\/4&#8243;][vc_single_image image=&#8221;167&#8243; img_size=&#8221;100&#215;100&#8243; alignment=&#8221;center&#8221; onclick=&#8221;custom_link&#8221; img_link_target=&#8221;_blank&#8221; link=&#8221;http:\/\/www.kamu-bib.org.tr\/kamubib-19\/sunumlar\/yusuf-ata-ariak-kamu-bib19.pdf&#8221;][vc_column_text]<\/p>\n<p style=\"text-align: center;\"><a href=\"http:\/\/www.kamu-bib.org.tr\/kamubib-19\/sunumlar\/yusuf-ata-ariak-kamu-bib19.pdf\" target=\"_blank\" rel=\"noopener\"><strong>Telekom\u00fcnikasyon Sekt\u00f6r\u00fcn\u00fcn Durumu<\/strong><\/a><\/p>\n<p>[\/vc_column_text][vc_column_text]<\/p>\n<p style=\"text-align: center;\"><a href=\"http:\/\/www.kamu-bib.org.tr\/kamubib-19\/sunumlar\/yusuf-ata-ariak-kamu-bib19.pdf\" target=\"_blank\" rel=\"noopener\"><strong>Yusuf Ata ARIAK<\/strong><\/a><\/p>\n<p>[\/vc_column_text][\/vc_column][vc_column width=&#8221;1\/4&#8243;][vc_single_image image=&#8221;167&#8243; img_size=&#8221;100&#215;100&#8243; alignment=&#8221;center&#8221; onclick=&#8221;custom_link&#8221; img_link_target=&#8221;_blank&#8221; link=&#8221;http:\/\/www.kamu-bib.org.tr\/kamubib-19\/sunumlar\/ziya-karakaya-kamu-bib19.pdf&#8221;][vc_column_text]<\/p>\n<p style=\"text-align: center;\"><a href=\"http:\/\/www.kamu-bib.org.tr\/kamubib-19\/sunumlar\/ziya-karakaya-kamu-bib19.pdf\" target=\"_blank\" rel=\"noopener\"><strong>KAMU i\u00e7in Bulut Bili\u015fim Ve B\u00fcy\u00fck Veri<\/strong><\/a><\/p>\n<p>[\/vc_column_text][vc_column_text]<\/p>\n<p style=\"text-align: center;\"><a href=\"http:\/\/www.kamu-bib.org.tr\/kamubib-19\/sunumlar\/ziya-karakaya-kamu-bib19.pdf\" target=\"_blank\" rel=\"noopener\"><strong>Ziya KARAKAYA<\/strong><\/a><\/p>\n<p>[\/vc_column_text][\/vc_column][\/vc_row][vc_row][vc_column width=&#8221;1\/4&#8243;][vc_single_image image=&#8221;167&#8243; img_size=&#8221;100&#215;100&#8243; alignment=&#8221;center&#8221; onclick=&#8221;custom_link&#8221; img_link_target=&#8221;_blank&#8221; link=&#8221;http:\/\/www.kamu-bib.org.tr\/kamubib-19\/sunumlar\/ibrahim-sogukpinar-kamu-bib19.pdf&#8221;][vc_column_text]<\/p>\n<p style=\"text-align: center;\"><a href=\"http:\/\/www.kamu-bib.org.tr\/kamubib-19\/sunumlar\/ibrahim-sogukpinar-kamu-bib19.pdf\" target=\"_blank\" rel=\"noopener\"><strong>Siber G\u00fcvenlik\/Milli G\u00fcvenli<\/strong><\/a><\/p>\n<p>[\/vc_column_text][vc_empty_space height=&#8221;22px&#8221;][vc_column_text]<\/p>\n<p style=\"text-align: center;\"><a href=\"http:\/\/www.kamu-bib.org.tr\/kamubib-19\/sunumlar\/ibrahim-sogukpinar-kamu-bib19.pdf\" target=\"_blank\" rel=\"noopener\"><strong>\u0130brahim SO\u011eUKPINAR<\/strong><\/a><\/p>\n<p>[\/vc_column_text][\/vc_column][vc_column width=&#8221;1\/4&#8243;][vc_single_image image=&#8221;167&#8243; img_size=&#8221;100&#215;100&#8243; alignment=&#8221;center&#8221; onclick=&#8221;custom_link&#8221; img_link_target=&#8221;_blank&#8221; link=&#8221;http:\/\/www.kamu-bib.org.tr\/kamubib-19\/sunumlar\/cagri-gurgur-kamu-bib19.pdf&#8221;][vc_column_text]<\/p>\n<p style=\"text-align: center;\"><a href=\"http:\/\/www.kamu-bib.org.tr\/kamubib-19\/sunumlar\/cagri-gurgur-kamu-bib19.pdf\" target=\"_blank\" rel=\"noopener\"><strong>Sanayici tan\u0131m\u0131 ve Sanayi Sicili<\/strong><\/a><\/p>\n<p>[\/vc_column_text][vc_empty_space height=&#8221;22px&#8221;][vc_column_text]<\/p>\n<p style=\"text-align: center;\"><a href=\"http:\/\/www.kamu-bib.org.tr\/kamubib-19\/sunumlar\/cagri-gurgur-kamu-bib19.pdf\" target=\"_blank\" rel=\"noopener\"><strong>\u00c7a\u011fr\u0131 G\u00dcRG\u00dcR<\/strong><\/a><\/p>\n<p>[\/vc_column_text][\/vc_column][vc_column width=&#8221;1\/4&#8243;][vc_single_image image=&#8221;167&#8243; img_size=&#8221;100&#215;100&#8243; alignment=&#8221;center&#8221; onclick=&#8221;custom_link&#8221; img_link_target=&#8221;_blank&#8221; link=&#8221;http:\/\/www.kamu-bib.org.tr\/kamubib-19\/sunumlar\/burakdayioglu-kamu-bib19.pdf&#8221;][vc_column_text]<\/p>\n<p style=\"text-align: center;\"><a href=\"http:\/\/www.kamu-bib.org.tr\/kamubib-19\/sunumlar\/burak-dayioglu-kamu-bib19.pdf\" target=\"_blank\" rel=\"noopener\"><strong>SOME Bulmacas\u0131ndan \u00c7\u0131k\u0131\u015f Var M\u0131?<\/strong><\/a><\/p>\n<p>[\/vc_column_text][vc_empty_space height=&#8221;22px&#8221;][vc_column_text]<\/p>\n<p style=\"text-align: center;\"><a href=\"http:\/\/www.kamu-bib.org.tr\/kamubib-19\/sunumlar\/burak-dayioglu-kamu-bib19.pdf\" target=\"_blank\" rel=\"noopener\"><strong>Burak DAYIO\u011eLU<\/strong><\/a><\/p>\n<p>[\/vc_column_text][\/vc_column][vc_column width=&#8221;1\/4&#8243;][vc_single_image image=&#8221;167&#8243; img_size=&#8221;100&#215;100&#8243; alignment=&#8221;center&#8221; onclick=&#8221;custom_link&#8221; img_link_target=&#8221;_blank&#8221; link=&#8221;http:\/\/www.kamu-bib.org.tr\/kamubib-19\/sunumlar\/kursat-cagiltay-kamu-bib19.pdf&#8221;][vc_column_text]<\/p>\n<p style=\"text-align: center;\"><a href=\"http:\/\/www.kamu-bib.org.tr\/kamubib-19\/sunumlar\/kursat-cagiltay-kamu-bib19.pdf\" target=\"_blank\" rel=\"noopener\"><strong>Devlette Dijital D\u00f6n\u00fc\u015f\u00fcm ve Vatanda\u015f Odakl\u0131 Devlet<br \/>\n<\/strong><\/a><\/p>\n<p>[\/vc_column_text][vc_column_text]<\/p>\n<p style=\"text-align: center;\"><a href=\"http:\/\/www.kamu-bib.org.tr\/kamubib-19\/sunumlar\/kursat-cagiltay-kamu-bib19.pdf\" target=\"_blank\" rel=\"noopener\"><strong>K\u00fcr\u015fat \u00c7A\u011eILTAY<\/strong><\/a><\/p>\n<p>[\/vc_column_text][\/vc_column][\/vc_row][vc_row][vc_column width=&#8221;1\/4&#8243;][vc_single_image image=&#8221;167&#8243; img_size=&#8221;100&#215;100&#8243; alignment=&#8221;center&#8221; onclick=&#8221;custom_link&#8221; img_link_target=&#8221;_blank&#8221; link=&#8221;http:\/\/www.kamu-bib.org.tr\/kamubib-19\/sunumlar\/mustafa-afyonluoglu-kamu-bib19.pdf&#8221;][vc_column_text]<\/p>\n<p style=\"text-align: center;\"><a href=\"http:\/\/www.kamu-bib.org.tr\/kamubib-19\/sunumlar\/ali-gokhan-yavuz-kamu-bib19.pdf\" target=\"_blank\" rel=\"noopener\"><strong>Bulut Bili\u015fim ve B\u00fcy\u00fck Veri Ara\u015ft\u0131rma Laboratuvar\u0131<\/strong><\/a><\/p>\n<p>[\/vc_column_text][vc_column_text]<\/p>\n<p style=\"text-align: center;\"><a href=\"http:\/\/www.kamu-bib.org.tr\/kamubib-19\/sunumlar\/ali-gokhan-yavuz-kamu-bib19.pdf\" target=\"_blank\" rel=\"noopener\"><strong>Ali G\u00f6khan YAVUZ<\/strong><\/a><\/p>\n<p>[\/vc_column_text][\/vc_column][vc_column width=&#8221;1\/4&#8243;][vc_single_image image=&#8221;167&#8243; img_size=&#8221;100&#215;100&#8243; alignment=&#8221;center&#8221; onclick=&#8221;custom_link&#8221; img_link_target=&#8221;_blank&#8221; link=&#8221;http:\/\/www.kamu-bib.org.tr\/kamubib-19\/sunumlar\/cagri-gurgur-kamu-bib19.pdf&#8221;][vc_column_text]<\/p>\n<p style=\"text-align: center;\"><a href=\"http:\/\/www.kamu-bib.org.tr\/kamubib-19\/sunumlar\/mustafa-afyonluoglu-kamu-bib19.pdf\" target=\"_blank\" rel=\"noopener\"><strong>Dijital T\u00fcrkiye ve Siber D\u00fcnya<\/strong><\/a><\/p>\n<p>[\/vc_column_text][vc_empty_space height=&#8221;22px&#8221;][vc_column_text]<\/p>\n<p style=\"text-align: center;\"><a href=\"http:\/\/www.kamu-bib.org.tr\/kamubib-19\/sunumlar\/mustafa-afyonluoglu-kamu-bib19.pdf\" target=\"_blank\" rel=\"noopener\"><strong>Mustafa AFYONLUO\u011eLU<\/strong><\/a><\/p>\n<p>[\/vc_column_text][\/vc_column][vc_column width=&#8221;1\/4&#8243;][vc_single_image image=&#8221;167&#8243; img_size=&#8221;100&#215;100&#8243; alignment=&#8221;center&#8221; onclick=&#8221;custom_link&#8221; img_link_target=&#8221;_blank&#8221; link=&#8221;http:\/\/www.kamu-bib.org.tr\/kamubib-19\/sunumlar\/ismail-sengor-altingovde-kamu-bib19.pdf&#8221;][vc_column_text]<\/p>\n<p style=\"text-align: center;\"><a href=\"http:\/\/www.kamu-bib.org.tr\/kamubib-19\/sunumlar\/ismail-sengor-altingovde-kamu-bib19.pdf\" target=\"_blank\" rel=\"noopener\"><strong>Kamuda A\u00e7\u0131k ve B\u00fcy\u00fck Veri<\/strong><\/a><\/p>\n<p>[\/vc_column_text][vc_empty_space height=&#8221;22px&#8221;][vc_column_text]<\/p>\n<p style=\"text-align: center;\"><a href=\"http:\/\/www.kamu-bib.org.tr\/kamubib-19\/sunumlar\/ismail-sengor-altingovde-kamu-bib19.pdf\" target=\"_blank\" rel=\"noopener\"><strong>\u0130smail \u015eeng\u00f6r ALTING\u00d6VDE<\/strong><\/a><\/p>\n<p>[\/vc_column_text][\/vc_column][vc_column width=&#8221;1\/4&#8243;][vc_single_image image=&#8221;167&#8243; img_size=&#8221;100&#215;100&#8243; alignment=&#8221;center&#8221; onclick=&#8221;custom_link&#8221; img_link_target=&#8221;_blank&#8221; link=&#8221;http:\/\/www.kamu-bib.org.tr\/kamubib-19\/sunumlar\/medya-yansimalari-sunumu-kamu-bib19.pdf&#8221;][vc_column_text]<\/p>\n<p style=\"text-align: center;\"><a href=\"http:\/\/www.kamu-bib.org.tr\/kamubib-19\/sunumlar\/medya-yansimalari-sunumu-kamu-bib19.pdf\" target=\"_blank\" rel=\"noopener\"><strong>Medya Yans\u0131malar\u0131 Sunumu<\/strong><\/a><\/p>\n<p>[\/vc_column_text][vc_empty_space height=&#8221;22px&#8221;][vc_column_text]<\/p>\n<p style=\"text-align: center;\"><a href=\"http:\/\/www.kamu-bib.org.tr\/kamubib-19\/sunumlar\/medya-yansimalari-sunumu-kamu-bib19.pdf\" target=\"_blank\" rel=\"noopener\"><strong>TBD<\/strong><\/a><\/p>\n<p>[\/vc_column_text][\/vc_column][\/vc_row]<\/p>\n<\/div>","protected":false},"excerpt":{"rendered":"<p>[vc_row full_width=&#8221;stretch_row&#8221; css=&#8221;.vc_custom_1510770841524{background-image: url(http:\/\/www.kamu-bib.org.tr\/kamubib-19\/wp-content\/uploads\/2017\/09\/slider-background-kamu-bib-19.jpg?id=7) !important;background-position: center !important;background-repeat: no-repeat !important;background-size: cover !important;}&#8221;][vc_column][rev_slider_vc alias=&#8221;anasayfa&#8221;][\/vc_column][\/vc_row][vc_row][vc_column width=&#8221;1\/4&#8243;][vc_single_image image=&#8221;167&#8243; img_size=&#8221;100&#215;100&#8243; alignment=&#8221;center&#8221; onclick=&#8221;custom_link&#8221; img_link_target=&#8221;_blank&#8221; link=&#8221;http:\/\/www.kamu-bib.org.tr\/kamubib-19\/sunumlar\/berke-capli-kamu-bib19.pdf&#8221;][vc_column_text] Siber G\u00fcvenlik E\u011fitiminde Oyunla\u015ft\u0131rma [\/vc_column_text][vc_column_text] L. Berke \u00c7APLI [\/vc_column_text][\/vc_column][vc_column width=&#8221;1\/4&#8243;][vc_single_image image=&#8221;167&#8243; img_size=&#8221;100&#215;100&#8243; alignment=&#8221;center&#8221; onclick=&#8221;custom_link&#8221; img_link_target=&#8221;_blank&#8221; link=&#8221;http:\/\/www.kamu-bib.org.tr\/kamubib-19\/sunumlar\/ozan-beyhan-kamu-bib19.pdf&#8221;][vc_column_text] B\u00fcy\u00fck Veri \u00c7al\u0131\u015fmalar\u0131 [\/vc_column_text][vc_empty_space height=&#8221;22px&#8221;][vc_column_text] Ozan BEYHAN [\/vc_column_text][\/vc_column][vc_column width=&#8221;1\/4&#8243;][vc_single_image image=&#8221;167&#8243; img_size=&#8221;100&#215;100&#8243; alignment=&#8221;center&#8221; onclick=&#8221;custom_link&#8221; img_link_target=&#8221;_blank&#8221; link=&#8221;http:\/\/www.kamu-bib.org.tr\/kamubib-19\/sunumlar\/yusuf-ata-ariak-kamu-bib19.pdf&#8221;][vc_column_text] Telekom\u00fcnikasyon Sekt\u00f6r\u00fcn\u00fcn Durumu [\/vc_column_text][vc_column_text] Yusuf&nbsp;<\/p>\n<p><a class=\"btn btn-style\" href=\"http:\/\/www.kamu-bib.org.tr\/kamubib-19\/etkinlik-sunumlari\">Continue Reading<\/a><\/p>\n","protected":false},"author":3,"featured_media":0,"parent":0,"menu_order":0,"comment_status":"closed","ping_status":"closed","template":"homepage.php","meta":{"footnotes":""},"class_list":["post-515","page","type-page","status-publish","hentry"],"_links":{"self":[{"href":"http:\/\/www.kamu-bib.org.tr\/kamubib-19\/wp-json\/wp\/v2\/pages\/515","targetHints":{"allow":["GET"]}}],"collection":[{"href":"http:\/\/www.kamu-bib.org.tr\/kamubib-19\/wp-json\/wp\/v2\/pages"}],"about":[{"href":"http:\/\/www.kamu-bib.org.tr\/kamubib-19\/wp-json\/wp\/v2\/types\/page"}],"author":[{"embeddable":true,"href":"http:\/\/www.kamu-bib.org.tr\/kamubib-19\/wp-json\/wp\/v2\/users\/3"}],"replies":[{"embeddable":true,"href":"http:\/\/www.kamu-bib.org.tr\/kamubib-19\/wp-json\/wp\/v2\/comments?post=515"}],"version-history":[{"count":32,"href":"http:\/\/www.kamu-bib.org.tr\/kamubib-19\/wp-json\/wp\/v2\/pages\/515\/revisions"}],"predecessor-version":[{"id":556,"href":"http:\/\/www.kamu-bib.org.tr\/kamubib-19\/wp-json\/wp\/v2\/pages\/515\/revisions\/556"}],"wp:attachment":[{"href":"http:\/\/www.kamu-bib.org.tr\/kamubib-19\/wp-json\/wp\/v2\/media?parent=515"}],"curies":[{"name":"wp","href":"https:\/\/api.w.org\/{rel}","templated":true}]}}