{"id":550,"date":"2017-11-16T13:28:57","date_gmt":"2017-11-16T10:28:57","guid":{"rendered":"http:\/\/www.kamu-bib.org.tr\/kamubib-19\/?page_id=550"},"modified":"2017-12-16T19:01:24","modified_gmt":"2017-12-16T16:01:24","slug":"video","status":"publish","type":"page","link":"http:\/\/www.kamu-bib.org.tr\/kamubib-19\/video","title":{"rendered":"Video"},"content":{"rendered":"<p><iframe loading=\"lazy\" width=\"100%\" height=\"600\" src=\"https:\/\/www.youtube.com\/embed\/videoseries?list=PLX18Gi2i1Mh2bYwnTiY4rXmCqRenI5E33&amp;showinfo=0?ecver=1\" frameborder=\"0\" gesture=\"media\" allow=\"encrypted-media\" allowfullscreen><\/iframe><\/p>\n<p>T\u00fcm Kamu-B\u0130B&#8217;19 videolar\u0131m\u0131z\u0131 sol \u00fcst k\u0131s\u0131mda bulunan\u00a0<img loading=\"lazy\" decoding=\"async\" class=\"size-full wp-image-565 alignnone\" src=\"http:\/\/www.kamu-bib.org.tr\/kamubib-19\/wp-content\/uploads\/2017\/11\/oynatma-listesi-kamu-bib-19.jpg\" alt=\"Kamu-B\u0130B'19 Oynatma Listesi\" width=\"50\" height=\"46\" \/>\u00a0oynatma listesi simgesine t\u0131klayarak g\u00f6rebilirsiniz.<\/p>\n","protected":false},"excerpt":{"rendered":"<p>T\u00fcm Kamu-B\u0130B&#8217;19 videolar\u0131m\u0131z\u0131 sol \u00fcst k\u0131s\u0131mda bulunan\u00a0\u00a0oynatma listesi simgesine t\u0131klayarak g\u00f6rebilirsiniz.<\/p>\n","protected":false},"author":3,"featured_media":0,"parent":0,"menu_order":0,"comment_status":"closed","ping_status":"closed","template":"","meta":{"footnotes":""},"class_list":["post-550","page","type-page","status-publish","hentry"],"_links":{"self":[{"href":"http:\/\/www.kamu-bib.org.tr\/kamubib-19\/wp-json\/wp\/v2\/pages\/550","targetHints":{"allow":["GET"]}}],"collection":[{"href":"http:\/\/www.kamu-bib.org.tr\/kamubib-19\/wp-json\/wp\/v2\/pages"}],"about":[{"href":"http:\/\/www.kamu-bib.org.tr\/kamubib-19\/wp-json\/wp\/v2\/types\/page"}],"author":[{"embeddable":true,"href":"http:\/\/www.kamu-bib.org.tr\/kamubib-19\/wp-json\/wp\/v2\/users\/3"}],"replies":[{"embeddable":true,"href":"http:\/\/www.kamu-bib.org.tr\/kamubib-19\/wp-json\/wp\/v2\/comments?post=550"}],"version-history":[{"count":7,"href":"http:\/\/www.kamu-bib.org.tr\/kamubib-19\/wp-json\/wp\/v2\/pages\/550\/revisions"}],"predecessor-version":[{"id":569,"href":"http:\/\/www.kamu-bib.org.tr\/kamubib-19\/wp-json\/wp\/v2\/pages\/550\/revisions\/569"}],"wp:attachment":[{"href":"http:\/\/www.kamu-bib.org.tr\/kamubib-19\/wp-json\/wp\/v2\/media?parent=550"}],"curies":[{"name":"wp","href":"https:\/\/api.w.org\/{rel}","templated":true}]}}