{"id":74,"date":"2017-09-27T13:27:16","date_gmt":"2017-09-27T10:27:16","guid":{"rendered":"http:\/\/www.kamu-bib.org.tr\/kamubib-19\/?page_id=74"},"modified":"2017-10-14T16:13:19","modified_gmt":"2017-10-14T13:13:19","slug":"sponsorluk","status":"publish","type":"page","link":"http:\/\/www.kamu-bib.org.tr\/kamubib-19\/sponsorluk","title":{"rendered":"SPONSORLUK"},"content":{"rendered":"<div class=\"wpb-content-wrapper\"><p>[vc_row full_width=&#8221;stretch_row&#8221; css=&#8221;.vc_custom_1506692891869{background-image: url(http:\/\/www.kamu-bib.org.tr\/kamubib-19\/wp-content\/uploads\/2017\/09\/slider-background-kamu-bib-19.jpg?id=7) !important;background-position: center !important;background-repeat: no-repeat !important;background-size: cover !important;}&#8221;][vc_column][rev_slider_vc alias=&#8221;anasayfa&#8221;][\/vc_column][\/vc_row][vc_row][vc_column width=&#8221;1\/3&#8243;]<div class=\"themeum-button rtl-right\" style=\"display: inline; text-align:center;display:block;\"><a data-hover-color=\"#ffffff\" data-hover-bg-color=\"#5b90bf\"  class=\"thm-color themeum_button_shortcode\" style=\"font-size:16px;line-height:16px;color:#ffffff;background:#f47227;border-radius:4px;font-weight:500;margin:0 20px 0 0;padding:15px 30px;display:inline-block\" href=\"http:\/\/www.kamu-bib.org.tr\/kamubib-19\/KAMUBIB19-TANITIM1.pdf\" target=\"_blank\">TANITIM DOSYASI (PDF)<\/a><\/div>[\/vc_column][vc_column width=&#8221;1\/3&#8243;]<div class=\"themeum-button rtl-right\" style=\"display: inline; text-align:center;display:block;\"><a data-hover-color=\"#ffffff\" data-hover-bg-color=\"#5b90bf\"  class=\"thm-color themeum_button_shortcode\" style=\"font-size:16px;line-height:16px;color:#ffffff;background:#1e73be;border-radius:4px;font-weight:500;margin:0 20px 0 0;padding:15px 30px;display:inline-block\" href=\"http:\/\/www.kamu-bib.org.tr\/kamubib-19\/KAMUBIB19-SPONSORLUK1.pdf\" target=\"_blank\">SPONSORLUK DOSYASI (PDF)<\/a><\/div>[\/vc_column][vc_column width=&#8221;1\/3&#8243;]<div class=\"themeum-button rtl-right\" style=\"display: inline; text-align:center;display:block;\"><a data-hover-color=\"#ffffff\" data-hover-bg-color=\"#5b90bf\"  class=\"thm-color themeum_button_shortcode\" style=\"font-size:16px;line-height:16px;color:#ffffff;background:#22b4d8;border-radius:4px;font-weight:500;margin:0 20px 0 0;padding:15px 30px;display:inline-block\" href=\"http:\/\/www.kamu-bib.org.tr\/kamubib-19\/sponsorluk-rezervasyon-kamu-bib-19.pdf\" target=\"_blank\">SPONSORLUK REZERVASYON<\/a><\/div>[\/vc_column][\/vc_row][vc_row full_width=&#8221;stretch_row&#8221; content_placement=&#8221;top&#8221; css=&#8221;.vc_custom_1456325885569{margin-top: 0px !important;margin-bottom: 0px !important;padding-top: 00px !important;padding-bottom: 100px !important;background-position: center !important;background-repeat: no-repeat !important;background-size: cover !important;}&#8221;][vc_column][vc_column_text]<span class=\"metin\"><span class=\"altbaslik\"><img loading=\"lazy\" decoding=\"async\" class=\"alignnone size-full wp-image-219\" src=\"http:\/\/www.kamu-bib.org.tr\/kamubib-19\/wp-content\/uploads\/2017\/09\/kamubib19-teknopark-genc-girisimci-e1507986605771.png\" alt=\"\" width=\"687\" height=\"564\" \/><\/span><\/span><\/p>\n<p><span class=\"metin\"><span class=\"altbaslik\"><b>GEN\u00c7 G\u0130R\u0130\u015e\u0130MC\u0130LER ve TEKNOPARK F\u0130RMALARI D\u0130KKAT\u0130NE<\/b><br \/>\nTeknoloji Geli\u015ftiren, AR-GE yapan 2 y\u0131ll\u0131k giri\u015fimcilerimizin KAMU-B\u0130B\u201919 \u2018da\u00a0\u00fcr\u00fcn ve hizmetlerini duyurmalar\u0131 sergilemeleri i\u00e7in TBD \u2019den \u00f6zel imkan.<br \/>\n\u201c<b>Gen\u00e7 <\/b><b>Giri\u015fimci <\/b><b>\u00d6zel <\/b><b>Sponsorluk<\/b>\u201d<br \/>\n<b>Ba\u015fvuru yapan ilk 10 Giri\u015fimciye verilecektir<\/b><b>.<\/b><br \/>\n___________________________<\/span><\/span><\/p>\n<p><b>T\u00fcrkiye Bili\u015fim Derne\u011fi<\/b><br \/>\nTel:\u00a00 312 473 8215<br \/>\nEvrim G\u00dcNER\u00a0<a href=\"mailto:evrim.guner@tbd.org.tr\">evrim.guner@tbd.org.tr<\/a><br \/>\nSerap ALTAN\u00a0<a href=\"mailto:serap.altan@tbd.org.tr\">serap.altan@tbd.org.tr<\/a>[\/vc_column_text][vc_single_image image=&#8221;15&#8243;][\/vc_column][\/vc_row]<\/p>\n<\/div>","protected":false},"excerpt":{"rendered":"<p>[vc_row full_width=&#8221;stretch_row&#8221; css=&#8221;.vc_custom_1506692891869{background-image: url(http:\/\/www.kamu-bib.org.tr\/kamubib-19\/wp-content\/uploads\/2017\/09\/slider-background-kamu-bib-19.jpg?id=7) !important;background-position: center !important;background-repeat: no-repeat !important;background-size: cover !important;}&#8221;][vc_column][rev_slider_vc alias=&#8221;anasayfa&#8221;][\/vc_column][\/vc_row][vc_row][vc_column width=&#8221;1\/3&#8243;][\/vc_column][vc_column width=&#8221;1\/3&#8243;][\/vc_column][vc_column width=&#8221;1\/3&#8243;][\/vc_column][\/vc_row][vc_row full_width=&#8221;stretch_row&#8221; content_placement=&#8221;top&#8221; css=&#8221;.vc_custom_1456325885569{margin-top: 0px !important;margin-bottom: 0px !important;padding-top: 00px !important;padding-bottom: 100px !important;background-position: center !important;background-repeat: no-repeat !important;background-size: cover !important;}&#8221;][vc_column][vc_column_text] GEN\u00c7 G\u0130R\u0130\u015e\u0130MC\u0130LER ve TEKNOPARK F\u0130RMALARI D\u0130KKAT\u0130NE Teknoloji Geli\u015ftiren, AR-GE yapan 2 y\u0131ll\u0131k giri\u015fimcilerimizin KAMU-B\u0130B\u201919 \u2018da\u00a0\u00fcr\u00fcn ve hizmetlerini duyurmalar\u0131 sergilemeleri i\u00e7in TBD \u2019den \u00f6zel&nbsp;<\/p>\n<p><a class=\"btn btn-style\" href=\"http:\/\/www.kamu-bib.org.tr\/kamubib-19\/sponsorluk\">Continue Reading<\/a><\/p>\n","protected":false},"author":3,"featured_media":0,"parent":0,"menu_order":0,"comment_status":"closed","ping_status":"closed","template":"homepage.php","meta":{"rs_blank_template":"","rs_page_bg_color":"","slide_template_v7":"","footnotes":""},"class_list":["post-74","page","type-page","status-publish","hentry"],"_links":{"self":[{"href":"http:\/\/www.kamu-bib.org.tr\/kamubib-19\/wp-json\/wp\/v2\/pages\/74","targetHints":{"allow":["GET"]}}],"collection":[{"href":"http:\/\/www.kamu-bib.org.tr\/kamubib-19\/wp-json\/wp\/v2\/pages"}],"about":[{"href":"http:\/\/www.kamu-bib.org.tr\/kamubib-19\/wp-json\/wp\/v2\/types\/page"}],"author":[{"embeddable":true,"href":"http:\/\/www.kamu-bib.org.tr\/kamubib-19\/wp-json\/wp\/v2\/users\/3"}],"replies":[{"embeddable":true,"href":"http:\/\/www.kamu-bib.org.tr\/kamubib-19\/wp-json\/wp\/v2\/comments?post=74"}],"version-history":[{"count":12,"href":"http:\/\/www.kamu-bib.org.tr\/kamubib-19\/wp-json\/wp\/v2\/pages\/74\/revisions"}],"predecessor-version":[{"id":220,"href":"http:\/\/www.kamu-bib.org.tr\/kamubib-19\/wp-json\/wp\/v2\/pages\/74\/revisions\/220"}],"wp:attachment":[{"href":"http:\/\/www.kamu-bib.org.tr\/kamubib-19\/wp-json\/wp\/v2\/media?parent=74"}],"curies":[{"name":"wp","href":"https:\/\/api.w.org\/{rel}","templated":true}]}}