{"id":85,"date":"2017-09-27T13:31:23","date_gmt":"2017-09-27T10:31:23","guid":{"rendered":"http:\/\/www.kamu-bib.org.tr\/kamubib-19\/?page_id=85"},"modified":"2017-10-10T14:37:04","modified_gmt":"2017-10-10T11:37:04","slug":"iletisim","status":"publish","type":"page","link":"http:\/\/www.kamu-bib.org.tr\/kamubib-19\/iletisim","title":{"rendered":"\u0130LET\u0130\u015e\u0130M"},"content":{"rendered":"<div class=\"wpb-content-wrapper\"><p>[vc_row full_width=&#8221;stretch_row&#8221; css=&#8221;.vc_custom_1506693176187{background-image: url(http:\/\/www.kamu-bib.org.tr\/kamubib-19\/wp-content\/uploads\/2017\/09\/slider-background-kamu-bib-19.jpg?id=7) !important;background-position: center !important;background-repeat: no-repeat !important;background-size: cover !important;}&#8221;][vc_column][rev_slider_vc alias=&#8221;anasayfa&#8221;][\/vc_column][\/vc_row][vc_row full_width=&#8221;stretch_row&#8221; css=&#8221;.vc_custom_1506693243611{margin-bottom: 100px !important;}&#8221;][vc_column][vc_single_image image=&#8221;15&#8243; img_size=&#8221;full&#8221;][vc_column_text]<strong>KATILIM<\/strong> <strong>KAYIT<\/strong> <strong>ORGAN\u0130ZASYON, SPONSORLUK<\/strong><\/p>\n<p>Serap ALTAN<\/p>\n<p><a href=\"mailto:\/\/serap.altan@tbd.org.tr\">serap.altan@tbd.org.tr<\/a><\/p>\n<p><strong>\u00a0<\/strong><\/p>\n<p><strong>BASIN<\/strong> <strong>MEDYA<\/strong> <strong>\u0130LET\u0130\u015e\u0130M<\/strong><\/p>\n<p>Arzu KILI\u00c7<\/p>\n<p><a href=\"mailto:\/\/arzu.kilic@tbd.org.tr\">arzu.kilic@tbd.org.tr<\/a><\/p>\n<p><strong>\u00a0<\/strong><\/p>\n<p><strong>TBD<\/strong> <strong>GENEL<\/strong> <strong>MERKEZ<\/strong> <strong>\u0130LET\u0130\u015e\u0130M<\/strong><\/p>\n<p><strong>Tel<\/strong><strong> \u00a0\u00a0\u00a0\u00a0 \u00a0\u00a0\u00a0\u00a0\u00a0\u00a0\u00a0\u00a0\u00a0\u00a0\u00a0 :<\/strong> +90 (312) 473 8215<\/p>\n<p><strong>Faks<\/strong><strong>\u00a0\u00a0\u00a0 \u00a0\u00a0\u00a0\u00a0\u00a0\u00a0\u00a0\u00a0\u00a0 : <\/strong>+90 (312) 473 8216<\/p>\n<p><strong>Adres<\/strong><strong>\u00a0\u00a0 \u00a0\u00a0\u00a0\u00a0\u00a0\u00a0\u00a0\u00a0 :\u00a0<\/strong>Ceyhun Atuf Kansu Caddesi 1246. Sokak No:4\/17 Balgat \/ ANKARA<\/p>\n<p>&nbsp;<\/p>\n<p><strong>WEB S\u0130TELER\u0130<\/strong><\/p>\n<p>KAMU-B\u0130B \u00a0\u00a0 : <a href=\"http:\/\/www.kamu-bib.org.tr\/\">www.kamu-bib.org.tr<\/a><\/p>\n<p>TBD \u00a0\u00a0 \u00a0\u00a0\u00a0\u00a0\u00a0\u00a0\u00a0\u00a0\u00a0\u00a0\u00a0 : <a href=\"http:\/\/www.tbd.org.tr\/\">www.tbd.org.tr<\/a><\/p>\n<p>&nbsp;<\/p>\n<p><strong>SOSYAL<\/strong> <strong>MEDYA<\/strong><strong>\u00a0<\/strong><\/p>\n<p>FACEBOOK : <a href=\"https:\/\/facebook.com\/kamubib\">facebook.com\/kamubib<\/a><\/p>\n<p>TWITTER\u00a0\u00a0\u00a0\u00a0 : <a href=\"https:\/\/twitter.com\/kamubib\">twitter.com\/kamubib<\/a><\/p>\n<p>&nbsp;<\/p>\n<p><strong>SOSYAL<\/strong> <strong>MEDYA<\/strong> <strong>ET\u0130KETLER\u0130<\/strong><\/p>\n<p>#KAMUB\u0130B<\/p>\n<p>#KAMUB\u0130B19<\/p>\n<p>#D\u0130J\u0130TALDEVLET[\/vc_column_text][\/vc_column][\/vc_row]<\/p>\n<\/div>","protected":false},"excerpt":{"rendered":"<p>[vc_row full_width=&#8221;stretch_row&#8221; css=&#8221;.vc_custom_1506693176187{background-image: url(http:\/\/www.kamu-bib.org.tr\/kamubib-19\/wp-content\/uploads\/2017\/09\/slider-background-kamu-bib-19.jpg?id=7) !important;background-position: center !important;background-repeat: no-repeat !important;background-size: cover !important;}&#8221;][vc_column][rev_slider_vc alias=&#8221;anasayfa&#8221;][\/vc_column][\/vc_row][vc_row full_width=&#8221;stretch_row&#8221; css=&#8221;.vc_custom_1506693243611{margin-bottom: 100px !important;}&#8221;][vc_column][vc_single_image image=&#8221;15&#8243; img_size=&#8221;full&#8221;][vc_column_text]KATILIM KAYIT ORGAN\u0130ZASYON, SPONSORLUK Serap ALTAN serap.altan@tbd.org.tr \u00a0 BASIN MEDYA \u0130LET\u0130\u015e\u0130M Arzu KILI\u00c7 arzu.kilic@tbd.org.tr \u00a0 TBD GENEL MERKEZ \u0130LET\u0130\u015e\u0130M Tel \u00a0\u00a0\u00a0\u00a0 \u00a0\u00a0\u00a0\u00a0\u00a0\u00a0\u00a0\u00a0\u00a0\u00a0\u00a0 : +90 (312) 473 8215 Faks\u00a0\u00a0\u00a0 \u00a0\u00a0\u00a0\u00a0\u00a0\u00a0\u00a0\u00a0\u00a0 : +90 (312) 473 8216 Adres\u00a0\u00a0 \u00a0\u00a0\u00a0\u00a0\u00a0\u00a0\u00a0\u00a0 :\u00a0Ceyhun Atuf&nbsp;<\/p>\n<p><a class=\"btn btn-style\" href=\"http:\/\/www.kamu-bib.org.tr\/kamubib-19\/iletisim\">Continue Reading<\/a><\/p>\n","protected":false},"author":3,"featured_media":0,"parent":0,"menu_order":0,"comment_status":"closed","ping_status":"closed","template":"homepage.php","meta":{"footnotes":""},"class_list":["post-85","page","type-page","status-publish","hentry"],"_links":{"self":[{"href":"http:\/\/www.kamu-bib.org.tr\/kamubib-19\/wp-json\/wp\/v2\/pages\/85","targetHints":{"allow":["GET"]}}],"collection":[{"href":"http:\/\/www.kamu-bib.org.tr\/kamubib-19\/wp-json\/wp\/v2\/pages"}],"about":[{"href":"http:\/\/www.kamu-bib.org.tr\/kamubib-19\/wp-json\/wp\/v2\/types\/page"}],"author":[{"embeddable":true,"href":"http:\/\/www.kamu-bib.org.tr\/kamubib-19\/wp-json\/wp\/v2\/users\/3"}],"replies":[{"embeddable":true,"href":"http:\/\/www.kamu-bib.org.tr\/kamubib-19\/wp-json\/wp\/v2\/comments?post=85"}],"version-history":[{"count":6,"href":"http:\/\/www.kamu-bib.org.tr\/kamubib-19\/wp-json\/wp\/v2\/pages\/85\/revisions"}],"predecessor-version":[{"id":164,"href":"http:\/\/www.kamu-bib.org.tr\/kamubib-19\/wp-json\/wp\/v2\/pages\/85\/revisions\/164"}],"wp:attachment":[{"href":"http:\/\/www.kamu-bib.org.tr\/kamubib-19\/wp-json\/wp\/v2\/media?parent=85"}],"curies":[{"name":"wp","href":"https:\/\/api.w.org\/{rel}","templated":true}]}}