{"id":2,"date":"2017-09-22T11:15:18","date_gmt":"2017-09-22T08:15:18","guid":{"rendered":"http:\/\/www.kamu-bib.org.tr\/kamubib-21\/?page_id=2"},"modified":"2019-05-14T17:26:00","modified_gmt":"2019-05-14T14:26:00","slug":"anasayfa","status":"publish","type":"page","link":"https:\/\/www.kamu-bib.org.tr\/kamubib-21\/","title":{"rendered":"ANASAYFA"},"content":{"rendered":"<p>[vc_row full_width=&#8221;stretch_row_content_no_spaces&#8221; css=&#8221;.vc_custom_1555071434559{padding-top: 50px !important;background: #000720 url(https:\/\/www.kamu-bib.org.tr\/kamubib-21\/wp-content\/uploads\/2019\/03\/kamu-bib-21.jpeg?id=646) !important;background-position: center !important;background-repeat: no-repeat !important;background-size: contain !important;}&#8221;][vc_column][rev_slider_vc alias=&#8221;anasayfa-g&#8221;][\/vc_column][\/vc_row][vc_row][vc_column width=&#8221;1\/4&#8243;]<div class=\"themeum-button \" style=\"display: inline; text-align:center;display:inline-block;\"><a data-hover-color=\"#26dbef\" data-hover-bg-color=\"#96157c\"  class=\"thm-color themeum_button_shortcode\" style=\"font-size:16px;line-height:16px;color:#ffffff;background:#30936f;border-radius:4px;font-weight:500;margin:0 20px 0 0;padding:15px 30px;display:inline-block\" href=\"http:\/\/www.kamu-bib.org.tr\/kamubib-21\/program\" target=\"_self\">PROGRAM<\/a><\/div>[\/vc_column][vc_column width=&#8221;1\/4&#8243;]<div class=\"themeum-button \" style=\"display: inline; text-align:center;display:inline-block;\"><a data-hover-color=\"#26dbef\" data-hover-bg-color=\"#96157c\"  class=\"thm-color themeum_button_shortcode\" style=\"font-size:16px;line-height:16px;color:#ffffff;background:#14b0e0;border-radius:4px;font-weight:500;margin:0 20px 0 0;padding:15px 30px;display:inline-block\" href=\"http:\/\/www.kamu-bib.org.tr\/kamubib-21\/pdf\/tbd-kamu-bib-21-sponsorluk-dosyasi.pdf\" target=\"_blank\">SPONSORLUK<\/a><\/div>[\/vc_column][vc_column width=&#8221;1\/4&#8243;]<div class=\"themeum-button \" style=\"display: inline; text-align:center;display:inline-block;\"><a data-hover-color=\"#ffffff\" data-hover-bg-color=\"#dd3333\"  class=\"thm-color themeum_button_shortcode\" style=\"font-size:16px;line-height:16px;color:#ffffff;background:#dd7171;border-radius:4px;font-weight:500;margin:0 20px 0 0;padding:15px 30px;display:inline-block\" href=\"http:\/\/www.kamu-bib.org.tr\/kamubib-21\/pdf\/sonuc-raporu.pdf\" target=\"_blank\">SONU\u00c7 RAPORU<\/a><\/div>[\/vc_column][vc_column width=&#8221;1\/4&#8243;]<div class=\"themeum-button \" style=\"display: inline; text-align:center;display:inline-block;\"><a data-hover-color=\"#26dbef\" data-hover-bg-color=\"#96157c\"  class=\"thm-color themeum_button_shortcode\" style=\"font-size:16px;line-height:16px;color:#ffffff;background:#e8c83e;border-radius:4px;font-weight:500;margin:0 20px 0 0;padding:15px 30px;display:inline-block\" href=\"http:\/\/www.kamu-bib.org.tr\/kamubib-21\/katilimci-kayit\" target=\"_self\">KATILIMCI KAYIT<\/a><\/div>[\/vc_column][\/vc_row][vc_row][vc_column]<div class=\"themeum-title  \" style=\"text-align:left;\"><h3 class=\"style-title\" style=\"font-weight:700;font-size:28px;line-height: normal;color:#00137b;\">TBD KAMU-B\u0130B&#039;21 YERL\u0130 ve M\u0130LL\u0130 TEKNOLOJ\u0130LER Z\u0130RVES\u0130<\/h3><\/div>[vc_column_text]KAMU BIB&#8217;21 etkinli\u011fi, Bilgi Teknolojileri ve \u0130leti\u015fim Kurumu (BTK), Ula\u015ft\u0131rma ve Altyap\u0131 Bakanl\u0131\u011f\u0131 ve Sanayi ve Teknoloji Bakanl\u0131\u011f\u0131 ile i\u015f birli\u011fi i\u00e7inde, 16 Nisan 2019 tarihinde TBD Taraf\u0131ndan \u201cYerli ve Milli Teknolojiler Zirvesi\u201d ana temas\u0131 ile d\u00fczenlenmi\u015ftir.<\/p>\n<p>Zirvede \u201cYerli ve Milli Yaz\u0131l\u0131m \u00c7al\u0131\u015ftay\u0131 \u201c, \u201cKAMU-B\u0130B \u00c7al\u0131\u015fma Gruplar\u0131 Tan\u0131t\u0131m\u0131\u201d, \u201cA\u00e7\u0131k Kaynak Kodlu Yaz\u0131l\u0131m Ekosistemi\u201d ve \u201cMilli Teknoloji Hamlesi Ba\u015far\u0131 Hikayeleri\u201d ad\u0131nda 4 oturum kamu, \u00f6zel sekt\u00f6r ve \u00fcniversitelerimizin y\u00f6neticileri, \u00f6\u011fretim \u00fcyeleri, sivil toplum kurulu\u015flar\u0131n\u0131n temsilcileri, bili\u015fim uzmanlar\u0131 ve \u00f6\u011frencilerin kat\u0131l\u0131m\u0131 ile ger\u00e7ekle\u015ftirilmi\u015ftir.<\/p>\n<p>Ayr\u0131ca, a\u00e7\u0131l\u0131\u015f konu\u015fmalar\u0131nda, Yerli ve Milli Teknolojilerin \u00f6nemine ve Milli teknoloji hamlesine y\u00f6nelik \u00f6nemli a\u00e7\u0131klamalar, tespitler ve \u00f6nerilerde bulunan T.C. Ula\u015ft\u0131rma ve Altyap\u0131 Bakan Yard\u0131mc\u0131s\u0131 Sn. \u00d6mer Fatih SAYAN ve BTK Ba\u015fkan\u0131 Sn. \u00d6mer Abdullah KARAG\u00d6ZO\u011eLU\u2019na KAMU BIB&#8217;21: Yerli ve Milli Teknolojiler Zirvesine vermi\u015f olduklar\u0131 destek i\u00e7in te\u015fekk\u00fcr ediyoruz.<\/p>\n<p>Bu yolda bizimle beraber mesai harcayan herkese ve sponsorlar\u0131m\u0131za te\u015fekk\u00fcr ediyoruz. \u00c7\u00fcnk\u00fc bilmekteyiz Dijital T\u00fcrkiye yolculu\u011funda Yerli ve Milli Teknolojilerin geli\u015ftirilmesi ve bu yolda ger\u00e7ekle\u015ftirilecek i\u015fbirlikleri kalk\u0131nmam\u0131z\u0131n ve \u00fclke g\u00fcvenli\u011fimizin en b\u00fcy\u00fck teminat\u0131d\u0131r.<\/p>\n<p>Kamuoyuna sayg\u0131yla duyurulur.<\/p>\n<p style=\"text-align: left;\"><strong>Rahmi AKTEPE<\/strong><br \/>\n<strong>T\u00fcrkiye Bili\u015fim Derne\u011fi<\/strong><br \/>\n<strong>Genel Ba\u015fkan\u0131<\/strong><\/p>\n<p>[\/vc_column_text]<div class=\"themeum-button \" style=\"display: inline; text-align:center;display:inline-block;\"><a data-hover-color=\"#ffffff\" data-hover-bg-color=\"#dd3333\"  class=\"thm-color themeum_button_shortcode\" style=\"font-size:16px;line-height:16px;color:#ffffff;background:#dd7171;border-radius:4px;font-weight:500;margin:0 20px 20px 0;padding:15px 30px;display:inline-block\" href=\"http:\/\/www.kamu-bib.org.tr\/kamubib-21\/pdf\/sonuc-raporu.pdf\" target=\"_blank\">SONU\u00c7 RAPORU<\/a><\/div>[vc_gallery type=&#8221;image_grid&#8221; images=&#8221;633,632,631,630,586&#8243; img_size=&#8221;220&#215;139&#8243;][\/vc_column][\/vc_row][vc_row][vc_column][vc_separator color=&#8221;blue&#8221; border_width=&#8221;3&#8243;]<div class=\"themeum-title  \" style=\"text-align:left;\"><h3 class=\"style-title\" style=\"font-weight:700;font-size:28px;line-height: normal;color:#00137b;\">\u0130LET\u0130\u015e\u0130M<\/h3><\/div>[vc_column_text]<\/p>\n<table>\n<thead>\n<tr>\n<th>KATILIM KAYIT ORGAN\u0130ZASYON<\/th>\n<th>SPONSORLUK BA\u015eVURULARI<\/th>\n<th>BASIN MEDYA \u0130LET\u0130\u015e\u0130M<\/th>\n<\/tr>\n<\/thead>\n<tbody>\n<tr>\n<td>Serap ALTAN<\/td>\n<td>Ceren TUN\u00c7<\/td>\n<td>Ye\u015fim ERGUN<\/td>\n<\/tr>\n<tr>\n<td><a href=\"mailto:serap.altan@tbd.org.tr\">serap.altan@tbd.org.tr<\/a><\/td>\n<td><a href=\"mailto:ceren.tunc@tbd.org.tr\">ceren.tunc@tbd.org.tr<\/a><\/td>\n<td><a href=\"mailto:yesim@tbd.org.tr\">yesim@tbd.org.tr<\/a><\/td>\n<\/tr>\n<\/tbody>\n<\/table>\n<table>\n<thead>\n<tr>\n<th>TBD GENEL MERKEZ \u0130LET\u0130\u015e\u0130M<\/th>\n<th>WEB S\u0130TELER\u0130<\/th>\n<\/tr>\n<\/thead>\n<tbody>\n<tr>\n<td><strong>TEL :<\/strong> +90 (312) 473 8215<\/td>\n<td><strong>KAMU-B\u0130B :<\/strong> <a href=\"www.kamu-bib.org.tr\">www.kamu-bib.org.tr<\/a><\/td>\n<\/tr>\n<tr>\n<td><strong>FAKS :<\/strong> +90 (312) 473 8216<\/td>\n<td><strong>TBD :<\/strong> <a href=\"www.tbd.org.tr\">www.tbd.org.tr<\/a><\/td>\n<\/tr>\n<tr>\n<td><strong>ADRES :<\/strong> Ceyhun Atuf Kansu Caddesi 1246. Sokak No:4\/17 Balgat \/ ANKARA<\/td>\n<\/tr>\n<\/tbody>\n<thead>\n<tr>\n<th>SOSYAL MEDYA<\/th>\n<th>SOSYAL MEDYA ET\u0130KETLER\u0130<\/th>\n<\/tr>\n<\/thead>\n<tbody>\n<tr>\n<td><strong>FACEBOOK :<\/strong> <a href=\"https:\/\/www.facebook.com\/kamubib\">\/kamubib<\/a><\/td>\n<td>#KAMUB\u0130B<\/td>\n<\/tr>\n<tr>\n<td><strong>TWITTER :<\/strong> <a href=\"https:\/\/www.twitter.com\/kamubib\">\/kamubib<\/a><\/td>\n<td>#KAMUB\u0130B21<\/td>\n<\/tr>\n<tr>\n<td><\/td>\n<td>#YERL\u0130M\u0130LL\u0130<\/td>\n<\/tr>\n<\/tbody>\n<\/table>\n<p>[\/vc_column_text][\/vc_column][\/vc_row]<\/p>\n","protected":false},"excerpt":{"rendered":"<p>[vc_row full_width=&#8221;stretch_row_content_no_spaces&#8221; css=&#8221;.vc_custom_1555071434559{padding-top: 50px !important;background: #000720 url(https:\/\/www.kamu-bib.org.tr\/kamubib-21\/wp-content\/uploads\/2019\/03\/kamu-bib-21.jpeg?id=646) !important;background-position: center !important;background-repeat: no-repeat !important;background-size: contain !important;}&#8221;][vc_column][rev_slider_vc alias=&#8221;anasayfa-g&#8221;][\/vc_column][\/vc_row][vc_row][vc_column width=&#8221;1\/4&#8243;][\/vc_column][vc_column width=&#8221;1\/4&#8243;][\/vc_column][vc_column width=&#8221;1\/4&#8243;][\/vc_column][vc_column width=&#8221;1\/4&#8243;][\/vc_column][\/vc_row][vc_row][vc_column][vc_column_text]KAMU BIB&#8217;21 etkinli\u011fi, Bilgi Teknolojileri ve \u0130leti\u015fim Kurumu (BTK), Ula\u015ft\u0131rma ve Altyap\u0131 Bakanl\u0131\u011f\u0131 ve Sanayi ve Teknoloji Bakanl\u0131\u011f\u0131 ile i\u015f birli\u011fi i\u00e7inde, 16 Nisan 2019 tarihinde TBD Taraf\u0131ndan \u201cYerli ve Milli Teknolojiler Zirvesi\u201d ana temas\u0131 ile d\u00fczenlenmi\u015ftir.&nbsp;<\/p>\n<p><a class=\"btn btn-style\" href=\"https:\/\/www.kamu-bib.org.tr\/kamubib-21\/\">Continue Reading<\/a><\/p>\n","protected":false},"author":5,"featured_media":0,"parent":0,"menu_order":0,"comment_status":"closed","ping_status":"closed","template":"homepage.php","meta":{"rs_blank_template":"","rs_page_bg_color":"","slide_template_v7":"","footnotes":""},"_links":{"self":[{"href":"https:\/\/www.kamu-bib.org.tr\/kamubib-21\/wp-json\/wp\/v2\/pages\/2"}],"collection":[{"href":"https:\/\/www.kamu-bib.org.tr\/kamubib-21\/wp-json\/wp\/v2\/pages"}],"about":[{"href":"https:\/\/www.kamu-bib.org.tr\/kamubib-21\/wp-json\/wp\/v2\/types\/page"}],"author":[{"embeddable":true,"href":"https:\/\/www.kamu-bib.org.tr\/kamubib-21\/wp-json\/wp\/v2\/users\/5"}],"replies":[{"embeddable":true,"href":"https:\/\/www.kamu-bib.org.tr\/kamubib-21\/wp-json\/wp\/v2\/comments?post=2"}],"version-history":[{"count":90,"href":"https:\/\/www.kamu-bib.org.tr\/kamubib-21\/wp-json\/wp\/v2\/pages\/2\/revisions"}],"predecessor-version":[{"id":885,"href":"https:\/\/www.kamu-bib.org.tr\/kamubib-21\/wp-json\/wp\/v2\/pages\/2\/revisions\/885"}],"wp:attachment":[{"href":"https:\/\/www.kamu-bib.org.tr\/kamubib-21\/wp-json\/wp\/v2\/media?parent=2"}],"curies":[{"name":"wp","href":"https:\/\/api.w.org\/{rel}","templated":true}]}}