{"id":64,"date":"2017-09-27T13:22:41","date_gmt":"2017-09-27T10:22:41","guid":{"rendered":"http:\/\/www.kamu-bib.org.tr\/kamubib-21\/?page_id=64"},"modified":"2019-04-15T13:27:54","modified_gmt":"2019-04-15T10:27:54","slug":"program","status":"publish","type":"page","link":"https:\/\/www.kamu-bib.org.tr\/kamubib-21\/program","title":{"rendered":"PROGRAM"},"content":{"rendered":"<p>[vc_row full_width=&#8221;stretch_row_content_no_spaces&#8221; css=&#8221;.vc_custom_1555071715037{padding-top: 50px !important;background: #000720 url(https:\/\/www.kamu-bib.org.tr\/kamubib-21\/wp-content\/uploads\/2019\/03\/kamu-bib-21.jpeg?id=646) !important;background-position: center !important;background-repeat: no-repeat !important;background-size: contain !important;}&#8221;][vc_column][rev_slider_vc alias=&#8221;anasayfa-g&#8221;][\/vc_column][\/vc_row][vc_row][vc_column][vc_column_text]<strong>09:00 &#8211; 09:30 | Kay\u0131t ve \u00c7ay-Kahve<\/strong><\/p>\n<p><strong><u>Protokol Konu\u015fmalar\u0131<\/u><\/strong><\/p>\n<p><strong>09:30 &#8211; 09:45 | Rahmi AKTEPE, TBD Genel Ba\u015fkan\u0131 (<a class=\"plus-icon\" href=\"https:\/\/www.kamu-bib.org.tr\/kamubib-21\/wp-content\/uploads\/2019\/04\/rahmi-aktepe.jpg\">G\u00f6rsel<\/a>)<\/strong><\/p>\n<p><strong>09:45 &#8211; 10:00 | \u00d6mer Abdullah KARAG\u00d6ZO\u011eLU, BTK Ba\u015fkan\u0131 (<a class=\"plus-icon\" href=\"https:\/\/www.kamu-bib.org.tr\/kamubib-21\/wp-content\/uploads\/2019\/04\/omer-abdullah-karagozoglu.jpg\">G\u00f6rsel<\/a>)<\/strong><\/p>\n<p><strong>10:00 &#8211; 10:20 | Dr. \u00d6mer Fatih SAYAN, T.C. UAB Bakan Yard\u0131mc\u0131s\u0131 (<a class=\"plus-icon\" href=\"https:\/\/www.kamu-bib.org.tr\/kamubib-21\/wp-content\/uploads\/2019\/04\/omer-fatih-sayan.jpg\">G\u00f6rsel<\/a>)<\/strong><\/p>\n<p><strong>10:20 &#8211; 10:40 | Plaket T\u00f6reni<\/strong><\/p>\n<p><strong>10:40 &#8211; 11:00 | \u00c7ay-Kahve<\/strong><\/p>\n<p><strong>11:00 &#8211; 11:10 | Ana Sponsor Konu\u015fmas\u0131: Meltem BAK\u0130LER \u015eAH\u0130N, Vodafone T\u00fcrkiye \u0130cra Kurulu Ba\u015fkan Yard\u0131mc\u0131s\u0131 (<a class=\"plus-icon\" href=\"https:\/\/www.kamu-bib.org.tr\/kamubib-21\/wp-content\/uploads\/2019\/04\/meltem-bakiler-sahin.jpg\">G\u00f6rsel<\/a>)<\/strong><\/p>\n<p><strong>11:10 &#8211; 13:00 | Oturum-1: Yerli ve Milli Yaz\u0131l\u0131m \u00c7al\u0131\u015ftay\u0131<\/strong><\/p>\n<p><strong>\u00a0 \u00a0 \u00a0 \u00a0 \u00a0 \u00a0 \u00a0 \u00a0 \u00a0 \u00a0 \u00a0 \u00a0 \u00a0 \u00a0 \u00a0\u00c7al\u0131\u015ftay Y\u00f6neticisi: Figen KILI\u00c7, BTK Kurul \u0130kinci Ba\u015fkan\u0131 (<a class=\"plus-icon\" href=\"https:\/\/www.kamu-bib.org.tr\/kamubib-21\/wp-content\/uploads\/2019\/04\/figen-kilic-y.jpg\">G\u00f6rsel<\/a>)<\/strong><\/p>\n<p><strong><em>\u00a0 \u00a0 \u00a0 \u00a0 \u00a0 \u00a0 \u00a0 \u00a0 \u00a0 \u00a0 \u00a0 \u00a0 \u00a0 \u00a0 \u00a0 \u00a0 \u00a0 \u00a0 \u00a0 \u00a0 \u00a0 \u00a0TBD Yerli ve Milli Yaz\u0131l\u0131m End\u00fcstrisi Sekt\u00f6r Raporu Sunumu:<\/em><\/strong><\/p>\n<p><strong><em>\u00a0 \u00a0 \u00a0 \u00a0 \u00a0 \u00a0 \u00a0 \u00a0 \u00a0 \u00a0 \u00a0 \u00a0 \u00a0 \u00a0 \u00a0 \u00a0 \u00a0 \u00a0 \u00a0 \u00a0 \u00a0 \u00a0Ertan BARUT, TBD Yerli ve Milli Yaz\u0131l\u0131m \u00c7al\u0131\u015fma Heyeti Ba\u015fkan\u0131<\/em> (<a class=\"plus-icon\" href=\"https:\/\/www.kamu-bib.org.tr\/kamubib-21\/wp-content\/uploads\/2019\/04\/ertan-barut.jpg\">G\u00f6rsel<\/a>)<\/strong><\/p>\n<p><strong><em><u>Konu\u015fmac\u0131lar:<\/u><\/em><\/strong><\/p>\n<p><strong><em>\u00a0 \u00a0 \u00a0 \u00a0 \u00a0 \u00a0 \u00a0 Tan\u0131n AFACAN, ASELSAN HBT Bilgi Teknolojileri Program Direkt\u00f6r\u00fc<\/em>(<a class=\"plus-icon\" href=\"https:\/\/www.kamu-bib.org.tr\/kamubib-21\/wp-content\/uploads\/2019\/04\/tan\u0131n-afacan.jpg\">G\u00f6rsel<\/a>)<\/strong><\/p>\n<p><strong><em>\u00a0 \u00a0 \u00a0 \u00a0 \u00a0 \u00a0 \u00a0 P\u0131nar \u00d6NG\u00dcN, Bimser Kamu Sat\u0131\u015f Y\u00f6neticisi<\/em>(<a class=\"plus-icon\" href=\"https:\/\/www.kamu-bib.org.tr\/kamubib-21\/wp-content\/uploads\/2019\/04\/pinar-ongun.jpg\">G\u00f6rsel<\/a>)<\/strong><\/p>\n<p><strong><em>\u00a0 \u00a0 \u00a0 \u00a0 \u00a0 \u00a0 \u00a0 B\u00fclent Kemal MUTLU, NETA\u015e ArGe Genel M\u00fcd\u00fcr Vekili<\/em>(<a class=\"plus-icon\" href=\"https:\/\/www.kamu-bib.org.tr\/kamubib-21\/wp-content\/uploads\/2019\/04\/bulent-kemal-mutlu.jpg\">G\u00f6rsel<\/a>)<\/strong><\/p>\n<p><strong><em>\u00a0 \u00a0 \u00a0 \u00a0 \u00a0 \u00a0 \u00a0 Ak\u0131n SERTCAN, Logo Yaz\u0131l\u0131m \u0130cra Kurulu \u00dcyesi<\/em>(<a class=\"plus-icon\" href=\"https:\/\/www.kamu-bib.org.tr\/kamubib-21\/wp-content\/uploads\/2019\/04\/akin-sertcan.jpg\">G\u00f6rsel<\/a>)<\/strong><\/p>\n<p><strong><em>\u00a0 \u00a0 \u00a0 \u00a0 \u00a0 \u00a0 \u00a0 Berna KULAKSIZ, Vodafone T\u00fcrkiye Kurumsal \u00dcr\u00fcn ve \u00c7\u00f6z\u00fcmler Direkt\u00f6r\u00fc<\/em>(<a class=\"plus-icon\" href=\"https:\/\/www.kamu-bib.org.tr\/kamubib-21\/wp-content\/uploads\/2019\/04\/berna-kulaksiz-y.jpeg\">G\u00f6rsel<\/a>)<\/strong><\/p>\n<p><strong><em>\u00a0 \u00a0 \u00a0 \u00a0 \u00a0 \u00a0 \u00a0 Osman Hakan ERKAN, Turkcell Digital Business Services Genel M\u00fcd\u00fcr\u00fc<\/em>(<a class=\"plus-icon\" href=\"https:\/\/www.kamu-bib.org.tr\/kamubib-21\/wp-content\/uploads\/2019\/04\/osman-hakan-erkan.jpg\">G\u00f6rsel<\/a>)<\/strong><\/p>\n<p><strong>13:00 &#8211; 14:00 | Yemek<\/strong><\/p>\n<p><strong>14:00 &#8211; 14:30 | Oturum-2: KAMU-B\u0130B \u00c7al\u0131\u015fma Gruplar\u0131 Tan\u0131t\u0131m\u0131\u00a0 <\/strong><\/p>\n<p><strong>\u00a0 \u00a0 \u00a0 \u00a0 \u00a0 \u00a0 \u00a0 \u00a0 \u00a0 \u00a0 \u00a0 \u00a0 \u00a0 \u00a0 \u00a0 Kenan ALTINSAAT TBD Ankara \u015eube YK Ba\u015fkan\u0131 (<a class=\"plus-icon\" href=\"https:\/\/www.kamu-bib.org.tr\/kamubib-21\/wp-content\/uploads\/2019\/04\/kenan-altinsaat.jpg\">G\u00f6rsel<\/a>)<\/strong><\/p>\n<p><strong>\u00a0 \u00a0 \u00a0 \u00a0 \u00a0 \u00a0 \u00a0 \u00a0 \u00a0 \u00a0 \u00a0 \u00a0 \u00a0 \u00a0 \u00a0 Furkan CIVELEK, TBD Kamu-B\u0130B Y\u00fcr\u00fctme Kurulu Ba\u015fkan\u0131 (<a class=\"plus-icon\" href=\"https:\/\/www.kamu-bib.org.tr\/kamubib-21\/wp-content\/uploads\/2019\/04\/furkan-civelek.jpg\">G\u00f6rsel<\/a>)<\/strong><\/p>\n<p><strong>14:30 &#8211; 16:00 | Oturum-3: A\u00e7\u0131k Kaynak Kodlu Yaz\u0131l\u0131m Ekosistemi\u00a0 <\/strong><\/p>\n<p><strong>\u00a0 \u00a0 \u00a0 \u00a0 \u00a0 \u00a0 \u00a0 \u00a0 \u00a0 \u00a0 \u00a0 \u00a0 \u00a0 \u00a0 \u00a0 Panel Y\u00f6neticisi: B\u00fclent ARSAL, Bilgi Teknolojileri Dairesi Daire Ba\u015fkan\u0131 (<a class=\"plus-icon\" href=\"https:\/\/www.kamu-bib.org.tr\/kamubib-21\/wp-content\/uploads\/2019\/04\/bulent-arsal.jpg\">G\u00f6rsel<\/a>)<\/strong><\/p>\n<p><strong><em><u>Konu\u015fmac\u0131lar:<\/u><\/em><\/strong><\/p>\n<p><strong><em>\u00a0 \u00a0 \u00a0 \u00a0 \u00a0 \u00a0 \u00a0 Ziya KARAKAYA, At\u0131l\u0131m \u00dcniversitesi \u00d6\u011fretim \u00dcyesi<\/em> (<a class=\"plus-icon\" href=\"https:\/\/www.kamu-bib.org.tr\/kamubib-21\/wp-content\/uploads\/2019\/04\/dr-ziya-karakaya.jpg\">G\u00f6rsel<\/a>)<\/strong><\/p>\n<p><strong><em>\u00a0 \u00a0 \u00a0 \u00a0 \u00a0 \u00a0 \u00a0 T\u00fcrker G\u00dcL\u00dcM, Profelis Genel M\u00fcd\u00fcr<\/em> (<a class=\"plus-icon\" href=\"https:\/\/www.kamu-bib.org.tr\/kamubib-21\/wp-content\/uploads\/2019\/04\/turker-gulum.jpg\">G\u00f6rsel<\/a>)<\/strong><\/p>\n<p><strong><em>\u00a0 \u00a0 \u00a0 \u00a0 \u00a0 \u00a0 \u00a0 \u0130rfan KESK\u0130N, AFAD Bilgi Sistemleri ve Haberle\u015fme Dairesi Ba\u015fkan\u0131<\/em> (<a class=\"plus-icon\" href=\"https:\/\/www.kamu-bib.org.tr\/kamubib-21\/wp-content\/uploads\/2019\/04\/irfan-keskin-y.jpg\">G\u00f6rsel<\/a>)<\/strong><\/p>\n<p><strong><em>\u00a0 \u00a0 \u00a0 \u00a0 \u00a0 \u00a0 \u00a0 Ahmet SAVA\u015e, T\u00fcrksat A.\u015e. Yaz\u0131l\u0131m Geli\u015ftirme Direkt\u00f6r\u00fc<\/em> (<a class=\"plus-icon\" href=\"https:\/\/www.kamu-bib.org.tr\/kamubib-21\/wp-content\/uploads\/2019\/04\/ahmet-savas.jpg\">G\u00f6rsel<\/a>)<\/strong><\/p>\n<p><strong><em>\u00a0 \u00a0 \u00a0 \u00a0 \u00a0 \u00a0 \u00a0 G\u00f6zde TOPUZ, IBM Kamu \u0130\u015f Geli\u015ftirme Y\u00f6neticisi<\/em> (<a class=\"plus-icon\" href=\"https:\/\/www.kamu-bib.org.tr\/kamubib-21\/wp-content\/uploads\/2019\/04\/gozde-topuz.jpg\">G\u00f6rsel<\/a>)<\/strong><\/p>\n<p><strong><em>\u00a0 \u00a0 \u00a0 \u00a0 \u00a0 \u00a0 \u00a0 Akg\u00fcn A. YARDIMCI, BeyazNet Teknik Koordinat\u00f6r\u00fc<\/em> (<a class=\"plus-icon\" href=\"https:\/\/www.kamu-bib.org.tr\/kamubib-21\/wp-content\/uploads\/2019\/04\/akg\u00fcn-yardimci.jpg\">G\u00f6rsel<\/a>) <\/strong><\/p>\n<p><strong>16:00 &#8211; 16:15 | \u0130kram Molas\u0131<\/strong><\/p>\n<p><strong>16:15 &#8211; 17:45 | Oturum-4: Milli Teknoloji Hamlesi Ba\u015far\u0131 Hikayeleri<\/strong><\/p>\n<p><strong>\u00a0 \u00a0 \u00a0 \u00a0 \u00a0 \u00a0 \u00a0 \u00a0\u00a0 \u00a0 16:15 &#8211; 16:30 | Metin BALCI, ULAK A.\u015e. Genel M\u00fcd\u00fcr\u00fc<\/strong><\/p>\n<p><strong>\u00a0 \u00a0 \u00a0 \u00a0 \u00a0 \u00a0 \u00a0 \u00a0\u00a0 \u00a0 16:30 &#8211; 16:45 | Tolga YA\u015eIT, ATARLABS\u00a0 S\u00fcre\u00e7 ve Kalite G\u00fcvence Direkt\u00f6r\u00fc<\/strong><\/p>\n<p><strong>\u00a0 \u00a0 \u00a0 \u00a0 \u00a0 \u00a0 \u00a0 \u00a0\u00a0 \u00a0 16:45 &#8211; 17:00 | Se\u00e7kin G\u00dcRLER, LABR\u0130S Genel M\u00fcd\u00fcr\u00fc<\/strong><\/p>\n<p><strong>\u00a0 \u00a0 \u00a0 \u00a0 \u00a0 \u00a0 \u00a0 \u00a0 \u00a0 \u00a0 17:00 &#8211; 17:15 | Macit \u00c7OBANO\u011eLU, TURKKEP Y\u00f6netim Kurulu \u00dcyesi<\/strong><\/p>\n<p><strong>\u00a0 \u00a0 \u00a0 \u00a0 \u00a0 \u00a0 \u00a0 \u00a0 \u00a0 \u00a0 17:15 &#8211; 17:30 | G\u00f6khan F\u0130DAN, ANKAREF Genel M\u00fcd\u00fcr\u00fc<\/strong>(<a class=\"plus-icon\" href=\"https:\/\/www.kamu-bib.org.tr\/kamubib-21\/wp-content\/uploads\/2019\/04\/gokhan-fidan.jpg\">G\u00f6rsel<\/a>)<\/p>\n<p><strong>\u00a0 \u00a0 \u00a0 \u00a0 \u00a0 \u00a0 \u00a0 \u00a0 \u00a0 \u00a0 17:30 &#8211; 17:45 | Fatma EVREN, EMFA- Genel M\u00fcd\u00fcr\u00fc<\/strong><\/p>\n<p><strong>16:15 &#8211; 18:00 | Kamu-B\u0130B \u00c7al\u0131\u015fma Grubu Toplant\u0131lar\u0131<\/strong><\/p>\n<p><strong>\u00a0 \u00a0 \u00a0 \u00a0 \u00a0 \u00a0 \u00a0 \u00a018:00 | Kapan\u0131\u015f<\/strong>[\/vc_column_text][\/vc_column][\/vc_row][vc_row][vc_column][\/vc_column][\/vc_row][vc_row][vc_column][vc_column_text][\/vc_column_text][\/vc_column][\/vc_row]<\/p>\n","protected":false},"excerpt":{"rendered":"<p>[vc_row full_width=&#8221;stretch_row_content_no_spaces&#8221; css=&#8221;.vc_custom_1555071715037{padding-top: 50px !important;background: #000720 url(https:\/\/www.kamu-bib.org.tr\/kamubib-21\/wp-content\/uploads\/2019\/03\/kamu-bib-21.jpeg?id=646) !important;background-position: center !important;background-repeat: no-repeat !important;background-size: contain !important;}&#8221;][vc_column][rev_slider_vc alias=&#8221;anasayfa-g&#8221;][\/vc_column][\/vc_row][vc_row][vc_column][vc_column_text]09:00 &#8211; 09:30 | Kay\u0131t ve \u00c7ay-Kahve Protokol Konu\u015fmalar\u0131 09:30 &#8211; 09:45 | Rahmi AKTEPE, TBD Genel Ba\u015fkan\u0131 (G\u00f6rsel) 09:45 &#8211; 10:00 | \u00d6mer Abdullah KARAG\u00d6ZO\u011eLU, BTK Ba\u015fkan\u0131 (G\u00f6rsel) 10:00 &#8211; 10:20 | Dr. \u00d6mer Fatih SAYAN, T.C. UAB Bakan Yard\u0131mc\u0131s\u0131&nbsp;<\/p>\n<p><a class=\"btn btn-style\" href=\"https:\/\/www.kamu-bib.org.tr\/kamubib-21\/program\">Continue Reading<\/a><\/p>\n","protected":false},"author":5,"featured_media":0,"parent":0,"menu_order":0,"comment_status":"closed","ping_status":"closed","template":"homepage.php","meta":{"rs_blank_template":"","rs_page_bg_color":"","slide_template_v7":"","footnotes":""},"_links":{"self":[{"href":"https:\/\/www.kamu-bib.org.tr\/kamubib-21\/wp-json\/wp\/v2\/pages\/64"}],"collection":[{"href":"https:\/\/www.kamu-bib.org.tr\/kamubib-21\/wp-json\/wp\/v2\/pages"}],"about":[{"href":"https:\/\/www.kamu-bib.org.tr\/kamubib-21\/wp-json\/wp\/v2\/types\/page"}],"author":[{"embeddable":true,"href":"https:\/\/www.kamu-bib.org.tr\/kamubib-21\/wp-json\/wp\/v2\/users\/5"}],"replies":[{"embeddable":true,"href":"https:\/\/www.kamu-bib.org.tr\/kamubib-21\/wp-json\/wp\/v2\/comments?post=64"}],"version-history":[{"count":120,"href":"https:\/\/www.kamu-bib.org.tr\/kamubib-21\/wp-json\/wp\/v2\/pages\/64\/revisions"}],"predecessor-version":[{"id":870,"href":"https:\/\/www.kamu-bib.org.tr\/kamubib-21\/wp-json\/wp\/v2\/pages\/64\/revisions\/870"}],"wp:attachment":[{"href":"https:\/\/www.kamu-bib.org.tr\/kamubib-21\/wp-json\/wp\/v2\/media?parent=64"}],"curies":[{"name":"wp","href":"https:\/\/api.w.org\/{rel}","templated":true}]}}