{"id":670,"date":"2019-03-27T10:22:12","date_gmt":"2019-03-27T07:22:12","guid":{"rendered":"https:\/\/www.kamu-bib.org.tr\/kamubib-21\/?page_id=670"},"modified":"2019-04-15T12:34:46","modified_gmt":"2019-04-15T09:34:46","slug":"sponsorlar","status":"publish","type":"page","link":"https:\/\/www.kamu-bib.org.tr\/kamubib-21\/sponsorlar","title":{"rendered":"Sponsorlar"},"content":{"rendered":"<p>[vc_row full_width=&#8221;stretch_row_content_no_spaces&#8221; rtl_reverse=&#8221;yes&#8221; css=&#8221;.vc_custom_1555071730414{padding-top: 50px !important;background: #000720 url(https:\/\/www.kamu-bib.org.tr\/kamubib-21\/wp-content\/uploads\/2019\/03\/kamu-bib-21.jpeg?id=646) !important;background-position: center !important;background-repeat: no-repeat !important;background-size: contain !important;}&#8221;][vc_column][rev_slider_vc alias=&#8221;anasayfa-g&#8221;][\/vc_column][\/vc_row][vc_row][vc_column][vc_custom_heading text=&#8221;ANA SPONSOR&#8221; font_container=&#8221;tag:h2|text_align:center&#8221; use_theme_fonts=&#8221;yes&#8221;][\/vc_column][vc_column width=&#8221;1\/5&#8243;][\/vc_column][vc_column width=&#8221;1\/5&#8243;][\/vc_column][vc_column width=&#8221;1\/5&#8243;][vc_column_text]<a href=\"https:\/\/www.vodafone.com.tr\/VodafoneBusiness\/RedKurumsal\/anasayfa.php\" target=\"_blank\" rel=\"noopener noreferrer\"><img loading=\"lazy\" decoding=\"async\" class=\"sponsor aligncenter\" src=\"https:\/\/www.tbd.org.tr\/logolar\/vodafone-business-logo.jpg\" width=\"200\" height=\"200\" \/><\/a>[\/vc_column_text][\/vc_column][vc_column width=&#8221;1\/5&#8243;][\/vc_column][vc_column width=&#8221;1\/5&#8243;][\/vc_column][\/vc_row][vc_row][vc_column][vc_custom_heading text=&#8221;PLAT\u0130N SPONSOR&#8221; font_container=&#8221;tag:h2|text_align:center&#8221; use_theme_fonts=&#8221;yes&#8221;][\/vc_column][vc_column width=&#8221;1\/5&#8243;][vc_column_text]<a href=\"https:\/\/www.aselsan.com.tr\/\" target=\"_blank\" rel=\"noopener noreferrer\"><img loading=\"lazy\" decoding=\"async\" class=\"sponsor aligncenter\" src=\"https:\/\/www.tbd.org.tr\/logolar\/aselsan-logo.jpg\" width=\"200\" height=\"200\" \/><\/a>[\/vc_column_text][\/vc_column][vc_column width=&#8221;1\/5&#8243;][vc_column_text]<a href=\"https:\/\/www.logo.com.tr\" target=\"_blank\" rel=\"noopener noreferrer\"><img loading=\"lazy\" decoding=\"async\" class=\"sponsor aligncenter\" src=\"https:\/\/www.tbd.org.tr\/logolar\/logo-logo.jpg\" width=\"200\" height=\"200\" \/><\/a>[\/vc_column_text][\/vc_column][vc_column width=&#8221;1\/5&#8243;][vc_column_text]<a href=\"https:\/\/www.ibm.com\/\" target=\"_blank\" rel=\"noopener noreferrer\"><img loading=\"lazy\" decoding=\"async\" class=\"sponsor aligncenter\" src=\"https:\/\/www.tbd.org.tr\/logolar\/ibm-logo.jpg\" width=\"200\" height=\"200\" \/><\/a>[\/vc_column_text][\/vc_column][vc_column width=&#8221;1\/5&#8243;][vc_column_text]<a href=\"https:\/\/www.oracle.com\/tr\/index.html\" target=\"_blank\" rel=\"noopener noreferrer\"><img loading=\"lazy\" decoding=\"async\" class=\"sponsor aligncenter\" src=\"https:\/\/www.tbd.org.tr\/logolar\/oracle-logo.jpg\" width=\"200\" height=\"200\" \/><\/a>[\/vc_column_text][\/vc_column][\/vc_row][vc_row][vc_column][vc_custom_heading text=&#8221;ALTIN SPONSOR&#8221; font_container=&#8221;tag:h2|text_align:center&#8221; use_theme_fonts=&#8221;yes&#8221;][\/vc_column][vc_column width=&#8221;1\/5&#8243;][vc_column_text]<a href=\"https:\/\/www.beyaz.net\/\" target=\"_blank\" rel=\"noopener noreferrer\"><img loading=\"lazy\" decoding=\"async\" class=\"sponsor aligncenter\" src=\"https:\/\/www.tbd.org.tr\/logolar\/beyaznet-logo.jpg\" width=\"200\" height=\"200\" \/><\/a>[\/vc_column_text][\/vc_column][vc_column width=&#8221;1\/5&#8243;][vc_column_text]<a href=\"https:\/\/bimser.com\/\" target=\"_blank\" rel=\"noopener noreferrer\"><img loading=\"lazy\" decoding=\"async\" class=\"sponsor aligncenter\" src=\"https:\/\/www.tbd.org.tr\/logolar\/bimser-logo.jpg\" width=\"200\" height=\"200\" \/><\/a>[\/vc_column_text][\/vc_column][vc_column width=&#8221;1\/5&#8243;][vc_column_text]<a href=\"http:\/\/www.havelsan.com.tr\/\" target=\"_blank\" rel=\"noopener noreferrer\"><img loading=\"lazy\" decoding=\"async\" class=\"sponsor aligncenter\" src=\"https:\/\/www.tbd.org.tr\/logolar\/havelsan-logo.jpg\" width=\"200\" height=\"200\" \/><\/a>[\/vc_column_text][\/vc_column][vc_column width=&#8221;1\/5&#8243;][vc_column_text]<a href=\"http:\/\/www.netas.com.tr\/ana-sayfa\/\" target=\"_blank\" rel=\"noopener noreferrer\"><img loading=\"lazy\" decoding=\"async\" class=\"sponsor aligncenter\" src=\"https:\/\/www.tbd.org.tr\/logolar\/netas-logo.jpg\" width=\"200\" height=\"200\" \/><\/a>[\/vc_column_text][\/vc_column][vc_column width=&#8221;1\/5&#8243;][vc_column_text]<a href=\"https:\/\/www.profelis.com.tr\/tr\/\" target=\"_blank\" rel=\"noopener noreferrer\"><img loading=\"lazy\" decoding=\"async\" class=\"sponsor aligncenter\" src=\"https:\/\/www.tbd.org.tr\/logolar\/profelis-logo.jpg\" width=\"200\" height=\"200\" \/><\/a>[\/vc_column_text][\/vc_column][\/vc_row][vc_row][vc_column][vc_custom_heading text=&#8221;G\u00dcM\u00dc\u015e SPONSOR&#8221; font_container=&#8221;tag:h2|text_align:center&#8221; use_theme_fonts=&#8221;yes&#8221;][\/vc_column][vc_column width=&#8221;1\/5&#8243;][vc_column_text]<a href=\"http:\/\/www.ankaref.com\" target=\"_blank\" rel=\"noopener noreferrer\"><img loading=\"lazy\" decoding=\"async\" class=\"sponsor aligncenter\" src=\"https:\/\/www.tbd.org.tr\/logolar\/ankaref-logo.jpg\" width=\"200\" height=\"200\" \/><\/a>[\/vc_column_text][\/vc_column][vc_column width=&#8221;1\/5&#8243;][vc_column_text]<a href=\"https:\/\/apinizer.com\/\" target=\"_blank\" rel=\"noopener noreferrer\"><img loading=\"lazy\" decoding=\"async\" class=\"sponsor aligncenter\" src=\"https:\/\/www.tbd.org.tr\/logolar\/apinezer-logo.jpg\" width=\"200\" height=\"200\" \/><\/a>[\/vc_column_text][\/vc_column][vc_column width=&#8221;1\/5&#8243;][vc_column_text]<a href=\"https:\/\/www.bilgeadam.com\/\" target=\"_blank\" rel=\"noopener noreferrer\"><img loading=\"lazy\" decoding=\"async\" class=\"sponsor aligncenter\" src=\"https:\/\/www.tbd.org.tr\/logolar\/bilgeadam-logo.jpg\" width=\"200\" height=\"200\" \/><\/a>[\/vc_column_text][\/vc_column][vc_column width=&#8221;1\/5&#8243;][vc_column_text]<a href=\"https:\/\/www.panasonic.com\/tr\/\" target=\"_blank\" rel=\"noopener noreferrer\"><img loading=\"lazy\" decoding=\"async\" class=\"sponsor aligncenter\" src=\"https:\/\/www.tbd.org.tr\/logolar\/pnsnc-logo.jpg\" width=\"200\" height=\"200\" \/><\/a>[\/vc_column_text][\/vc_column][vc_column width=&#8221;1\/5&#8243;][vc_column_text]<a href=\"https:\/\/www.turksat.com.tr\/tr\" target=\"_blank\" rel=\"noopener noreferrer\"><img loading=\"lazy\" decoding=\"async\" class=\"sponsor aligncenter\" src=\"https:\/\/www.tbd.org.tr\/logolar\/turksat-logo.jpg\" width=\"200\" height=\"200\" \/><\/a>[\/vc_column_text][\/vc_column][\/vc_row][vc_row][vc_column][vc_custom_heading text=&#8221;STAND SPONSORU&#8221; font_container=&#8221;tag:h2|text_align:center&#8221; use_theme_fonts=&#8221;yes&#8221;][\/vc_column][vc_column width=&#8221;1\/5&#8243;][vc_column_text]<a href=\"http:\/\/www.artifeks.com\/\" target=\"_blank\" rel=\"noopener noreferrer\"><img loading=\"lazy\" decoding=\"async\" class=\"sponsor aligncenter\" src=\"https:\/\/www.tbd.org.tr\/logolar\/artifeks-logo.jpg\" width=\"200\" height=\"200\" \/><\/a>[\/vc_column_text][\/vc_column][vc_column width=&#8221;1\/5&#8243;][vc_column_text]<a href=\"https:\/\/www.atarlabs.io\" target=\"_blank\" rel=\"noopener noreferrer\"><img loading=\"lazy\" decoding=\"async\" class=\"sponsor aligncenter\" src=\"https:\/\/www.tbd.org.tr\/logolar\/atarlabs-logo.jpg\" width=\"200\" height=\"200\" \/><\/a>[\/vc_column_text][\/vc_column][vc_column width=&#8221;1\/5&#8243;][vc_column_text]<a href=\"https:\/\/www.barikat.com.tr\/\" target=\"_blank\" rel=\"noopener noreferrer\"><img loading=\"lazy\" decoding=\"async\" class=\"sponsor aligncenter\" src=\"https:\/\/www.tbd.org.tr\/logolar\/barikat-logo.jpg\" width=\"200\" height=\"200\" \/><\/a>[\/vc_column_text][\/vc_column][vc_column width=&#8221;1\/5&#8243;][vc_column_text]<a href=\"https:\/\/www.beamteknoloji.com\/\" target=\"_blank\" rel=\"noopener noreferrer\"><img loading=\"lazy\" decoding=\"async\" class=\"sponsor aligncenter\" src=\"https:\/\/www.tbd.org.tr\/logolar\/beam-teknoloji-logo.jpg\" width=\"200\" height=\"200\" \/><\/a>[\/vc_column_text][\/vc_column][vc_column width=&#8221;1\/5&#8243;][vc_column_text]<a href=\"https:\/\/bilisim.com.tr\/\" target=\"_blank\" rel=\"noopener noreferrer\"><img loading=\"lazy\" decoding=\"async\" class=\"sponsor aligncenter\" src=\"https:\/\/www.tbd.org.tr\/logolar\/bilisim-as-logo.jpg\" width=\"200\" height=\"200\" \/><\/a>[\/vc_column_text][\/vc_column][\/vc_row][vc_row][vc_column width=&#8221;1\/5&#8243;][vc_column_text]<a href=\"https:\/\/canovate.com\/tr\/\" target=\"_blank\" rel=\"noopener noreferrer\"><img loading=\"lazy\" decoding=\"async\" class=\"sponsor aligncenter\" src=\"https:\/\/www.tbd.org.tr\/logolar\/canovate-logo.jpg\" width=\"200\" height=\"200\" \/><\/a>[\/vc_column_text][\/vc_column][vc_column width=&#8221;1\/5&#8243;][vc_column_text]<a href=\"https:\/\/emfayazilim.com\/\" target=\"_blank\" rel=\"noopener noreferrer\"><img loading=\"lazy\" decoding=\"async\" class=\"sponsor aligncenter\" src=\"https:\/\/www.tbd.org.tr\/logolar\/emfa-logo.jpg\" width=\"200\" height=\"200\" \/><\/a>[\/vc_column_text][\/vc_column][vc_column width=&#8221;1\/5&#8243;][vc_column_text]<a href=\"https:\/\/globalnet.com.tr\/\" target=\"_blank\" rel=\"noopener noreferrer\"><img loading=\"lazy\" decoding=\"async\" class=\"sponsor aligncenter\" src=\"https:\/\/www.tbd.org.tr\/logolar\/globalnet-logo.jpg\" width=\"200\" height=\"200\" \/><\/a>[\/vc_column_text][\/vc_column][vc_column width=&#8221;1\/5&#8243;][vc_column_text]<a href=\"http:\/\/labrisnetworks.com\/tr\/\" target=\"_blank\" rel=\"noopener noreferrer\"><img loading=\"lazy\" decoding=\"async\" class=\"sponsor aligncenter\" src=\"https:\/\/www.tbd.org.tr\/logolar\/labris-logo.jpg\" width=\"200\" height=\"200\" \/><\/a>[\/vc_column_text][\/vc_column][vc_column width=&#8221;1\/5&#8243;][\/vc_column][\/vc_row][vc_row][vc_column][vc_custom_heading text=&#8221;YAKA KARTI SPONSORU&#8221; font_container=&#8221;tag:h2|text_align:center&#8221; use_theme_fonts=&#8221;yes&#8221;][\/vc_column][vc_column width=&#8221;1\/5&#8243;][\/vc_column][vc_column width=&#8221;1\/5&#8243;][\/vc_column][vc_column width=&#8221;1\/5&#8243;][vc_column_text]<a href=\"https:\/\/ydyazilim.com\/\" target=\"_blank\" rel=\"noopener noreferrer\"><img loading=\"lazy\" decoding=\"async\" class=\"sponsor aligncenter\" src=\"https:\/\/www.tbd.org.tr\/logolar\/yd-yazilim-logo.jpg\" width=\"200\" height=\"200\" \/><\/a>[\/vc_column_text][\/vc_column][vc_column width=&#8221;1\/5&#8243;][\/vc_column][vc_column width=&#8221;1\/5&#8243;][\/vc_column][\/vc_row][vc_row][vc_column][vc_custom_heading text=&#8221;BASIN MEDYA SPONSORU&#8221; font_container=&#8221;tag:h2|text_align:center&#8221; use_theme_fonts=&#8221;yes&#8221;][\/vc_column][vc_column width=&#8221;1\/6&#8243;][\/vc_column][vc_column width=&#8221;1\/6&#8243;][\/vc_column][vc_column width=&#8221;1\/5&#8243;][vc_column_text]<a href=\"https:\/\/www.akilligundem.com\/\" target=\"_blank\" rel=\"noopener noreferrer\"><img loading=\"lazy\" decoding=\"async\" class=\"sponsor aligncenter\" src=\"https:\/\/www.tbd.org.tr\/logolar\/akilligundem-logo.jpg\" width=\"200\" height=\"200\" \/><\/a>[\/vc_column_text][\/vc_column][vc_column width=&#8221;1\/5&#8243;][vc_column_text]<a href=\"http:\/\/www.ictmedia.com.tr\/\" target=\"_blank\" rel=\"noopener noreferrer\"><img loading=\"lazy\" decoding=\"async\" class=\"sponsor aligncenter\" src=\"https:\/\/www.tbd.org.tr\/logolar\/ict-media-logo.jpg\" width=\"200\" height=\"200\" \/><\/a>[\/vc_column_text][\/vc_column][vc_column width=&#8221;1\/5&#8243;][\/vc_column][\/vc_row][vc_row][vc_column][vc_custom_heading text=&#8221;TEKNOLOJ\u0130 ANA MEDYA SPONSORU&#8221; font_container=&#8221;tag:h2|text_align:center&#8221; use_theme_fonts=&#8221;yes&#8221;][\/vc_column][vc_column width=&#8221;1\/5&#8243;][\/vc_column][vc_column width=&#8221;1\/5&#8243;][\/vc_column][vc_column width=&#8221;1\/5&#8243;][vc_column_text]<a href=\"https:\/\/www.bthaber.com\/\" target=\"_blank\" rel=\"noopener noreferrer\"><img loading=\"lazy\" decoding=\"async\" class=\"sponsor aligncenter\" src=\"https:\/\/www.tbd.org.tr\/logolar\/bthbaber-logo.jpg\" width=\"200\" height=\"200\" \/><\/a>[\/vc_column_text][\/vc_column][vc_column width=&#8221;1\/5&#8243;][\/vc_column][vc_column width=&#8221;1\/5&#8243;][\/vc_column][\/vc_row][vc_row][vc_column][vc_custom_heading text=&#8221;DESTEKLEYEN SPONSORLAR&#8221; font_container=&#8221;tag:h2|text_align:center&#8221; use_theme_fonts=&#8221;yes&#8221;][\/vc_column][vc_column width=&#8221;1\/6&#8243;][\/vc_column][vc_column width=&#8221;1\/6&#8243;][\/vc_column][vc_column width=&#8221;1\/5&#8243;][vc_column_text]<a href=\"http:\/\/www.probilisim.com.tr\/index.php\" target=\"_blank\" rel=\"noopener noreferrer\"><img loading=\"lazy\" decoding=\"async\" class=\"sponsor aligncenter\" src=\"https:\/\/www.tbd.org.tr\/logolar\/probilisim-logo.jpg\" width=\"200\" height=\"200\" \/><\/a>[\/vc_column_text][\/vc_column][vc_column width=&#8221;1\/5&#8243;][vc_column_text]<a href=\"https:\/\/www.veriyum.net\/v1\/\" target=\"_blank\" rel=\"noopener noreferrer\"><img loading=\"lazy\" decoding=\"async\" class=\"sponsor aligncenter\" src=\"https:\/\/www.tbd.org.tr\/logolar\/veriyum-logo.jpg\" width=\"200\" height=\"200\" \/><\/a>[\/vc_column_text][\/vc_column][vc_column width=&#8221;1\/5&#8243;][\/vc_column][\/vc_row][vc_row][vc_column][vc_separator][\/vc_column][\/vc_row][vc_row][vc_column width=&#8221;1\/5&#8243;][\/vc_column][vc_column width=&#8221;1\/5&#8243;][\/vc_column][vc_column width=&#8221;1\/5&#8243;][\/vc_column][vc_column width=&#8221;1\/5&#8243;][\/vc_column][vc_column width=&#8221;1\/5&#8243;][\/vc_column][\/vc_row][vc_row][vc_column][vc_separator][\/vc_column][\/vc_row]<\/p>\n","protected":false},"excerpt":{"rendered":"<p>[vc_row full_width=&#8221;stretch_row_content_no_spaces&#8221; rtl_reverse=&#8221;yes&#8221; css=&#8221;.vc_custom_1555071730414{padding-top: 50px !important;background: #000720 url(https:\/\/www.kamu-bib.org.tr\/kamubib-21\/wp-content\/uploads\/2019\/03\/kamu-bib-21.jpeg?id=646) !important;background-position: center !important;background-repeat: no-repeat !important;background-size: contain !important;}&#8221;][vc_column][rev_slider_vc alias=&#8221;anasayfa-g&#8221;][\/vc_column][\/vc_row][vc_row][vc_column][vc_custom_heading text=&#8221;ANA SPONSOR&#8221; font_container=&#8221;tag:h2|text_align:center&#8221; use_theme_fonts=&#8221;yes&#8221;][\/vc_column][vc_column width=&#8221;1\/5&#8243;][\/vc_column][vc_column width=&#8221;1\/5&#8243;][\/vc_column][vc_column width=&#8221;1\/5&#8243;][vc_column_text][\/vc_column_text][\/vc_column][vc_column width=&#8221;1\/5&#8243;][\/vc_column][vc_column width=&#8221;1\/5&#8243;][\/vc_column][\/vc_row][vc_row][vc_column][vc_custom_heading text=&#8221;PLAT\u0130N SPONSOR&#8221; font_container=&#8221;tag:h2|text_align:center&#8221; use_theme_fonts=&#8221;yes&#8221;][\/vc_column][vc_column width=&#8221;1\/5&#8243;][vc_column_text][\/vc_column_text][\/vc_column][vc_column width=&#8221;1\/5&#8243;][vc_column_text][\/vc_column_text][\/vc_column][vc_column width=&#8221;1\/5&#8243;][vc_column_text][\/vc_column_text][\/vc_column][vc_column width=&#8221;1\/5&#8243;][vc_column_text][\/vc_column_text][\/vc_column][\/vc_row][vc_row][vc_column][vc_custom_heading text=&#8221;ALTIN SPONSOR&#8221; font_container=&#8221;tag:h2|text_align:center&#8221; use_theme_fonts=&#8221;yes&#8221;][\/vc_column][vc_column width=&#8221;1\/5&#8243;][vc_column_text][\/vc_column_text][\/vc_column][vc_column width=&#8221;1\/5&#8243;][vc_column_text][\/vc_column_text][\/vc_column][vc_column width=&#8221;1\/5&#8243;][vc_column_text][\/vc_column_text][\/vc_column][vc_column width=&#8221;1\/5&#8243;][vc_column_text][\/vc_column_text][\/vc_column][vc_column width=&#8221;1\/5&#8243;][vc_column_text][\/vc_column_text][\/vc_column][\/vc_row][vc_row][vc_column][vc_custom_heading text=&#8221;G\u00dcM\u00dc\u015e SPONSOR&#8221; font_container=&#8221;tag:h2|text_align:center&#8221; use_theme_fonts=&#8221;yes&#8221;][\/vc_column][vc_column width=&#8221;1\/5&#8243;][vc_column_text][\/vc_column_text][\/vc_column][vc_column width=&#8221;1\/5&#8243;][vc_column_text][\/vc_column_text][\/vc_column][vc_column width=&#8221;1\/5&#8243;][vc_column_text][\/vc_column_text][\/vc_column][vc_column width=&#8221;1\/5&#8243;][vc_column_text][\/vc_column_text][\/vc_column][vc_column width=&#8221;1\/5&#8243;][vc_column_text][\/vc_column_text][\/vc_column][\/vc_row][vc_row][vc_column][vc_custom_heading text=&#8221;STAND SPONSORU&#8221; font_container=&#8221;tag:h2|text_align:center&#8221; use_theme_fonts=&#8221;yes&#8221;][\/vc_column][vc_column&nbsp;<\/p>\n<p><a class=\"btn btn-style\" href=\"https:\/\/www.kamu-bib.org.tr\/kamubib-21\/sponsorlar\">Continue Reading<\/a><\/p>\n","protected":false},"author":5,"featured_media":0,"parent":0,"menu_order":0,"comment_status":"closed","ping_status":"closed","template":"homepage.php","meta":{"rs_blank_template":"","rs_page_bg_color":"","slide_template_v7":"","footnotes":""},"_links":{"self":[{"href":"https:\/\/www.kamu-bib.org.tr\/kamubib-21\/wp-json\/wp\/v2\/pages\/670"}],"collection":[{"href":"https:\/\/www.kamu-bib.org.tr\/kamubib-21\/wp-json\/wp\/v2\/pages"}],"about":[{"href":"https:\/\/www.kamu-bib.org.tr\/kamubib-21\/wp-json\/wp\/v2\/types\/page"}],"author":[{"embeddable":true,"href":"https:\/\/www.kamu-bib.org.tr\/kamubib-21\/wp-json\/wp\/v2\/users\/5"}],"replies":[{"embeddable":true,"href":"https:\/\/www.kamu-bib.org.tr\/kamubib-21\/wp-json\/wp\/v2\/comments?post=670"}],"version-history":[{"count":56,"href":"https:\/\/www.kamu-bib.org.tr\/kamubib-21\/wp-json\/wp\/v2\/pages\/670\/revisions"}],"predecessor-version":[{"id":868,"href":"https:\/\/www.kamu-bib.org.tr\/kamubib-21\/wp-json\/wp\/v2\/pages\/670\/revisions\/868"}],"wp:attachment":[{"href":"https:\/\/www.kamu-bib.org.tr\/kamubib-21\/wp-json\/wp\/v2\/media?parent=670"}],"curies":[{"name":"wp","href":"https:\/\/api.w.org\/{rel}","templated":true}]}}