{"id":85,"date":"2017-09-27T13:31:23","date_gmt":"2017-09-27T10:31:23","guid":{"rendered":"http:\/\/www.kamu-bib.org.tr\/kamubib-21\/?page_id=85"},"modified":"2019-04-12T15:19:43","modified_gmt":"2019-04-12T12:19:43","slug":"iletisim","status":"publish","type":"page","link":"https:\/\/www.kamu-bib.org.tr\/kamubib-21\/iletisim","title":{"rendered":"\u0130LET\u0130\u015e\u0130M"},"content":{"rendered":"<p>[vc_row full_width=&#8221;stretch_row_content_no_spaces&#8221; css=&#8221;.vc_custom_1555071581464{padding-top: 100px !important;background: #000720 url(https:\/\/www.kamu-bib.org.tr\/kamubib-21\/wp-content\/uploads\/2019\/03\/kamu-bib-21.jpeg?id=646) !important;background-position: center !important;background-repeat: no-repeat !important;background-size: contain !important;}&#8221;][vc_column][rev_slider_vc alias=&#8221;anasayfa-g&#8221;][\/vc_column][\/vc_row][vc_row full_width=&#8221;stretch_row&#8221; css=&#8221;.vc_custom_1506693243611{margin-bottom: 100px !important;}&#8221;][vc_column][vc_single_image image=&#8221;15&#8243; img_size=&#8221;full&#8221;][vc_column_text]<strong>KATILIM<\/strong> <strong>KAYIT<\/strong> <strong>ORGAN\u0130ZASYON, SPONSORLUK<\/strong><\/p>\n<p>Serap ALTAN<\/p>\n<p><a href=\"mailto:\/\/serap.altan@tbd.org.tr\">serap.altan@tbd.org.tr<\/a><\/p>\n<p><strong>\u00a0<\/strong><\/p>\n<p><strong>BASIN<\/strong> <strong>MEDYA<\/strong> <strong>\u0130LET\u0130\u015e\u0130M<\/strong><\/p>\n<p>Ceren TUN\u00c7<\/p>\n<p><a href=\"mailto:ceren.tunc@tbd.org.tr\">ceren.tunc@tbd.org.tr<\/a><\/p>\n<p><strong>\u00a0<\/strong><\/p>\n<p><strong>TBD<\/strong> <strong>GENEL<\/strong> <strong>MERKEZ<\/strong> <strong>\u0130LET\u0130\u015e\u0130M<\/strong><\/p>\n<p><strong>Tel<\/strong><strong> \u00a0\u00a0\u00a0\u00a0 \u00a0\u00a0\u00a0\u00a0\u00a0\u00a0\u00a0\u00a0\u00a0\u00a0\u00a0 :<\/strong> +90 (312) 473 8215<\/p>\n<p><strong>Faks<\/strong><strong>\u00a0\u00a0\u00a0 \u00a0\u00a0\u00a0\u00a0\u00a0\u00a0\u00a0\u00a0\u00a0 : <\/strong>+90 (312) 473 8216<\/p>\n<p><strong>Adres<\/strong><strong>\u00a0\u00a0 \u00a0\u00a0\u00a0\u00a0\u00a0\u00a0\u00a0\u00a0 :\u00a0<\/strong>Ceyhun Atuf Kansu Caddesi 1246. Sokak No:4\/17 Balgat \/ ANKARA<\/p>\n<p>&nbsp;<\/p>\n<p><strong>WEB S\u0130TELER\u0130<\/strong><\/p>\n<p>KAMU-B\u0130B \u00a0\u00a0 : <a href=\"http:\/\/www.kamu-bib.org.tr\/\">www.kamu-bib.org.tr<\/a><\/p>\n<p>TBD \u00a0\u00a0 \u00a0\u00a0\u00a0\u00a0\u00a0\u00a0\u00a0\u00a0\u00a0\u00a0\u00a0 : <a href=\"http:\/\/www.tbd.org.tr\/\">www.tbd.org.tr<\/a><\/p>\n<p>&nbsp;<\/p>\n<p><strong>SOSYAL<\/strong> <strong>MEDYA<\/strong><strong>\u00a0<\/strong><\/p>\n<p>FACEBOOK : <a href=\"https:\/\/facebook.com\/kamubib\">facebook.com\/kamubib<\/a><\/p>\n<p>TWITTER\u00a0\u00a0\u00a0\u00a0 : <a href=\"https:\/\/twitter.com\/kamubib\">twitter.com\/kamubib<\/a><\/p>\n<p>&nbsp;<\/p>\n<p><strong>SOSYAL<\/strong> <strong>MEDYA<\/strong> <strong>ET\u0130KETLER\u0130<\/strong><\/p>\n<p>#KAMUB\u0130B<\/p>\n<p>#KAMUB\u0130B21<\/p>\n<p>#YERL\u0130VEM\u0130LL\u0130TEKNOLOJ\u0130LERZ\u0130RVES\u0130[\/vc_column_text][\/vc_column][\/vc_row]<\/p>\n","protected":false},"excerpt":{"rendered":"<p>[vc_row full_width=&#8221;stretch_row_content_no_spaces&#8221; css=&#8221;.vc_custom_1555071581464{padding-top: 100px !important;background: #000720 url(https:\/\/www.kamu-bib.org.tr\/kamubib-21\/wp-content\/uploads\/2019\/03\/kamu-bib-21.jpeg?id=646) !important;background-position: center !important;background-repeat: no-repeat !important;background-size: contain !important;}&#8221;][vc_column][rev_slider_vc alias=&#8221;anasayfa-g&#8221;][\/vc_column][\/vc_row][vc_row full_width=&#8221;stretch_row&#8221; css=&#8221;.vc_custom_1506693243611{margin-bottom: 100px !important;}&#8221;][vc_column][vc_single_image image=&#8221;15&#8243; img_size=&#8221;full&#8221;][vc_column_text]KATILIM KAYIT ORGAN\u0130ZASYON, SPONSORLUK Serap ALTAN serap.altan@tbd.org.tr \u00a0 BASIN MEDYA \u0130LET\u0130\u015e\u0130M Ceren TUN\u00c7 ceren.tunc@tbd.org.tr \u00a0 TBD GENEL MERKEZ \u0130LET\u0130\u015e\u0130M Tel \u00a0\u00a0\u00a0\u00a0 \u00a0\u00a0\u00a0\u00a0\u00a0\u00a0\u00a0\u00a0\u00a0\u00a0\u00a0 : +90 (312) 473 8215 Faks\u00a0\u00a0\u00a0 \u00a0\u00a0\u00a0\u00a0\u00a0\u00a0\u00a0\u00a0\u00a0 : +90 (312) 473 8216 Adres\u00a0\u00a0&nbsp;<\/p>\n<p><a class=\"btn btn-style\" href=\"https:\/\/www.kamu-bib.org.tr\/kamubib-21\/iletisim\">Continue Reading<\/a><\/p>\n","protected":false},"author":5,"featured_media":0,"parent":0,"menu_order":0,"comment_status":"closed","ping_status":"closed","template":"homepage.php","meta":{"rs_blank_template":"","rs_page_bg_color":"","slide_template_v7":"","footnotes":""},"_links":{"self":[{"href":"https:\/\/www.kamu-bib.org.tr\/kamubib-21\/wp-json\/wp\/v2\/pages\/85"}],"collection":[{"href":"https:\/\/www.kamu-bib.org.tr\/kamubib-21\/wp-json\/wp\/v2\/pages"}],"about":[{"href":"https:\/\/www.kamu-bib.org.tr\/kamubib-21\/wp-json\/wp\/v2\/types\/page"}],"author":[{"embeddable":true,"href":"https:\/\/www.kamu-bib.org.tr\/kamubib-21\/wp-json\/wp\/v2\/users\/5"}],"replies":[{"embeddable":true,"href":"https:\/\/www.kamu-bib.org.tr\/kamubib-21\/wp-json\/wp\/v2\/comments?post=85"}],"version-history":[{"count":14,"href":"https:\/\/www.kamu-bib.org.tr\/kamubib-21\/wp-json\/wp\/v2\/pages\/85\/revisions"}],"predecessor-version":[{"id":839,"href":"https:\/\/www.kamu-bib.org.tr\/kamubib-21\/wp-json\/wp\/v2\/pages\/85\/revisions\/839"}],"wp:attachment":[{"href":"https:\/\/www.kamu-bib.org.tr\/kamubib-21\/wp-json\/wp\/v2\/media?parent=85"}],"curies":[{"name":"wp","href":"https:\/\/api.w.org\/{rel}","templated":true}]}}